{"id":7206,"date":"2025-11-19T18:19:15","date_gmt":"2025-11-19T18:19:15","guid":{"rendered":"https:\/\/www.edusama.com\/yokohama\/"},"modified":"2026-03-25T07:55:58","modified_gmt":"2026-03-25T07:55:58","slug":"yokohama","status":"publish","type":"page","link":"https:\/\/www.edusama.com\/ja\/yokohama\/","title":{"rendered":"Yokohama"},"content":{"rendered":"\t\t<div data-elementor-type=\"wp-page\" data-elementor-id=\"7206\" class=\"elementor elementor-7206 elementor-5982\" data-elementor-post-type=\"page\">\n\t\t\t\t<div class=\"elementor-element elementor-element-30e0abc4 e-con-full e-flex e-con e-parent\" data-id=\"30e0abc4\" data-element_type=\"container\" data-settings=\"{&quot;background_background&quot;:&quot;classic&quot;}\">\n\t\t<div class=\"elementor-element elementor-element-2231ec8b e-con-full e-flex e-con e-child\" data-id=\"2231ec8b\" data-element_type=\"container\">\n\t\t\t\t<div class=\"elementor-element elementor-element-6cbe9b2d elementor-widget elementor-widget-heading\" data-id=\"6cbe9b2d\" data-element_type=\"widget\" data-widget_type=\"heading.default\">\n\t\t\t\t\t<h2 class=\"elementor-heading-title elementor-size-default\">\u6a2a\u6d5c\uff1a\u65e5\u672c\u306e\u56fd\u969b\u8272\u8c4a\u304b\u306a\u6e2f\u306e\u7384\u95a2\u53e3<\/h2>\t\t\t\t<\/div>\n\t\t\t\t<div class=\"elementor-element elementor-element-1eeb0149 elementor-icon-list--layout-inline elementor-align-center elementor-list-item-link-full_width elementor-widget elementor-widget-icon-list\" data-id=\"1eeb0149\" data-element_type=\"widget\" data-widget_type=\"icon-list.default\">\n\t\t\t\t\t\t\t<ul class=\"elementor-icon-list-items elementor-inline-items\">\n\t\t\t\t\t\t\t<li class=\"elementor-icon-list-item elementor-inline-item\">\n\t\t\t\t\t\t\t\t\t\t\t<a href=\"https:\/\/www.edusama.com\/ja\">\n\n\t\t\t\t\t\t\t\t\t\t\t<span class=\"elementor-icon-list-text\">\u30db\u30fc\u30e0\u30da\u30fc\u30b8<\/span>\n\t\t\t\t\t\t\t\t\t\t\t<\/a>\n\t\t\t\t\t\t\t\t\t<\/li>\n\t\t\t\t\t\t\t\t<li class=\"elementor-icon-list-item elementor-inline-item\">\n\t\t\t\t\t\t\t\t\t\t\t<span class=\"elementor-icon-list-icon\">\n\t\t\t\t\t\t\t<svg aria-hidden=\"true\" class=\"e-font-icon-svg e-fas-chevron-right\" viewBox=\"0 0 320 512\" xmlns=\"http:\/\/www.w3.org\/2000\/svg\"><path d=\"M285.476 272.971L91.132 467.314c-9.373 9.373-24.569 9.373-33.941 0l-22.667-22.667c-9.357-9.357-9.375-24.522-.04-33.901L188.505 256 34.484 101.255c-9.335-9.379-9.317-24.544.04-33.901l22.667-22.667c9.373-9.373 24.569-9.373 33.941 0L285.475 239.03c9.373 9.372 9.373 24.568.001 33.941z\"><\/path><\/svg>\t\t\t\t\t\t<\/span>\n\t\t\t\t\t\t\t\t\t\t<span class=\"elementor-icon-list-text\">\u6a2a\u6d5c\uff1a\u65e5\u672c\u306e\u56fd\u969b\u8272\u8c4a\u304b\u306a\u6e2f\u306e\u7384\u95a2\u53e3<\/span>\n\t\t\t\t\t\t\t\t\t<\/li>\n\t\t\t\t\t\t<\/ul>\n\t\t\t\t\t\t<\/div>\n\t\t\t\t<\/div>\n\t\t\t\t<\/div>\n\t\t<div class=\"elementor-element elementor-element-74032fd e-con-full e-flex e-con e-parent\" data-id=\"74032fd\" data-element_type=\"container\">\n\t\t<div class=\"elementor-element elementor-element-3fd58a8 e-con-full e-flex e-con e-child\" data-id=\"3fd58a8\" data-element_type=\"container\">\n\t\t\t\t<div class=\"elementor-element elementor-element-b405621 elementor-arrows-position-inside elementor-pagination-position-outside elementor-widget elementor-widget-image-carousel\" data-id=\"b405621\" data-element_type=\"widget\" data-settings=\"{&quot;slides_to_show&quot;:&quot;1&quot;,&quot;navigation&quot;:&quot;both&quot;,&quot;autoplay&quot;:&quot;yes&quot;,&quot;pause_on_hover&quot;:&quot;yes&quot;,&quot;pause_on_interaction&quot;:&quot;yes&quot;,&quot;autoplay_speed&quot;:5000,&quot;infinite&quot;:&quot;yes&quot;,&quot;effect&quot;:&quot;slide&quot;,&quot;speed&quot;:500}\" data-widget_type=\"image-carousel.default\">\n\t\t\t\t\t\t\t<div class=\"elementor-image-carousel-wrapper swiper\" role=\"region\" aria-roledescription=\"carousel\" aria-label=\"Resim D\u00f6ng\u00fcs\u00fc\" dir=\"ltr\">\n\t\t\t<div class=\"elementor-image-carousel swiper-wrapper\" aria-live=\"off\">\n\t\t\t\t\t\t\t\t<div class=\"swiper-slide\" role=\"group\" aria-roledescription=\"slide\" aria-label=\"1 \/ 5\"><figure class=\"swiper-slide-inner\"><img decoding=\"async\" class=\"swiper-slide-image\" src=\"https:\/\/www.edusama.com\/wp-content\/uploads\/elementor\/thumbs\/Yokohama-4-scaled-rey4k0w10la7o54k3ru4k5ii0t5l2ly0xbumxbxbh4.jpg\" alt=\"Yokohama - 4\" \/><\/figure><\/div><div class=\"swiper-slide\" role=\"group\" aria-roledescription=\"slide\" aria-label=\"2 \/ 5\"><figure class=\"swiper-slide-inner\"><img decoding=\"async\" class=\"swiper-slide-image\" src=\"https:\/\/www.edusama.com\/wp-content\/uploads\/elementor\/thumbs\/Yokohama-5-rey4k2rpe9csbd1tssndp51f7kwbi05hll5lvvuj4o.jpg\" alt=\"Yokohama - 5\" \/><\/figure><\/div><div class=\"swiper-slide\" role=\"group\" aria-roledescription=\"slide\" aria-label=\"3 \/ 5\"><figure class=\"swiper-slide-inner\"><img decoding=\"async\" class=\"swiper-slide-image\" src=\"https:\/\/www.edusama.com\/wp-content\/uploads\/elementor\/thumbs\/Yokohama-1-rey4k4ndrxfcykz3htgmu4kcecn1xecy9ugkufrqs8.jpg\" alt=\"Yokohama - 1\" \/><\/figure><\/div><div class=\"swiper-slide\" role=\"group\" aria-roledescription=\"slide\" aria-label=\"4 \/ 5\"><figure class=\"swiper-slide-inner\"><img decoding=\"async\" class=\"swiper-slide-image\" src=\"https:\/\/www.edusama.com\/wp-content\/uploads\/elementor\/thumbs\/Yokohama-2-scaled-rey4kaaewxn2w8qwkvwe9353ynv97kzcamdhq3jdqw.jpg\" alt=\"Yokohama - 2\" \/><\/figure><\/div><div class=\"swiper-slide\" role=\"group\" aria-roledescription=\"slide\" aria-label=\"5 \/ 5\"><figure class=\"swiper-slide-inner\"><img decoding=\"async\" class=\"swiper-slide-image\" src=\"https:\/\/www.edusama.com\/wp-content\/uploads\/elementor\/thumbs\/Yokohama-3-scaled-rey4kjost9zy4cd91zyny0rpwikxck0nnwwciv5g0o.jpg\" alt=\"Yokohama - 3\" \/><\/figure><\/div>\t\t\t<\/div>\n\t\t\t\t\t\t\t\t\t\t\t\t<div class=\"elementor-swiper-button elementor-swiper-button-prev\" role=\"button\" tabindex=\"0\">\n\t\t\t\t\t\t<svg aria-hidden=\"true\" class=\"e-font-icon-svg e-eicon-chevron-left\" viewBox=\"0 0 1000 1000\" xmlns=\"http:\/\/www.w3.org\/2000\/svg\"><path d=\"M646 125C629 125 613 133 604 142L308 442C296 454 292 471 292 487 292 504 296 521 308 533L604 854C617 867 629 875 646 875 663 875 679 871 692 858 704 846 713 829 713 812 713 796 708 779 692 767L438 487 692 225C700 217 708 204 708 187 708 171 704 154 692 142 675 129 663 125 646 125Z\"><\/path><\/svg>\t\t\t\t\t<\/div>\n\t\t\t\t\t<div class=\"elementor-swiper-button elementor-swiper-button-next\" role=\"button\" tabindex=\"0\">\n\t\t\t\t\t\t<svg aria-hidden=\"true\" class=\"e-font-icon-svg e-eicon-chevron-right\" viewBox=\"0 0 1000 1000\" xmlns=\"http:\/\/www.w3.org\/2000\/svg\"><path d=\"M696 533C708 521 713 504 713 487 713 471 708 454 696 446L400 146C388 133 375 125 354 125 338 125 325 129 313 142 300 154 292 171 292 187 292 204 296 221 308 233L563 492 304 771C292 783 288 800 288 817 288 833 296 850 308 863 321 871 338 875 354 875 371 875 388 867 400 854L696 533Z\"><\/path><\/svg>\t\t\t\t\t<\/div>\n\t\t\t\t\n\t\t\t\t\t\t\t\t\t<div class=\"swiper-pagination\"><\/div>\n\t\t\t\t\t\t\t\t\t<\/div>\n\t\t\t\t\t\t<\/div>\n\t\t\t\t<div class=\"elementor-element elementor-element-55ec82d6 elementor-widget elementor-widget-text-editor\" data-id=\"55ec82d6\" data-element_type=\"widget\" data-widget_type=\"text-editor.default\">\n\t\t\t\t\t\t\t\t\t<p>\u65e5\u672c\u7b2c\u4e8c\u306e\u90fd\u5e02\u3067\u3042\u308a\u3001\u795e\u5948\u5ddd\u770c\u306e\u770c\u5e81\u6240\u5728\u5730\u3067\u3042\u308b\u6a2a\u6d5c\u306f\u3001\u6771\u4eac\u304b\u3089\u5357\u3078\u7d0430\u5206\u3001\u6771\u4eac\u6e7e\u306b\u9762\u3057\u305f\u6d3b\u6c17\u3042\u308b\u5927\u90fd\u5e02\u3067\u3059\u3002\u6a2a\u6d5c\u306f\u3001\u5de5\u696d\u30fb\u5546\u696d\u306e\u4e2d\u5fc3\u5730\u3067\u3042\u308b\u3060\u3051\u3067\u306a\u304f\u3001\u660e\u6cbb\u7dad\u65b0\u671f\u306b\u65e5\u672c\u306e\u8fd1\u4ee3\u5316\u304c\u59cb\u307e\u3063\u305f\u5730\u306e\u4e00\u3064\u3068\u3057\u3066\u3001\u6df1\u3044\u6b74\u53f2\u7684\u610f\u7fa9\u3092\u6301\u3064\u56fd\u969b\u7684\u306a\u6e2f\u753a\u3067\u3059\u3002<\/p><p>1859\u5e74\u3001\u65e5\u672c\u304c\u7d04200\u5e74\u306b\u308f\u305f\u308b\u9396\u56fd\u653f\u7b56\u3092\u7d42\u3048\u3066\u958b\u6e2f\u3057\u305f\u6700\u521d\u671f\u306e\u6e2f\u306e\u4e00\u3064\u3068\u306a\u3063\u305f\u6a2a\u6d5c\u306f\u3001\u305d\u308c\u4ee5\u6765\u3001\u897f\u6d0b\u4e16\u754c\u3068\u65e5\u672c\u3092\u7d50\u3076\u67b6\u3051\u6a4b\u3068\u3057\u3066\u306e\u5f79\u5272\u3092\u679c\u305f\u3057\u3066\u304d\u307e\u3057\u305f\u3002\u3053\u306e\u56fd\u969b\u7684\u306a\u4ea4\u6d41\u306f\u3001\u8857\u306e\u5efa\u7bc9\u3001\u6587\u5316\u3001\u305d\u3057\u3066\u98df\u6587\u5316\u306b\u307e\u3067\u3001\u4eca\u3082\u8272\u6fc3\u304f\u5f71\u97ff\u3092\u4e0e\u3048\u3066\u3044\u307e\u3059\u3002<\/p><p><strong>\u8857\u306e\u30ea\u30ba\u30e0\uff1a\u958b\u653e\u7684\u3067\u56fd\u969b\u7684\u3001\u305d\u3057\u3066\u9769\u65b0\u7684<\/strong><\/p><p>\u6771\u4eac\u306e\u5bc6\u96c6\u3057\u305f\u614c\u305f\u3060\u3057\u3044\u30c6\u30f3\u30dd\u3068\u306f\u5bfe\u7167\u7684\u306b\u3001\u6a2a\u6d5c\u306f\u3088\u308a\u5e83\u304c\u308a\u306e\u3042\u308b\u3001\u958b\u653e\u7684\u3067\u843d\u3061\u7740\u3044\u305f\u96f0\u56f2\u6c17\u3092\u6301\u3063\u3066\u3044\u307e\u3059\u3002<\/p><ul><li><strong>\u30b3\u30b9\u30e2\u30dd\u30ea\u30bf\u30f3\u306a\u66ae\u3089\u3057\uff1a<\/strong> \u6e2f\u753a\u3068\u3057\u3066\u306e\u80cc\u666f\u304c\u3001\u6a2a\u6d5c\u306b\u958b\u653e\u7684\u3067\u56fd\u969b\u8272\u8c4a\u304b\u306a\u500b\u6027\u3092\u3082\u305f\u3089\u3057\u307e\u3057\u305f\u3002\u5916\u56fd\u4eba\u5c45\u4f4f\u8005\u306e\u591a\u3044\u5730\u57df\u3084\u30a4\u30f3\u30bf\u30fc\u30ca\u30b7\u30e7\u30ca\u30eb\u30b9\u30af\u30fc\u30eb\u304c\u3001\u3053\u306e\u591a\u6587\u5316\u7684\u306a\u74b0\u5883\u3092\u652f\u3048\u3066\u3044\u307e\u3059\u3002<\/li><li><strong>\u6d77\u3068\u90fd\u5e02\u751f\u6d3b\uff1a<\/strong> \u5e83\u3044\u6d77\u5cb8\u7dda\u3084\u516c\u5712\u3001\u958b\u653e\u7684\u306a\u7a7a\u9593\u304c\u6574\u3044\u3001\u6d77\u8fba\u3067\u904e\u3054\u3059\u65e5\u5e38\u3092\u53ef\u80fd\u306b\u3057\u3066\u3044\u307e\u3059\u3002\u3053\u308c\u306f\u6771\u4eac\u3067\u306f\u5f97\u304c\u305f\u3044\u3082\u306e\u3067\u3059\u3002<\/li><li><strong>\u9769\u65b0\u306e\u62e0\u70b9\uff1a<\/strong> \u6a2a\u6d5c\u306f\u3001\u65e5\u672c\u521d\u306e\u30d3\u30fc\u30eb\u3001\u521d\u306e\u30a2\u30a4\u30b9\u30af\u30ea\u30fc\u30e0\u3001\u521d\u306e\u82f1\u5b57\u65b0\u805e\u3001\u305d\u3057\u3066\u6771\u4eac\u3078\u3068\u3064\u306a\u304c\u308b\u6700\u521d\u306e\u9244\u9053\u8def\u7dda\u306a\u3069\u3001\u591a\u304f\u306e\u300c\u65e5\u672c\u521d\u300d\u3092\u751f\u307f\u51fa\u3057\u3066\u304d\u307e\u3057\u305f\u3002\u305d\u306e\u9769\u65b0\u7684\u306a\u7cbe\u795e\u306f\u3001\u73fe\u4ee3\u306e\u90fd\u5e02\u8a08\u753b\u306b\u3082\u53d7\u3051\u7d99\u304c\u308c\u3066\u3044\u307e\u3059\u3002<\/li><\/ul><p><strong>\u8fd1\u4ee3\u7684\u306a\u30b9\u30ab\u30a4\u30e9\u30a4\u30f3\u3068\u6b74\u53f2\u7684\u907a\u7523<\/strong><\/p><p>\u6a2a\u6d5c\u306f\u3001\u65e5\u672c\u3092\u4ee3\u8868\u3059\u308b\u8fd1\u4ee3\u7684\u306a\u90fd\u5e02\u306e\u666f\u89b3\u3068\u3001\u8c4a\u304b\u306a\u6b74\u53f2\u7684\u80cc\u666f\u3092\u898b\u4e8b\u306b\u878d\u5408\u3055\u305b\u3066\u3044\u307e\u3059\u3002<\/p><p><strong>\u307f\u306a\u3068\u307f\u3089\u304421<\/strong><\/p><p>\u300c\u672a\u6765\u306e\u6e2f\u300d\u3092\u610f\u5473\u3059\u308b\u3053\u306e\u30a8\u30ea\u30a2\u306f\u3001\u6a2a\u6d5c\u306e\u73fe\u4ee3\u7684\u306a\u9854\u3092\u8c61\u5fb4\u3057\u3066\u3044\u307e\u3059\u3002\u5370\u8c61\u7684\u306a\u9ad8\u5c64\u5efa\u7bc9\u3001\u30e9\u30b0\u30b8\u30e5\u30a2\u30ea\u30fc\u30db\u30c6\u30eb\u3001\u5546\u696d\u65bd\u8a2d\u3001\u7f8e\u8853\u9928\u304c\u96c6\u307e\u3063\u3066\u3044\u307e\u3059\u3002\u30b7\u30f3\u30dc\u30eb\u3067\u3042\u308b\u6a2a\u6d5c\u30e9\u30f3\u30c9\u30de\u30fc\u30af\u30bf\u30ef\u30fc\u306f\u65e5\u672c\u6709\u6570\u306e\u9ad8\u5c64\u30d3\u30eb\u3067\u3001\u30b9\u30ab\u30a4\u30ac\u30fc\u30c7\u30f3\u304b\u3089\u306f\u7d20\u6674\u3089\u3057\u3044\u5e02\u8857\u5730\u306e\u773a\u671b\u3092\u697d\u3057\u3081\u307e\u3059\u3002<\/p><p><strong>\u6a2a\u6d5c\u4e2d\u83ef\u8857<\/strong><\/p><p>\u65e5\u672c\u6700\u5927\u7d1a\u3001\u305d\u3057\u3066\u4e16\u754c\u6709\u6570\u306e\u898f\u6a21\u3092\u8a87\u308b\u4e2d\u83ef\u8857\u3067\u3059\u3002\u6570\u767e\u8ed2\u306e\u30ec\u30b9\u30c8\u30e9\u30f3\u3084\u5c4b\u53f0\u3001\u8272\u9bae\u3084\u304b\u306a\u5bfa\u9662\u304c\u7acb\u3061\u4e26\u3073\u3001\u6a2a\u6d5c\u306e\u591a\u6587\u5316\u7684\u306a\u6b74\u53f2\u3092\u4eca\u306b\u4f1d\u3048\u308b\u6d3b\u6c17\u3042\u3075\u308c\u308b\u30a8\u30ea\u30a2\u3067\u3059\u3002<\/p><p><strong>\u5c71\u4e0b\u516c\u5712\u3068\u6d77\u5cb8\u30a8\u30ea\u30a2<\/strong><\/p><p>\u6e7e\u5cb8\u306b\u6cbf\u3063\u3066\u5e83\u304c\u308b\u3053\u306e\u5927\u898f\u6a21\u306a\u516c\u5712\u306f\u30011923\u5e74\u306e\u95a2\u6771\u5927\u9707\u707d\u306e\u74e6\u792b\u3092\u5229\u7528\u3057\u3066\u6574\u5099\u3055\u308c\u307e\u3057\u305f\u3002\u6e2f\u306e\u666f\u8272\u306b\u52a0\u3048\u3001\u8c61\u5fb4\u7684\u306a\u8d64\u30ec\u30f3\u30ac\u5009\u5eab\u3084\u3001\u6052\u4e45\u7684\u306b\u4fc2\u7559\u3055\u308c\u305f\u6b74\u53f2\u7684\u5ba2\u8239\u6c37\u5ddd\u4e38\u3092\u671b\u3080\u3053\u3068\u304c\u3067\u304d\u307e\u3059\u3002<\/p><p><strong>\u4e09\u6eaa\u5712<\/strong><\/p><p>\u5e02\u306e\u8fd1\u4ee3\u7684\u4e2d\u5fc3\u90e8\u304b\u3089\u5c11\u3057\u96e2\u308c\u305f\u5834\u6240\u306b\u3042\u308b\u3001\u9759\u5bc2\u306b\u6e80\u3061\u305f\u65e5\u672c\u5ead\u5712\u3067\u3059\u3002\u5712\u5185\u306b\u306f\u3001\u5168\u56fd\u5404\u5730\u304b\u3089\u79fb\u7bc9\u3055\u308c\u305f\u6b74\u53f2\u7684\u5efa\u9020\u7269\u304c\u70b9\u5728\u3057\u3001\u5854\u3084\u8336\u5ba4\u3001\u6b66\u5bb6\u5c4b\u6577\u306a\u3069\u3092\u898b\u308b\u3053\u3068\u304c\u3067\u304d\u307e\u3059\u3002<\/p><p><strong>\u98df\u6587\u5316\uff1a\u6e2f\u753a\u306e\u5473\u899a\u3068\u53d7\u3051\u7d99\u304c\u308c\u308b\u98df\u306e\u6b74\u53f2<\/strong><\/p><p>\u6a2a\u6d5c\u306e\u56fd\u969b\u7684\u306a\u6b74\u53f2\u306f\u3001\u305d\u306e\u98df\u6587\u5316\u306b\u3082\u8272\u6fc3\u304f\u53cd\u6620\u3055\u308c\u3066\u3044\u307e\u3059\u3002\u897f\u6d0b\u6599\u7406\u3092\u65e5\u672c\u306e\u5473\u899a\u306b\u5408\u308f\u305b\u305f\u300c\u6d0b\u98df\u300d\u6587\u5316\u306e\u91cd\u8981\u306a\u4e2d\u5fc3\u5730\u306e\u4e00\u3064\u3067\u3059\u3002<\/p><p><strong>\u9eba\u306e\u30df\u30e5\u30fc\u30b8\u30a2\u30e0\uff1a<\/strong> \u6a2a\u6d5c\u306b\u306f\u3001\u98df\u3092\u30c6\u30fc\u30de\u306b\u3057\u305f\u30e6\u30cb\u30fc\u30af\u306a\u535a\u7269\u9928\u304c\u3042\u308a\u307e\u3059\u3002\u30ab\u30c3\u30d7\u30cc\u30fc\u30c9\u30eb\u30df\u30e5\u30fc\u30b8\u30a2\u30e0\u306f\u3001\u30a4\u30f3\u30b9\u30bf\u30f3\u30c8\u30e9\u30fc\u30e1\u30f3\u306e\u6b74\u53f2\u3068\u305d\u306e\u767a\u660e\u8005\u3067\u3042\u308b\u5b89\u85e4\u767e\u798f\u3092\u79f0\u3048\u3066\u3044\u307e\u3059\u3002\u4e00\u65b9\u3001\u65b0\u6a2a\u6d5c\u30e9\u30fc\u30e1\u30f3\u535a\u7269\u9928\u3067\u306f\u30011950\u5e74\u4ee3\u306e\u65e5\u672c\u3092\u518d\u73fe\u3057\u305f\u7a7a\u9593\u306e\u4e2d\u3067\u3001\u5168\u56fd\u5404\u5730\u306e\u30e9\u30fc\u30e1\u30f3\u3092\u5473\u308f\u3046\u3053\u3068\u304c\u3067\u304d\u307e\u3059\u3002<\/p><p><strong>\u4e2d\u83ef\u8857\u306e\u5473\u899a\uff1a<\/strong> \u8089\u307e\u3093\uff08\u306b\u304f\u307e\u3093\uff09\u3001\u9903\u5b50\u3001\u305d\u3057\u3066\u6570\u3048\u5207\u308c\u306a\u3044\u307b\u3069\u306e\u5c4b\u53f0\u6599\u7406\u304c\u3001\u4e2d\u83ef\u8857\u3092\u4e00\u5927\u30b0\u30eb\u30e1\u30b9\u30dd\u30c3\u30c8\u306b\u3057\u3066\u3044\u307e\u3059\u3002<\/p><p>\u6a2a\u6d5c\u306f\u6771\u4eac\u306e\u3059\u3050\u96a3\u306b\u3042\u308a\u306a\u304c\u3089\u3001\u958b\u653e\u7684\u306a\u6d77\u6cbf\u3044\u306e\u666f\u89b3\u3001\u56fd\u969b\u8272\u8c4a\u304b\u306a\u6b74\u53f2\u3001\u305d\u3057\u3066\u72ec\u81ea\u306e\u3086\u3063\u305f\u308a\u3068\u3057\u305f\u30e9\u30a4\u30d5\u30b9\u30bf\u30a4\u30eb\u306b\u3088\u3063\u3066\u3001\u307e\u3063\u305f\u304f\u7570\u306a\u308b\u9b45\u529b\u3092\u6301\u3064\u3001\u8a2a\u308c\u308b\u4fa1\u5024\u306e\u9ad8\u3044\u90fd\u5e02\u3067\u3059\u3002<\/p>\t\t\t\t\t\t\t\t<\/div>\n\t\t\t\t<\/div>\n\t\t\t\t<\/div>\n\t\t\t\t<\/div>\n\t\t","protected":false},"excerpt":{"rendered":"<p>\u6a2a\u6d5c\uff1a\u65e5\u672c\u306e\u56fd\u969b\u8272\u8c4a\u304b\u306a\u6e2f\u306e\u7384\u95a2\u53e3 \u30db\u30fc\u30e0\u30da\u30fc\u30b8 \u6a2a\u6d5c\uff1a\u65e5\u672c\u306e\u56fd\u969b\u8272\u8c4a\u304b\u306a\u6e2f\u306e\u7384\u95a2\u53e3 \u65e5\u672c\u7b2c\u4e8c\u306e\u90fd\u5e02\u3067\u3042\u308a\u3001\u795e\u5948\u5ddd\u770c\u306e\u770c\u5e81\u6240\u5728\u5730\u3067\u3042\u308b\u6a2a\u6d5c\u306f\u3001\u6771\u4eac\u304b\u3089\u5357\u3078\u7d0430\u5206\u3001\u6771\u4eac\u6e7e\u306b\u9762\u3057\u305f\u6d3b\u6c17\u3042\u308b\u5927\u90fd\u5e02\u3067\u3059\u3002\u6a2a\u6d5c\u306f\u3001\u5de5\u696d\u30fb\u5546\u696d\u306e\u4e2d [&hellip;]<\/p>\n","protected":false},"author":1,"featured_media":0,"parent":0,"menu_order":0,"comment_status":"closed","ping_status":"closed","template":"","meta":{"footnotes":""},"class_list":["post-7206","page","type-page","status-publish","hentry"],"_links":{"self":[{"href":"https:\/\/www.edusama.com\/ja\/wp-json\/wp\/v2\/pages\/7206","targetHints":{"allow":["GET"]}}],"collection":[{"href":"https:\/\/www.edusama.com\/ja\/wp-json\/wp\/v2\/pages"}],"about":[{"href":"https:\/\/www.edusama.com\/ja\/wp-json\/wp\/v2\/types\/page"}],"author":[{"embeddable":true,"href":"https:\/\/www.edusama.com\/ja\/wp-json\/wp\/v2\/users\/1"}],"replies":[{"embeddable":true,"href":"https:\/\/www.edusama.com\/ja\/wp-json\/wp\/v2\/comments?post=7206"}],"version-history":[{"count":6,"href":"https:\/\/www.edusama.com\/ja\/wp-json\/wp\/v2\/pages\/7206\/revisions"}],"predecessor-version":[{"id":7269,"href":"https:\/\/www.edusama.com\/ja\/wp-json\/wp\/v2\/pages\/7206\/revisions\/7269"}],"wp:attachment":[{"href":"https:\/\/www.edusama.com\/ja\/wp-json\/wp\/v2\/media?parent=7206"}],"curies":[{"name":"wp","href":"https:\/\/api.w.org\/{rel}","templated":true}]}}