{"id":7198,"date":"2025-11-19T18:17:47","date_gmt":"2025-11-19T18:17:47","guid":{"rendered":"https:\/\/www.edusama.com\/tochigi\/"},"modified":"2026-03-25T07:54:22","modified_gmt":"2026-03-25T07:54:22","slug":"tochigi","status":"publish","type":"page","link":"https:\/\/www.edusama.com\/ja\/tochigi\/","title":{"rendered":"Tochigi"},"content":{"rendered":"\t\t<div data-elementor-type=\"wp-page\" data-elementor-id=\"7198\" class=\"elementor elementor-7198 elementor-5973\" data-elementor-post-type=\"page\">\n\t\t\t\t<div class=\"elementor-element elementor-element-3267cefb e-con-full e-flex e-con e-parent\" data-id=\"3267cefb\" data-element_type=\"container\" data-settings=\"{&quot;background_background&quot;:&quot;classic&quot;}\">\n\t\t<div class=\"elementor-element elementor-element-3ed70178 e-con-full e-flex e-con e-child\" data-id=\"3ed70178\" data-element_type=\"container\">\n\t\t\t\t<div class=\"elementor-element elementor-element-13930de7 elementor-widget elementor-widget-heading\" data-id=\"13930de7\" data-element_type=\"widget\" data-widget_type=\"heading.default\">\n\t\t\t\t\t<h2 class=\"elementor-heading-title elementor-size-default\">\u6803\u6728\u770c\uff1a\u5927\u81ea\u7136\u3068\u65e5\u672c\u306e\u8056\u5730<\/h2>\t\t\t\t<\/div>\n\t\t\t\t<div class=\"elementor-element elementor-element-556dc94f elementor-icon-list--layout-inline elementor-align-center elementor-list-item-link-full_width elementor-widget elementor-widget-icon-list\" data-id=\"556dc94f\" data-element_type=\"widget\" data-widget_type=\"icon-list.default\">\n\t\t\t\t\t\t\t<ul class=\"elementor-icon-list-items elementor-inline-items\">\n\t\t\t\t\t\t\t<li class=\"elementor-icon-list-item elementor-inline-item\">\n\t\t\t\t\t\t\t\t\t\t\t<a href=\"https:\/\/www.edusama.com\/ja\">\n\n\t\t\t\t\t\t\t\t\t\t\t<span class=\"elementor-icon-list-text\">\u30db\u30fc\u30e0\u30da\u30fc\u30b8<\/span>\n\t\t\t\t\t\t\t\t\t\t\t<\/a>\n\t\t\t\t\t\t\t\t\t<\/li>\n\t\t\t\t\t\t\t\t<li class=\"elementor-icon-list-item elementor-inline-item\">\n\t\t\t\t\t\t\t\t\t\t\t<span class=\"elementor-icon-list-icon\">\n\t\t\t\t\t\t\t<svg aria-hidden=\"true\" class=\"e-font-icon-svg e-fas-chevron-right\" viewBox=\"0 0 320 512\" xmlns=\"http:\/\/www.w3.org\/2000\/svg\"><path d=\"M285.476 272.971L91.132 467.314c-9.373 9.373-24.569 9.373-33.941 0l-22.667-22.667c-9.357-9.357-9.375-24.522-.04-33.901L188.505 256 34.484 101.255c-9.335-9.379-9.317-24.544.04-33.901l22.667-22.667c9.373-9.373 24.569-9.373 33.941 0L285.475 239.03c9.373 9.372 9.373 24.568.001 33.941z\"><\/path><\/svg>\t\t\t\t\t\t<\/span>\n\t\t\t\t\t\t\t\t\t\t<span class=\"elementor-icon-list-text\">\u6803\u6728\u770c\uff1a\u5927\u81ea\u7136\u3068\u65e5\u672c\u306e\u8056\u5730<\/span>\n\t\t\t\t\t\t\t\t\t<\/li>\n\t\t\t\t\t\t<\/ul>\n\t\t\t\t\t\t<\/div>\n\t\t\t\t<\/div>\n\t\t\t\t<\/div>\n\t\t<div class=\"elementor-element elementor-element-48ec685c e-con-full e-flex e-con e-parent\" data-id=\"48ec685c\" data-element_type=\"container\">\n\t\t<div class=\"elementor-element elementor-element-4e9aa9f8 e-con-full e-flex e-con e-child\" data-id=\"4e9aa9f8\" data-element_type=\"container\">\n\t\t\t\t<div class=\"elementor-element elementor-element-5e64c18a elementor-arrows-position-inside elementor-pagination-position-outside elementor-widget elementor-widget-image-carousel\" data-id=\"5e64c18a\" data-element_type=\"widget\" data-settings=\"{&quot;slides_to_show&quot;:&quot;1&quot;,&quot;navigation&quot;:&quot;both&quot;,&quot;autoplay&quot;:&quot;yes&quot;,&quot;pause_on_hover&quot;:&quot;yes&quot;,&quot;pause_on_interaction&quot;:&quot;yes&quot;,&quot;autoplay_speed&quot;:5000,&quot;infinite&quot;:&quot;yes&quot;,&quot;effect&quot;:&quot;slide&quot;,&quot;speed&quot;:500}\" data-widget_type=\"image-carousel.default\">\n\t\t\t\t\t\t\t<div class=\"elementor-image-carousel-wrapper swiper\" role=\"region\" aria-roledescription=\"carousel\" aria-label=\"Resim D\u00f6ng\u00fcs\u00fc\" dir=\"ltr\">\n\t\t\t<div class=\"elementor-image-carousel swiper-wrapper\" aria-live=\"off\">\n\t\t\t\t\t\t\t\t<div class=\"swiper-slide\" role=\"group\" aria-roledescription=\"slide\" aria-label=\"1 \/ 1\"><figure class=\"swiper-slide-inner\"><img decoding=\"async\" class=\"swiper-slide-image\" src=\"https:\/\/www.edusama.com\/wp-content\/uploads\/elementor\/thumbs\/Shiga-1-rey4hc2ngnlogb16t3zjxby0u4es1s9o80nmhtwva0.jpg\" alt=\"Shiga\" \/><\/figure><\/div>\t\t\t<\/div>\n\t\t\t\t\t<\/div>\n\t\t\t\t\t\t<\/div>\n\t\t\t\t<div class=\"elementor-element elementor-element-7606c9bd elementor-widget elementor-widget-text-editor\" data-id=\"7606c9bd\" data-element_type=\"widget\" data-widget_type=\"text-editor.default\">\n\t\t\t\t\t\t\t\t\t<p>\u95a2\u6771\u5730\u65b9\u306b\u4f4d\u7f6e\u3057\u3001\u6771\u4eac\u306e\u3059\u3050\u5317\u306b\u5e83\u304c\u308b\u6803\u6728\u770c\u306f\u3001\u65e5\u672c\u5c48\u6307\u306e\u58ee\u5927\u306a\u81ea\u7136\u666f\u89b3\u3068\u3001\u6700\u3082\u795e\u8056\u306a\u6b74\u53f2\u7684\u907a\u7523\u3092\u4f75\u305b\u6301\u3064\u5730\u4e0a\u306e\u697d\u5712\u3067\u3059\u3002\u90fd\u4f1a\u306e\u55a7\u9a12\u304b\u3089\u9003\u308c\u3001\u65e5\u672c\u306e\u6df1\u3044\u7cbe\u795e\u6587\u5316\u306b\u89e6\u308c\u308b\u305f\u3081\u306e\u7406\u60f3\u7684\u306a\u96a0\u308c\u5bb6\u3068\u3044\u3048\u307e\u3059\u3002<\/p><p>\u6803\u6728\u770c\u306f\u3001\u300c\u65e5\u5149\u3092\u898b\u305a\u3057\u3066\u7d50\u69cb\u3068\u8a00\u3046\u306a\u300d\u3068\u3044\u3046\u6709\u540d\u306a\u8a00\u8449\u3092\u751f\u3093\u3060\u3001\u30e6\u30cd\u30b9\u30b3\u4e16\u754c\u907a\u7523\u65e5\u5149\u306e\u5730\u3068\u3057\u3066\u3001\u4e16\u754c\u7684\u306b\u77e5\u3089\u308c\u3066\u3044\u307e\u3059\u3002<\/p><p><strong>\u770c\u306e\u30ea\u30ba\u30e0\uff1a\u56db\u5b63\u3001\u9759\u3051\u3055\u3001\u305d\u3057\u3066\u8fb2\u696d<\/strong><\/p><p>\u6803\u6728\u306e\u66ae\u3089\u3057\u306e\u30ea\u30ba\u30e0\u306f\u3001\u6cbf\u5cb8\u90e8\u306e\u5927\u90fd\u5e02\u3068\u306f\u7570\u306a\u308a\u3001\u306f\u3063\u304d\u308a\u3068\u3057\u305f\u56db\u5b63\u306e\u5faa\u74b0\u306b\u3088\u3063\u3066\u7279\u5fb4\u3065\u3051\u3089\u308c\u307e\u3059\u3002<\/p><ul><li><strong>\u81ea\u7136\u3068\u9759\u5bc2\uff1a<\/strong> \u6803\u6728\u306f\u5c71\u5730\u304c\u5e83\u304c\u308b\u5730\u57df\u3067\u3001\u65e5\u5149\u56fd\u7acb\u516c\u5712\u306e\u5e83\u5927\u306a\u68ee\u6797\u3001\u90a3\u9808\u9ad8\u539f\u306e\u6dbc\u3057\u3044\u6c17\u5019\u3001\u305d\u3057\u3066\u8fb2\u6751\u90e8\u306e\u7a4f\u3084\u304b\u306a\u74b0\u5883\u3092\u4e2d\u5fc3\u306b\u66ae\u3089\u3057\u304c\u55b6\u307e\u308c\u3066\u3044\u307e\u3059\u3002<\/li><li><strong>\u4e8c\u3064\u306e\u9854\uff1a<\/strong> \u770c\u306b\u306f\u5bfe\u7167\u7684\u306a\u4e8c\u3064\u306e\u5074\u9762\u304c\u3042\u308a\u307e\u3059\u3002\u4e00\u65b9\u306b\u306f\u3001\u8fd1\u4ee3\u7523\u696d\u3068\u5546\u696d\u306e\u4e2d\u5fc3\u3067\u3042\u308b\u6d3b\u6c17\u3042\u308b\u5b87\u90fd\u5bae\u5e02\u304c\u3042\u308a\u3001\u3082\u3046\u4e00\u65b9\u306b\u306f\u3001\u7cbe\u795e\u6027\u3084\u6b74\u53f2\u3001\u81ea\u7136\u304c\u8272\u6fc3\u304f\u6b8b\u308b\u65e5\u5149\u3084\u90a3\u9808\u306e\u5730\u57df\u304c\u5e83\u304c\u3063\u3066\u3044\u307e\u3059\u3002<\/li><li><strong>\u8fb2\u696d\u306e\u529b\uff1a<\/strong> \u6803\u6728\u770c\u306f\u8fb2\u696d\u751f\u7523\u3067\u3082\u77e5\u3089\u308c\u3066\u304a\u308a\u3001\u7279\u306b\u65e5\u672c\u6709\u6570\u306e\u54c1\u8cea\u3092\u8a87\u308b\u3044\u3061\u3054\u683d\u57f9\u3084\u3001\u304b\u3093\u3074\u3087\u3046\uff08\u5e72\u74e2\uff09\u306e\u751f\u7523\u3067\u6709\u540d\u3067\u3059\u3002<\/li><\/ul><p><strong>\u4e3b\u8981\u306a\u898b\u3069\u3053\u308d\u3068\u6b74\u53f2\u907a\u7523<\/strong><\/p><p>\u6803\u6728\u306e\u9b45\u529b\u306f\u3001\u770c\u5e81\u6240\u5728\u5730\u30fb\u5b87\u90fd\u5bae\u3088\u308a\u3082\u3001\u770c\u5185\u5404\u5730\u306b\u70b9\u5728\u3059\u308b\u81ea\u7136\u3084\u6b74\u53f2\u306e\u540d\u6240\u306b\u3042\u308a\u307e\u3059\u3002<\/p><p><strong>\u65e5\u5149\uff1a\u30e6\u30cd\u30b9\u30b3\u4e16\u754c\u907a\u7523<\/strong><\/p><p>\u6803\u6728\u306e\u81f3\u5b9d\u3067\u3042\u308b\u65e5\u5149\u306f\u3001\u65e5\u672c\u5efa\u7bc9\u3068\u7f8e\u8853\u306e\u9802\u70b9\u3092\u8c61\u5fb4\u3059\u308b\u5b58\u5728\u3067\u3059\u3002<\/p><ul><li><strong>\u65e5\u5149\u6771\u7167\u5bae\uff1a<\/strong> \u5929\u4e0b\u7d71\u4e00\u3057\u305f\u4f1d\u8aac\u7684\u306a\u5c06\u8ecd\u3001\u5fb3\u5ddd\u5bb6\u5eb7\u306e\u58ee\u9e97\u306a\u970a\u5edf\u3067\u3059\u3002\u6975\u3081\u3066\u7cbe\u7dfb\u306a\u6728\u5f6b\u3001\u91d1\u7b94\u3092\u65bd\u3057\u305f\u88c5\u98fe\u3001\u300c\u898b\u3056\u308b\u30fb\u8a00\u308f\u3056\u308b\u30fb\u805e\u304b\u3056\u308b\u300d\u306e\u4e09\u733f\u3001\u305d\u3057\u3066\u300c\u7720\u308a\u732b\u300d\u306e\u5f6b\u523b\u3067\u77e5\u3089\u308c\u3066\u3044\u307e\u3059\u3002<\/li><li><strong>\u4e8c\u8352\u5c71\u795e\u793e\u3068\u8f2a\u738b\u5bfa\uff1a<\/strong> \u6771\u7167\u5bae\u3068\u3068\u3082\u306b\u3001\u65e5\u5149\u306b\u304a\u3051\u308b\u5c71\u5cb3\u4fe1\u4ef0\u306e\u4e2d\u5fc3\u3092\u6210\u3057\u3066\u3044\u307e\u3059\u3002<\/li><\/ul><p><strong>\u65e5\u5149\u56fd\u7acb\u516c\u5712\uff08\u81ea\u7136\u306e\u540d\u6240\uff09<\/strong><\/p><p>\u65e5\u5149\u306e\u6b74\u53f2\u5730\u533a\u306f\u3001\u540c\u6642\u306b\u606f\u3092\u306e\u3080\u3088\u3046\u306a\u81ea\u7136\u516c\u5712\u3078\u306e\u7384\u95a2\u53e3\u3067\u3082\u3042\u308a\u307e\u3059\u3002<\/p><ul><li><strong>\u83ef\u53b3\u306e\u6edd\uff1a<\/strong> \u843d\u5dee\u7d0497\u30e1\u30fc\u30c8\u30eb\u3092\u8a87\u308a\u3001\u65e5\u672c\u4e09\u540d\u7011\u306e\u4e00\u3064\u3067\u3059\u3002<\/li><li><strong>\u4e2d\u7985\u5bfa\u6e56\uff1a<\/strong> \u970a\u5cf0\u7537\u4f53\u5c71\u306e\u5674\u706b\u306b\u3088\u3063\u3066\u5f62\u6210\u3055\u308c\u305f\u6e56\u3067\u3001\u7279\u306b\u7d05\u8449\u306e\u5b63\u7bc0\u306b\u306f\u5e7b\u60f3\u7684\u306a\u666f\u89b3\u3092\u697d\u3057\u3081\u307e\u3059\u3002<\/li><\/ul><p><strong>\u90a3\u9808\u9ad8\u539f\uff08\u90a3\u9808\u9ad8\u539f\uff09<\/strong><\/p><p>\u6d3b\u706b\u5c71\u3067\u3042\u308b\u90a3\u9808\u5cb3\u306e\u9e93\u306b\u5e83\u304c\u308b\u3053\u306e\u5730\u57df\u306f\u3001\u6771\u4eac\u306e\u4e0a\u6d41\u5c64\u306b\u4eba\u6c17\u306e\u907f\u6691\u5730\u3067\u3059\u3002\u7687\u5ba4\u306e\u5fa1\u7528\u90b8\u304c\u3042\u308b\u3053\u3068\u3067\u3082\u77e5\u3089\u308c\u3001\u6dbc\u3057\u3044\u9ad8\u539f\u306e\u6c17\u5019\u3001\u6d17\u7df4\u3055\u308c\u305f\u30ab\u30d5\u30a7\u3084\u7f8e\u8853\u9928\u3001\u305d\u3057\u3066\u8c4a\u5bcc\u306a\u6e29\u6cc9\u8cc7\u6e90\u3067\u6709\u540d\u3067\u3059\u3002<\/p><p><strong>\u98df\u6587\u5316\uff1a\u300c\u9903\u5b50\u306e\u8857\u300d\u3068\u3044\u3061\u3054\u306e\u697d\u5712<\/strong><\/p><p>\u6803\u6728\u306e\u98df\u6587\u5316\u306f\u3001\u500b\u6027\u304c\u5f37\u304f\u3001\u5370\u8c61\u7684\u306a\u5473\u308f\u3044\u3067\u77e5\u3089\u308c\u3066\u3044\u307e\u3059\u3002<\/p><ul><li><strong>\u5b87\u90fd\u5bae\u9903\u5b50\uff1a<\/strong>\u770c\u5e81\u6240\u5728\u5730\u306e\u5b87\u90fd\u5bae\u5e02\u306f\u3001\u65e5\u672c\u5c48\u6307\u306e\u300c\u9903\u5b50\u306e\u8857\u300d\u3068\u3057\u3066\u77e5\u3089\u308c\u3066\u3044\u307e\u3059\u3002\u9903\u5b50\u306e\u4e00\u4eba\u5f53\u305f\u308a\u6d88\u8cbb\u91cf\u306f\u5168\u56fd\u30c8\u30c3\u30d7\u30af\u30e9\u30b9\u3067\u3001\u713c\u304d\u3001\u8339\u3067\u3001\u84b8\u3057\u306a\u3069\u3001\u9903\u5b50\u5c02\u9580\u5e97\u304c\u6570\u591a\u304f\u5b58\u5728\u3057\u307e\u3059\u3002<\/li><li><strong>\u3068\u3061\u304a\u3068\u3081\uff1a<\/strong> \u6803\u6728\u770c\u306f\u3001\u300c\u3068\u3061\u304a\u3068\u3081\u300d\u30d6\u30e9\u30f3\u30c9\u3067\u77e5\u3089\u308c\u308b\u3001\u65e5\u672c\u3067\u3082\u7279\u306b\u6709\u540d\u3067\u5927\u7c92\u304b\u3064\u7518\u3044\u3044\u3061\u3054\u306e\u7523\u5730\u3067\u3059\u3002\u3044\u3061\u3054\u72e9\u308a\u306f\u3001\u3053\u306e\u5730\u57df\u3067\u975e\u5e38\u306b\u4eba\u6c17\u306e\u3042\u308b\u4f53\u9a13\u3067\u3059\u3002<\/li><li><strong>\u6e6f\u6ce2\uff1a<\/strong> \u8c46\u4e73\u3092\u71b1\u3057\u305f\u3068\u304d\u306b\u8868\u9762\u306b\u3067\u304d\u308b\u65b0\u9bae\u306a\u8584\u76ae\u3067\u3001\u65e5\u5149\u306e\u4ecf\u6559\u30fb\u795e\u9053\u5bfa\u793e\u306e\u7cbe\u9032\u6599\u7406\u3068\u3057\u3066\u767a\u5c55\u3057\u3066\u304d\u307e\u3057\u305f\u3002\u7e4a\u7d30\u3067\u4f53\u306b\u512a\u3057\u3044\u90f7\u571f\u6599\u7406\u3068\u3057\u3066\u89aa\u3057\u307e\u308c\u3066\u3044\u307e\u3059\u3002<\/li><\/ul><p>\u6803\u6728\u770c\u306f\u3001\u6771\u4eac\u304b\u3089\u96fb\u8eca\u3067\u308f\u305a\u304b1\u6642\u9593\u307b\u3069\u306e\u8ddd\u96e2\u306b\u3042\u308a\u306a\u304c\u3089\u3001\u96c4\u5927\u306a\u81ea\u7136\u3001\u65e5\u672c\u306e\u5965\u6df1\u3044\u6b74\u53f2\u3001\u305d\u3057\u3066\u65e5\u672c\u6709\u6570\u306e\u3054\u5f53\u5730\u30b0\u30eb\u30e1\u3092\u540c\u6642\u306b\u5473\u308f\u3048\u308b\u3001\u307e\u3063\u305f\u304f\u7570\u306a\u308b\u4e16\u754c\u3092\u63d0\u4f9b\u3057\u3066\u304f\u308c\u307e\u3059\u3002<\/p>\t\t\t\t\t\t\t\t<\/div>\n\t\t\t\t<\/div>\n\t\t\t\t<\/div>\n\t\t\t\t<\/div>\n\t\t","protected":false},"excerpt":{"rendered":"<p>\u6803\u6728\u770c\uff1a\u5927\u81ea\u7136\u3068\u65e5\u672c\u306e\u8056\u5730 \u30db\u30fc\u30e0\u30da\u30fc\u30b8 \u6803\u6728\u770c\uff1a\u5927\u81ea\u7136\u3068\u65e5\u672c\u306e\u8056\u5730 \u95a2\u6771\u5730\u65b9\u306b\u4f4d\u7f6e\u3057\u3001\u6771\u4eac\u306e\u3059\u3050\u5317\u306b\u5e83\u304c\u308b\u6803\u6728\u770c\u306f\u3001\u65e5\u672c\u5c48\u6307\u306e\u58ee\u5927\u306a\u81ea\u7136\u666f\u89b3\u3068\u3001\u6700\u3082\u795e\u8056\u306a\u6b74\u53f2\u7684\u907a\u7523\u3092\u4f75\u305b\u6301\u3064\u5730\u4e0a\u306e\u697d\u5712\u3067\u3059\u3002\u90fd\u4f1a\u306e\u55a7\u9a12\u304b\u3089\u9003\u308c\u3001\u65e5\u672c\u306e\u6df1 [&hellip;]<\/p>\n","protected":false},"author":1,"featured_media":0,"parent":0,"menu_order":0,"comment_status":"closed","ping_status":"closed","template":"","meta":{"footnotes":""},"class_list":["post-7198","page","type-page","status-publish","hentry"],"_links":{"self":[{"href":"https:\/\/www.edusama.com\/ja\/wp-json\/wp\/v2\/pages\/7198","targetHints":{"allow":["GET"]}}],"collection":[{"href":"https:\/\/www.edusama.com\/ja\/wp-json\/wp\/v2\/pages"}],"about":[{"href":"https:\/\/www.edusama.com\/ja\/wp-json\/wp\/v2\/types\/page"}],"author":[{"embeddable":true,"href":"https:\/\/www.edusama.com\/ja\/wp-json\/wp\/v2\/users\/1"}],"replies":[{"embeddable":true,"href":"https:\/\/www.edusama.com\/ja\/wp-json\/wp\/v2\/comments?post=7198"}],"version-history":[{"count":6,"href":"https:\/\/www.edusama.com\/ja\/wp-json\/wp\/v2\/pages\/7198\/revisions"}],"predecessor-version":[{"id":7263,"href":"https:\/\/www.edusama.com\/ja\/wp-json\/wp\/v2\/pages\/7198\/revisions\/7263"}],"wp:attachment":[{"href":"https:\/\/www.edusama.com\/ja\/wp-json\/wp\/v2\/media?parent=7198"}],"curies":[{"name":"wp","href":"https:\/\/api.w.org\/{rel}","templated":true}]}}