{"id":7190,"date":"2025-11-19T18:16:20","date_gmt":"2025-11-19T18:16:20","guid":{"rendered":"https:\/\/www.edusama.com\/shiga\/"},"modified":"2026-03-25T07:52:28","modified_gmt":"2026-03-25T07:52:28","slug":"shiga","status":"publish","type":"page","link":"https:\/\/www.edusama.com\/ja\/shiga\/","title":{"rendered":"Shiga"},"content":{"rendered":"\t\t<div data-elementor-type=\"wp-page\" data-elementor-id=\"7190\" class=\"elementor elementor-7190 elementor-5964\" data-elementor-post-type=\"page\">\n\t\t\t\t<div class=\"elementor-element elementor-element-4dfdeb7d e-con-full e-flex e-con e-parent\" data-id=\"4dfdeb7d\" data-element_type=\"container\" data-settings=\"{&quot;background_background&quot;:&quot;classic&quot;}\">\n\t\t<div class=\"elementor-element elementor-element-73fc207a e-con-full e-flex e-con e-child\" data-id=\"73fc207a\" data-element_type=\"container\">\n\t\t\t\t<div class=\"elementor-element elementor-element-4d3d1c45 elementor-widget elementor-widget-heading\" data-id=\"4d3d1c45\" data-element_type=\"widget\" data-widget_type=\"heading.default\">\n\t\t\t\t\t<h2 class=\"elementor-heading-title elementor-size-default\">\u6ecb\u8cc0\u770c\uff1a\u65e5\u672c\u6700\u5927\u306e\u6e56\u30fb\u7435\u7436\u6e56\u306e\u3075\u308b\u3055\u3068<\/h2>\t\t\t\t<\/div>\n\t\t\t\t<div class=\"elementor-element elementor-element-53dd9dfe elementor-icon-list--layout-inline elementor-align-center elementor-list-item-link-full_width elementor-widget elementor-widget-icon-list\" data-id=\"53dd9dfe\" data-element_type=\"widget\" data-widget_type=\"icon-list.default\">\n\t\t\t\t\t\t\t<ul class=\"elementor-icon-list-items elementor-inline-items\">\n\t\t\t\t\t\t\t<li class=\"elementor-icon-list-item elementor-inline-item\">\n\t\t\t\t\t\t\t\t\t\t\t<a href=\"https:\/\/www.edusama.com\/en\/\">\n\n\t\t\t\t\t\t\t\t\t\t\t<span class=\"elementor-icon-list-text\">Homepage<\/span>\n\t\t\t\t\t\t\t\t\t\t\t<\/a>\n\t\t\t\t\t\t\t\t\t<\/li>\n\t\t\t\t\t\t\t\t<li class=\"elementor-icon-list-item elementor-inline-item\">\n\t\t\t\t\t\t\t\t\t\t\t<span class=\"elementor-icon-list-icon\">\n\t\t\t\t\t\t\t<svg aria-hidden=\"true\" class=\"e-font-icon-svg e-fas-chevron-right\" viewBox=\"0 0 320 512\" xmlns=\"http:\/\/www.w3.org\/2000\/svg\"><path d=\"M285.476 272.971L91.132 467.314c-9.373 9.373-24.569 9.373-33.941 0l-22.667-22.667c-9.357-9.357-9.375-24.522-.04-33.901L188.505 256 34.484 101.255c-9.335-9.379-9.317-24.544.04-33.901l22.667-22.667c9.373-9.373 24.569-9.373 33.941 0L285.475 239.03c9.373 9.372 9.373 24.568.001 33.941z\"><\/path><\/svg>\t\t\t\t\t\t<\/span>\n\t\t\t\t\t\t\t\t\t\t<span class=\"elementor-icon-list-text\">\u6ecb\u8cc0\u770c\uff1a\u65e5\u672c\u6700\u5927\u306e\u6e56\u30fb\u7435\u7436\u6e56\u306e\u3075\u308b\u3055\u3068<\/span>\n\t\t\t\t\t\t\t\t\t<\/li>\n\t\t\t\t\t\t<\/ul>\n\t\t\t\t\t\t<\/div>\n\t\t\t\t<\/div>\n\t\t\t\t<\/div>\n\t\t<div class=\"elementor-element elementor-element-530b6113 e-con-full e-flex e-con e-parent\" data-id=\"530b6113\" data-element_type=\"container\">\n\t\t<div class=\"elementor-element elementor-element-68e060c8 e-con-full e-flex e-con e-child\" data-id=\"68e060c8\" data-element_type=\"container\">\n\t\t\t\t<div class=\"elementor-element elementor-element-3d0f1687 elementor-arrows-position-inside elementor-pagination-position-outside elementor-widget elementor-widget-image-carousel\" data-id=\"3d0f1687\" data-element_type=\"widget\" data-settings=\"{&quot;slides_to_show&quot;:&quot;1&quot;,&quot;navigation&quot;:&quot;both&quot;,&quot;autoplay&quot;:&quot;yes&quot;,&quot;pause_on_hover&quot;:&quot;yes&quot;,&quot;pause_on_interaction&quot;:&quot;yes&quot;,&quot;autoplay_speed&quot;:5000,&quot;infinite&quot;:&quot;yes&quot;,&quot;effect&quot;:&quot;slide&quot;,&quot;speed&quot;:500}\" data-widget_type=\"image-carousel.default\">\n\t\t\t\t\t\t\t<div class=\"elementor-image-carousel-wrapper swiper\" role=\"region\" aria-roledescription=\"carousel\" aria-label=\"Resim D\u00f6ng\u00fcs\u00fc\" dir=\"ltr\">\n\t\t\t<div class=\"elementor-image-carousel swiper-wrapper\" aria-live=\"off\">\n\t\t\t\t\t\t\t\t<div class=\"swiper-slide\" role=\"group\" aria-roledescription=\"slide\" aria-label=\"1 \/ 1\"><figure class=\"swiper-slide-inner\"><img decoding=\"async\" class=\"swiper-slide-image\" src=\"https:\/\/www.edusama.com\/wp-content\/uploads\/elementor\/thumbs\/Shiga-rey4eyjc6qcl3shfol0i4fj2s24dlbu3k9aftnfp08.jpg\" alt=\"Shiga\" \/><\/figure><\/div>\t\t\t<\/div>\n\t\t\t\t\t<\/div>\n\t\t\t\t\t\t<\/div>\n\t\t\t\t<div class=\"elementor-element elementor-element-6d6ee1f3 elementor-widget elementor-widget-text-editor\" data-id=\"6d6ee1f3\" data-element_type=\"widget\" data-widget_type=\"text-editor.default\">\n\t\t\t\t\t\t\t\t\t<p>\u95a2\u897f\u5730\u65b9\u306b\u4f4d\u7f6e\u3059\u308b\u6ecb\u8cc0\u770c\u306f\u3001\u65e5\u672c\u6700\u5927\u304b\u3064\u6700\u3082\u91cd\u8981\u306a\u81ea\u7136\u306e\u8c61\u5fb4\u3067\u3042\u308b\u7435\u7436\u6e56\uff08\u3073\u308f\u3053\uff09\u3092\u53d6\u308a\u56f2\u3080\u3001\u975e\u5e38\u306b\u30e6\u30cb\u30fc\u30af\u306a\u5730\u7406\u7684\u7279\u5fb4\u3092\u6301\u3063\u3066\u3044\u307e\u3059\u3002\u6b74\u53f2\u7684\u306b\u306f\u8fd1\u6c5f\u56fd\u3068\u3057\u3066\u77e5\u3089\u308c\u3001\u4eac\u90fd\u306e\u3059\u3050\u6771\u306b\u4f4d\u7f6e\u3059\u308b\u3053\u3068\u304b\u3089\u3001\u4f55\u4e16\u7d00\u306b\u3082\u308f\u305f\u308a\u65e5\u672c\u306e\u4e3b\u8981\u306a\u4ea4\u6613\u8def\u3084\u8ecd\u4e8b\u6226\u7565\u306e\u8981\u885d\u3068\u306a\u3063\u3066\u304d\u307e\u3057\u305f\u3002<\/p><p>\u6ecb\u8cc0\u306f\u3001\u96c4\u5927\u306a\u6e56\u306e\u666f\u89b3\u3001\u65e5\u672c\u3067\u3082\u5c48\u6307\u306e\u4fdd\u5b58\u72b6\u614b\u3092\u8a87\u308b\u57ce\u3001\u305d\u3057\u3066\u56fd\u5185\u6700\u9ad8\u5cf0\u306e\u725b\u8089\u306e\u4e00\u3064\u3092\u697d\u3057\u3081\u308b\u3001\u81ea\u7136\u3068\u6b74\u53f2\u304c\u8abf\u548c\u3059\u308b\u5730\u57df\u3067\u3059\u3002<\/p><p><strong>\u770c\u306e\u30ea\u30ba\u30e0\uff1a\u6e56\u3092\u4e2d\u5fc3\u3068\u3057\u305f\u66ae\u3089\u3057<\/strong><\/p><p>\u6ecb\u8cc0\u3067\u306e\u66ae\u3089\u3057\u306f\u3001\u7435\u7436\u6e56\u3092\u4e2d\u5fc3\u306b\u6210\u308a\u7acb\u3063\u3066\u3044\u307e\u3059\u3002<\/p><ul><li><strong>\u65e5\u672c\u306e\u300c\u6e56\u300d\uff1a<\/strong> \u770c\u571f\u306e\u7d046\u5206\u306e1\u3092\u5360\u3081\u308b\u7435\u7436\u6e56\u306f\u3001\u5358\u306a\u308b\u6c34\u57df\u3067\u306f\u306a\u304f\u3001\u6ecb\u8cc0\u306e\u6587\u5316\u7684\u30fb\u7d4c\u6e08\u7684\u30fb\u7cbe\u795e\u7684\u306a\u4e2d\u5fc3\u3067\u3059\u3002<\/li><li><strong>\u81ea\u7136\u3068\u30a2\u30af\u30c6\u30a3\u30d3\u30c6\u30a3\uff1a<\/strong> \u6e56\u306f\u3001\u30e8\u30c3\u30c8\u3001\u30ab\u30cc\u30fc\u3001\u904a\u6cf3\u306a\u3069\u306e\u30a6\u30a9\u30fc\u30bf\u30fc\u30b9\u30dd\u30fc\u30c4\u3084\u91e3\u308a\u3001\u6e56\u7554\u30b5\u30a4\u30af\u30ea\u30f3\u30b0\u306e\u62e0\u70b9\u3068\u306a\u3063\u3066\u3044\u307e\u3059\u3002\u6e56\u3092\u4e00\u5468\u3059\u308b\u300c\u30d3\u30ef\u30a4\u30c1\u300d\u306f\u3001\u65e5\u672c\u3067\u3082\u5c48\u6307\u306e\u4eba\u6c17\u3092\u8a87\u308b\u30b5\u30a4\u30af\u30ea\u30f3\u30b0\u30eb\u30fc\u30c8\u3067\u3059\u3002<\/li><li><strong>\u6b74\u53f2\u306e\u8981\u885d\uff1a<\/strong> \u4eac\u90fd\u306b\u8fd1\u3044\u7acb\u5730\u304b\u3089\u3001\u6ecb\u8cc0\u306f\u6b74\u53f2\u3092\u901a\u3058\u3066\u6226\u56fd\u5927\u540d\u306b\u3068\u3063\u3066\u6226\u7565\u7684\u306b\u91cd\u8981\u306a\u5730\u3067\u3057\u305f\u3002\u6b66\u58eb\u306e\u6b74\u53f2\u3084\u6570\u3005\u306e\u5408\u6226\u306e\u75d5\u8de1\u304c\u3001\u770c\u5185\u5404\u5730\u306b\u6b8b\u3055\u308c\u3066\u3044\u307e\u3059\u3002<\/li><li><strong>\u6c34\u6e90\uff1a<\/strong> \u7435\u7436\u6e56\u306f\u3001\u4eac\u90fd\u3084\u5927\u962a\u3092\u542b\u3080\u95a2\u897f\u5730\u57df\u306e\u4f55\u767e\u4e07\u4eba\u3082\u306e\u4eba\u3005\u306b\u3068\u3063\u3066\u3001\u6b20\u304b\u3059\u3053\u3068\u306e\u3067\u304d\u306a\u3044\u98f2\u6599\u6c34\u6e90\u3067\u3082\u3042\u308a\u307e\u3059\u3002<\/li><\/ul><p><strong>\u4e3b\u8981\u306a\u898b\u3069\u3053\u308d\u3068\u6b74\u53f2\u7684\u907a\u7523<\/strong><\/p><p>\u6ecb\u8cc0\u306e\u9b45\u529b\u306f\u3001\u6e56\u306e\u5468\u56f2\u306b\u70b9\u5728\u3059\u308b\u6b74\u53f2\u7684\u30fb\u81ea\u7136\u7684\u306a\u540d\u6240\u306b\u3042\u308a\u307e\u3059\u3002<\/p><p><strong>\u5f66\u6839\u57ce\uff08\u3072\u3053\u306d\u3058\u3087\u3046\uff09<\/strong><\/p><p>\u6ecb\u8cc0\u770c\u3092\u4ee3\u8868\u3059\u308b\u8c61\u5fb4\u3067\u3042\u308b\u5f66\u6839\u57ce\u306f\u3001\u6c5f\u6238\u6642\u4ee3\u304b\u3089\u73fe\u4ee3\u307e\u3067\u73fe\u5b58\u3059\u308b\u3001\u65e5\u672c\u306b12\u3057\u304b\u306a\u3044\u73fe\u5b58\u5929\u5b88\u306e\u4e00\u3064\u3067\u3001\u56fd\u5b9d\u306b\u6307\u5b9a\u3055\u308c\u3066\u3044\u307e\u3059\u3002\u7435\u7436\u6e56\u3092\u671b\u3080\u3053\u306e\u58ee\u9e97\u306a\u57ce\u306f\u3001\u6b66\u5bb6\u5efa\u7bc9\u306e\u6700\u9ad8\u5cf0\u306e\u4e00\u3064\u3068\u3055\u308c\u3066\u3044\u307e\u3059\u3002<\/p><p><strong>\u7435\u7436\u6e56\uff08\u3073\u308f\u3053\uff09<\/strong><\/p><p>\u7435\u7436\u6e56\u305d\u306e\u3082\u306e\u304c\u4e00\u3064\u306e\u89b3\u5149\u5730\u3067\u3059\u3002\u7279\u306b\u6e56\u306e\u5317\u5074\u306b\u5e83\u304c\u308b\u666f\u89b3\u3084\u3001\u897f\u5cb8\u306b\u3042\u308b\u767d\u9b1a\u795e\u793e\u306e\u6c34\u4e2d\u306b\u7acb\u3064\u6709\u540d\u306a\u9ce5\u5c45\u306f\u3001\u8a2a\u554f\u8005\u306b\u4eba\u6c17\u306e\u30b9\u30dd\u30c3\u30c8\u3067\u3059\u3002<\/p><p><strong>\u8fd1\u6c5f\u516b\u5e61<\/strong><\/p><p>\u6b74\u53f2\u3042\u308b\u5546\u4eba\u306e\u753a\u3067\u3042\u308b\u8fd1\u6c5f\u516b\u5e61\u306f\u3001\u57ce\u3092\u4e2d\u5fc3\u306b\u767a\u5c55\u3057\u3001\u7435\u7436\u6e56\u3078\u3068\u3064\u306a\u304c\u308b\u4eba\u5de5\u306e\u6c34\u8def\u7db2\u3067\u77e5\u3089\u308c\u3066\u3044\u307e\u3059\u3002\u4fdd\u5b58\u72b6\u614b\u306e\u826f\u3044\u4f1d\u7d71\u7684\u306a\u753a\u5bb6\u3084\u6c34\u8def\u3092\u5de1\u308b\u821f\u904a\u3073\u306f\u3001\u8a2a\u308c\u308b\u4eba\u3005\u3092\u307e\u308b\u3067\u904e\u53bb\u3078\u3068\u8a98\u3044\u307e\u3059\u3002<\/p><p><strong>\u5ef6\u66a6\u5bfa\uff08\u6bd4\u53e1\u5c71\uff09<\/strong><\/p><p>\u4eac\u90fd\u3068\u6ecb\u8cc0\u306e\u770c\u5883\u306b\u4f4d\u7f6e\u3059\u308b\u6bd4\u53e1\u5c71\u306f\u3001\u65e5\u672c\u4ecf\u6559\u30fb\u5929\u53f0\u5b97\u306e\u7dcf\u672c\u5c71\u3067\u3042\u308b\u5ef6\u66a6\u5bfa\u306e\u58ee\u5927\u306a\u5bfa\u9662\u7fa4\u3092\u64c1\u3057\u3066\u3044\u307e\u3059\u3002\u30e6\u30cd\u30b9\u30b3\u4e16\u754c\u907a\u7523\u306b\u3082\u767b\u9332\u3055\u308c\u3066\u3044\u308b\u3053\u306e\u5bfa\u9662\u306f\u3001\u65e5\u672c\u306e\u6b74\u53f2\u306b\u6df1\u3044\u5f71\u97ff\u3092\u4e0e\u3048\u3066\u304d\u307e\u3057\u305f\u3002<\/p><p><strong>\u98df\u6587\u5316\uff1a\u300c\u8fd1\u6c5f\u725b\u300d\u3068\u6e56\u306e\u6075\u307f<\/strong><\/p><p>\u6ecb\u8cc0\u306f\u3001\u7279\u306b\u3042\u308b\u4e00\u3064\u306e\u540d\u7269\u306b\u3088\u3063\u3066\u3001\u65e5\u672c\u5c48\u6307\u306e\u9ad8\u7d1a\u98df\u6587\u5316\u3092\u8a87\u308b\u5730\u57df\u3067\u3059\u3002<\/p><ul><li><strong>\u8fd1\u6c5f\u725b\uff1a<\/strong> \u795e\u6238\u725b\u3084\u677e\u962a\u725b\u3068\u4e26\u3073\u3001\u65e5\u672c\u4e09\u5927\u548c\u725b\u306e\u4e00\u3064\u3068\u3055\u308c\u308b\u8fd1\u6c5f\u725b\u306f\u3001\u304d\u3081\u7d30\u304b\u306a\u971c\u964d\u308a\u3068\u6975\u4e0a\u306e\u67d4\u3089\u304b\u3055\u3067\u77e5\u3089\u308c\u3066\u3044\u307e\u3059\u3002\u6ecb\u8cc0\u770c\u304c\u8a87\u308b\u6700\u9ad8\u7d1a\u98df\u6750\u306e\u4e00\u3064\u3067\u3059\u3002<\/li><li><strong>\u9b92\u305a\u3057\uff1a<\/strong> \u7435\u7436\u6e56\u3067\u7372\u308c\u308b\u30d5\u30ca\u3092\u5869\u3068\u7c73\u3067\u6570\u304b\u6708\u304b\u3089\u6570\u5e74\u306b\u308f\u305f\u308a\u767a\u9175\u3055\u305b\u3066\u4f5c\u308b\u3001\u975e\u5e38\u306b\u53e4\u3044\u5f62\u5f0f\u306e\u5bff\u53f8\u3067\u3059\u3002\u5f37\u3044\u9178\u5473\u3068\u72ec\u7279\u306e\u98a8\u5473\u3092\u6301\u3061\u3001\u5bff\u53f8\u306e\u539f\u578b\u306e\u4e00\u3064\u3068\u8003\u3048\u3089\u308c\u3066\u3044\u307e\u3059\u3002<\/li><li><strong>\u8d64\u3053\u3093\u306b\u3083\u304f\uff1a<\/strong> \u5730\u5143\u306e\u540d\u7269\u3067\u3042\u308b\u8d64\u3044\u8272\u306e\u3053\u3093\u306b\u3083\u304f\u3067\u3001\u304a\u3067\u3093\u306e\u5177\u6750\u3084\u5473\u564c\u3060\u308c\u3068\u3068\u3082\u306b\u63d0\u4f9b\u3055\u308c\u308b\u3053\u3068\u304c\u4e00\u822c\u7684\u3067\u3059\u3002<\/li><\/ul><p>\u6ecb\u8cc0\u770c\u306f\u3001\u65e5\u672c\u6700\u5927\u306e\u6e56\u304c\u3082\u305f\u3089\u3059\u7a4f\u3084\u304b\u3055\u3001\u540d\u57ce\u304c\u4f1d\u3048\u308b\u6b74\u53f2\u7684\u5a01\u53b3\u3001\u305d\u3057\u3066\u65e5\u672c\u5c48\u6307\u306e\u548c\u725b\u304c\u6301\u3064\u8d05\u6ca2\u306a\u5473\u308f\u3044\u3092\u540c\u6642\u306b\u697d\u3057\u3081\u308b\u3001\u767a\u898b\u306b\u6e80\u3061\u305f\u5b9d\u5eab\u3067\u3059\u3002<\/p>\t\t\t\t\t\t\t\t<\/div>\n\t\t\t\t<\/div>\n\t\t\t\t<\/div>\n\t\t\t\t<\/div>\n\t\t","protected":false},"excerpt":{"rendered":"<p>\u6ecb\u8cc0\u770c\uff1a\u65e5\u672c\u6700\u5927\u306e\u6e56\u30fb\u7435\u7436\u6e56\u306e\u3075\u308b\u3055\u3068 Homepage \u6ecb\u8cc0\u770c\uff1a\u65e5\u672c\u6700\u5927\u306e\u6e56\u30fb\u7435\u7436\u6e56\u306e\u3075\u308b\u3055\u3068 \u95a2\u897f\u5730\u65b9\u306b\u4f4d\u7f6e\u3059\u308b\u6ecb\u8cc0\u770c\u306f\u3001\u65e5\u672c\u6700\u5927\u304b\u3064\u6700\u3082\u91cd\u8981\u306a\u81ea\u7136\u306e\u8c61\u5fb4\u3067\u3042\u308b\u7435\u7436\u6e56\uff08\u3073\u308f\u3053\uff09\u3092\u53d6\u308a\u56f2\u3080\u3001\u975e\u5e38\u306b\u30e6\u30cb\u30fc\u30af\u306a\u5730\u7406\u7684\u7279\u5fb4\u3092 [&hellip;]<\/p>\n","protected":false},"author":1,"featured_media":0,"parent":0,"menu_order":0,"comment_status":"closed","ping_status":"closed","template":"","meta":{"footnotes":""},"class_list":["post-7190","page","type-page","status-publish","hentry"],"_links":{"self":[{"href":"https:\/\/www.edusama.com\/ja\/wp-json\/wp\/v2\/pages\/7190","targetHints":{"allow":["GET"]}}],"collection":[{"href":"https:\/\/www.edusama.com\/ja\/wp-json\/wp\/v2\/pages"}],"about":[{"href":"https:\/\/www.edusama.com\/ja\/wp-json\/wp\/v2\/types\/page"}],"author":[{"embeddable":true,"href":"https:\/\/www.edusama.com\/ja\/wp-json\/wp\/v2\/users\/1"}],"replies":[{"embeddable":true,"href":"https:\/\/www.edusama.com\/ja\/wp-json\/wp\/v2\/comments?post=7190"}],"version-history":[{"count":6,"href":"https:\/\/www.edusama.com\/ja\/wp-json\/wp\/v2\/pages\/7190\/revisions"}],"predecessor-version":[{"id":7257,"href":"https:\/\/www.edusama.com\/ja\/wp-json\/wp\/v2\/pages\/7190\/revisions\/7257"}],"wp:attachment":[{"href":"https:\/\/www.edusama.com\/ja\/wp-json\/wp\/v2\/media?parent=7190"}],"curies":[{"name":"wp","href":"https:\/\/api.w.org\/{rel}","templated":true}]}}