{"id":7182,"date":"2025-11-19T18:14:33","date_gmt":"2025-11-19T18:14:33","guid":{"rendered":"https:\/\/www.edusama.com\/nagano\/"},"modified":"2026-03-25T07:47:43","modified_gmt":"2026-03-25T07:47:43","slug":"nagano","status":"publish","type":"page","link":"https:\/\/www.edusama.com\/ja\/nagano\/","title":{"rendered":"Nagano"},"content":{"rendered":"\t\t<div data-elementor-type=\"wp-page\" data-elementor-id=\"7182\" class=\"elementor elementor-7182 elementor-5955\" data-elementor-post-type=\"page\">\n\t\t\t\t<div class=\"elementor-element elementor-element-89389dd e-con-full e-flex e-con e-parent\" data-id=\"89389dd\" data-element_type=\"container\" data-settings=\"{&quot;background_background&quot;:&quot;classic&quot;}\">\n\t\t<div class=\"elementor-element elementor-element-3af4a558 e-con-full e-flex e-con e-child\" data-id=\"3af4a558\" data-element_type=\"container\">\n\t\t\t\t<div class=\"elementor-element elementor-element-594714c9 elementor-widget elementor-widget-heading\" data-id=\"594714c9\" data-element_type=\"widget\" data-widget_type=\"heading.default\">\n\t\t\t\t\t<h2 class=\"elementor-heading-title elementor-size-default\">\u9577\u91ce\u770c\uff1a\u65e5\u672c\u30a2\u30eb\u30d7\u30b9\u3001\u30aa\u30ea\u30f3\u30d4\u30c3\u30af\u907a\u7523\u3001\u305d\u3057\u3066\u91ce\u751f\u52d5\u7269<\/h2>\t\t\t\t<\/div>\n\t\t\t\t<div class=\"elementor-element elementor-element-5579568e elementor-icon-list--layout-inline elementor-align-center elementor-list-item-link-full_width elementor-widget elementor-widget-icon-list\" data-id=\"5579568e\" data-element_type=\"widget\" data-widget_type=\"icon-list.default\">\n\t\t\t\t\t\t\t<ul class=\"elementor-icon-list-items elementor-inline-items\">\n\t\t\t\t\t\t\t<li class=\"elementor-icon-list-item elementor-inline-item\">\n\t\t\t\t\t\t\t\t\t\t\t<a href=\"https:\/\/www.edusama.com\/ja\">\n\n\t\t\t\t\t\t\t\t\t\t\t<span class=\"elementor-icon-list-text\">\u30db\u30fc\u30e0\u30da\u30fc\u30b8<\/span>\n\t\t\t\t\t\t\t\t\t\t\t<\/a>\n\t\t\t\t\t\t\t\t\t<\/li>\n\t\t\t\t\t\t\t\t<li class=\"elementor-icon-list-item elementor-inline-item\">\n\t\t\t\t\t\t\t\t\t\t\t<span class=\"elementor-icon-list-icon\">\n\t\t\t\t\t\t\t<svg aria-hidden=\"true\" class=\"e-font-icon-svg e-fas-chevron-right\" viewBox=\"0 0 320 512\" xmlns=\"http:\/\/www.w3.org\/2000\/svg\"><path d=\"M285.476 272.971L91.132 467.314c-9.373 9.373-24.569 9.373-33.941 0l-22.667-22.667c-9.357-9.357-9.375-24.522-.04-33.901L188.505 256 34.484 101.255c-9.335-9.379-9.317-24.544.04-33.901l22.667-22.667c9.373-9.373 24.569-9.373 33.941 0L285.475 239.03c9.373 9.372 9.373 24.568.001 33.941z\"><\/path><\/svg>\t\t\t\t\t\t<\/span>\n\t\t\t\t\t\t\t\t\t\t<span class=\"elementor-icon-list-text\">\u9577\u91ce\u770c\uff1a\u65e5\u672c\u30a2\u30eb\u30d7\u30b9\u3001\u30aa\u30ea\u30f3\u30d4\u30c3\u30af\u907a\u7523\u3001\u305d\u3057\u3066\u91ce\u751f\u52d5\u7269<\/span>\n\t\t\t\t\t\t\t\t\t<\/li>\n\t\t\t\t\t\t<\/ul>\n\t\t\t\t\t\t<\/div>\n\t\t\t\t<\/div>\n\t\t\t\t<\/div>\n\t\t<div class=\"elementor-element elementor-element-47b15afc e-con-full e-flex e-con e-parent\" data-id=\"47b15afc\" data-element_type=\"container\">\n\t\t<div class=\"elementor-element elementor-element-dbd89f3 e-con-full e-flex e-con e-child\" data-id=\"dbd89f3\" data-element_type=\"container\">\n\t\t\t\t<div class=\"elementor-element elementor-element-5a9a684d elementor-arrows-position-inside elementor-pagination-position-outside elementor-widget elementor-widget-image-carousel\" data-id=\"5a9a684d\" data-element_type=\"widget\" data-settings=\"{&quot;slides_to_show&quot;:&quot;1&quot;,&quot;navigation&quot;:&quot;both&quot;,&quot;autoplay&quot;:&quot;yes&quot;,&quot;pause_on_hover&quot;:&quot;yes&quot;,&quot;pause_on_interaction&quot;:&quot;yes&quot;,&quot;autoplay_speed&quot;:5000,&quot;infinite&quot;:&quot;yes&quot;,&quot;effect&quot;:&quot;slide&quot;,&quot;speed&quot;:500}\" data-widget_type=\"image-carousel.default\">\n\t\t\t\t\t\t\t<div class=\"elementor-image-carousel-wrapper swiper\" role=\"region\" aria-roledescription=\"carousel\" aria-label=\"Resim D\u00f6ng\u00fcs\u00fc\" dir=\"ltr\">\n\t\t\t<div class=\"elementor-image-carousel swiper-wrapper\" aria-live=\"off\">\n\t\t\t\t\t\t\t\t<div class=\"swiper-slide\" role=\"group\" aria-roledescription=\"slide\" aria-label=\"1 \/ 1\"><figure class=\"swiper-slide-inner\"><img decoding=\"async\" class=\"swiper-slide-image\" src=\"https:\/\/www.edusama.com\/wp-content\/uploads\/elementor\/thumbs\/Nagano-1-rey4cfczrsvrtm5vgzlowkjd5olruos4vq0c9t6vrs.jpg\" alt=\"Nagano - 1\" \/><\/figure><\/div>\t\t\t<\/div>\n\t\t\t\t\t<\/div>\n\t\t\t\t\t\t<\/div>\n\t\t\t\t<div class=\"elementor-element elementor-element-592569ef elementor-widget elementor-widget-text-editor\" data-id=\"592569ef\" data-element_type=\"widget\" data-widget_type=\"text-editor.default\">\n\t\t\t\t\t\t\t\t\t<p>\u65e5\u672c\u306e\u4e2d\u592e\u90e8\u3001\u5185\u9678\u306b\u4f4d\u7f6e\u3059\u308b\u9577\u91ce\u770c\u306f\u300c\u65e5\u672c\u306e\u5c4b\u6839\u300d\u3068\u3057\u3066\u77e5\u3089\u308c\u3066\u3044\u307e\u3059\u3002\u65e5\u672c\u3067\u6700\u3082\u96c4\u5927\u306a\u5c71\u8108\uff08\u5317\u30a2\u30eb\u30d7\u30b9\u3001\u4e2d\u592e\u30a2\u30eb\u30d7\u30b9\u3001\u5357\u30a2\u30eb\u30d7\u30b9\uff09\u3092\u64c1\u3059\u308b\u9577\u91ce\u770c\u306f\u3001\u81ea\u7136\u611b\u597d\u5bb6\u3001\u6b74\u53f2\u611b\u597d\u5bb6\u3001\u305d\u3057\u3066\u9759\u5bc2\u3092\u6c42\u3081\u308b\u4eba\u3005\u3092\u4e00\u5e74\u3092\u901a\u3057\u3066\u9b45\u4e86\u3059\u308b\u5834\u6240\u3067\u3059\u30021998\u5e74\u306e\u51ac\u5b63\u30aa\u30ea\u30f3\u30d4\u30c3\u30af\u958b\u50ac\u5730\u3068\u3057\u3066\u4e16\u754c\u7684\u306b\u6709\u540d\u306b\u306a\u3063\u305f\u9577\u91ce\u770c\u306f\u3001\u624b\u3064\u304b\u305a\u306e\u81ea\u7136\u3001\u6df1\u3044\u4fe1\u4ef0\u306e\u5730\u3001\u305d\u3057\u3066\u8c4a\u304b\u306a\u6b66\u58eb\u306e\u6b74\u53f2\u304c\u878d\u5408\u3057\u305f\u9b45\u529b\u3042\u3075\u308c\u308b\u5834\u6240\u3067\u3059\u3002<\/p><p><strong>\u770c\u306e\u30ea\u30ba\u30e0\uff1a\u5c71\u3005\u306e\u652f\u914d\u3068\u30a2\u30af\u30c6\u30a3\u30d6\u306a\u30e9\u30a4\u30d5\u30b9\u30bf\u30a4\u30eb<\/strong><\/p><p>\u9577\u91ce\u770c\u306e\u751f\u6d3b\u30ea\u30ba\u30e0\u306f\u3001\u5c71\u3005\u3068\u56db\u5b63\u306b\u3088\u3063\u3066\u5f62\u4f5c\u3089\u308c\u3066\u3044\u307e\u3059\u3002<\/p><ul><li><strong>\u65e5\u672c\u306e\u5c4b\u6839\uff1a<\/strong> \u9577\u91ce\u770c\u306b\u306f\u65e5\u672c\u6700\u9ad8\u5cf0\u304c\u6570\u591a\u304f\u3042\u308a\u307e\u3059\u3002\u3053\u306e\u5730\u7406\u7684\u6761\u4ef6\u306f\u3001\u6f84\u3093\u3060\u7a7a\u6c17\u3068\u6e05\u3089\u304b\u306a\u6c34\u6e90\u3001\u305d\u3057\u3066\u7d50\u679c\u3068\u3057\u3066\u5065\u5eb7\u7684\u306a\u30e9\u30a4\u30d5\u30b9\u30bf\u30a4\u30eb\u3092\u751f\u307f\u51fa\u3057\u307e\u3059\uff08\u9577\u91ce\u770c\u306f\u65e5\u672c\u3067\u6700\u3082\u5e73\u5747\u5bff\u547d\u306e\u9577\u3044\u5730\u57df\u306e\u4e00\u3064\u3067\u3059\uff09\u3002<\/li><li><strong>\u30a6\u30a3\u30f3\u30bf\u30fc\u30b9\u30dd\u30fc\u30c4\u306e\u4f1d\u7d71\uff1a<\/strong> 1998\u5e74\u51ac\u5b63\u30aa\u30ea\u30f3\u30d4\u30c3\u30af\u306e\u907a\u7523\u306f\u3001\u9577\u91ce\u770c\u306e\u30a2\u30a4\u30c7\u30f3\u30c6\u30a3\u30c6\u30a3\u306e\u4e0d\u53ef\u6b20\u306a\u90e8\u5206\u3067\u3059\u3002\u767d\u99ac\u9ad8\u539f\u3084\u5fd7\u8cc0\u9ad8\u539f\u3068\u3044\u3063\u305f\u4e16\u754c\u30af\u30e9\u30b9\u306e\u30b9\u30ad\u30fc\u30ea\u30be\u30fc\u30c8\u306f\u3001\u51ac\u306e\u9593\u3001\u4e16\u754c\u4e2d\u304b\u3089\u30b9\u30ad\u30fc\u30e4\u30fc\u3084\u30b9\u30ce\u30fc\u30dc\u30fc\u30c0\u30fc\u3092\u8fce\u3048\u307e\u3059\u3002<\/li><li><strong>\u56db\u5b63\u6298\u3005\u306e\u30a2\u30c9\u30d9\u30f3\u30c1\u30e3\u30fc\uff1a<\/strong> \u51ac\u306f\u96ea\u306b\u8986\u308f\u308c\u305f\u5c71\u3005\u306f\u3001\u590f\u306b\u306f\u7dd1\u8c4a\u304b\u306a\u30cf\u30a4\u30ad\u30f3\u30b0\u30b3\u30fc\u30b9\u3084\u767b\u5c71\u30b3\u30fc\u30b9\u3078\u3068\u59ff\u3092\u5909\u3048\u307e\u3059\u3002<\/li><\/ul><p><strong>\u4e3b\u8981\u306a\u89b3\u5149\u5730\u3068\u6b74\u53f2\u7684\u540d\u6240<\/strong><\/p><p>\u9577\u91ce\u770c\u306f\u3001\u770c\u5e81\u6240\u5728\u5730\u4ee5\u5916\u306b\u3082\u3001\u5730\u57df\u5168\u4f53\u306b\u8c61\u5fb4\u7684\u306a\u540d\u6240\u304c\u70b9\u5728\u3057\u3066\u3044\u307e\u3059\u3002<\/p><p><strong>\u9577\u91ce\u5e02\u3068\u5584\u5149\u5bfa<\/strong><\/p><p>\u770c\u5e81\u6240\u5728\u5730\u3067\u3042\u308b\u9577\u91ce\u5e02\u306b\u306f\u3001\u65e5\u672c\u3067\u6700\u3082\u91cd\u8981\u3067\u3001\u6700\u3082\u591a\u304f\u306e\u53c2\u62dd\u5ba2\u304c\u8a2a\u308c\u308b\u5bfa\u9662\u306e\u4e00\u3064\u3067\u3042\u308b\u5584\u5149\u5bfa\u304c\u3042\u308a\u307e\u3059\u30027\u4e16\u7d00\u306b\u5275\u5efa\u3055\u308c\u305f\u3053\u306e\u5bfa\u9662\u306f\u3001\u7279\u5b9a\u306e\u4ecf\u6559\u5b97\u6d3e\u306b\u5c5e\u3055\u306a\u3044\uff08\u7121\u5b97\u6d3e\uff09\u3053\u3068\u3067\u77e5\u3089\u308c\u3001\u65e5\u672c\u306b\u521d\u3081\u3066\u3082\u305f\u3089\u3055\u308c\u305f\u4ecf\u50cf\u304c\u5b89\u7f6e\u3055\u308c\u3066\u3044\u308b\u3068\u8a00\u308f\u308c\u3066\u3044\u307e\u3059\u3002<\/p><p><strong>\u677e\u672c\u57ce\uff08\u307e\u3064\u3082\u3068\u3058\u3087\u3046\uff09<\/strong><\/p><p>\u9577\u91ce\u770c\u306e\u3082\u3046\u4e00\u3064\u306e\u4e3b\u8981\u90fd\u5e02\u3067\u3042\u308b\u677e\u672c\u5e02\u306b\u4f4d\u7f6e\u3059\u308b\u3053\u306e\u57ce\u306f\u3001\u65e5\u672c\u3067\u6700\u3082\u7f8e\u3057\u304f\u3001\u4fdd\u5b58\u72b6\u614b\u306e\u826f\u3044\u73fe\u5b58\u3059\u308b\u57ce\u90ed\u306e\u4e00\u3064\u3067\u3059\u3002\u9ed2\u3005\u3068\u3057\u305f\u5916\u89b3\u3068\u5e73\u5730\u306b\u7bc9\u304b\u308c\u305f\u73cd\u3057\u3044\u69cb\u9020\u304b\u3089\u300c\u70cf\u57ce\uff08\u304b\u3089\u3059\u3058\u3087\u3046\uff09\u300d\u3068\u3082\u547c\u3070\u308c\u3066\u3044\u307e\u3059\u3002<\/p><p><strong>\u5730\u7344\u8c37\u91ce\u733f\u516c\u82d1\uff08\u5c71\u30ce\u5185\u753a\uff09<\/strong><\/p><p>\u4e16\u754c\u7684\u306b\u6709\u540d\u306a\u3053\u306e\u516c\u5712\u306b\u306f\u3001\u91ce\u751f\u306e\u30cb\u30db\u30f3\u30b6\u30eb\uff08\u30b9\u30ce\u30fc\u30e2\u30f3\u30ad\u30fc\uff09\u304c\u751f\u606f\u3057\u3066\u304a\u308a\u3001\u51ac\u306e\u9593\u306f\u5929\u7136\u6e29\u6cc9\u3067\u4f53\u3092\u6e29\u3081\u3066\u3044\u307e\u3059\u3002\u3053\u308c\u306f\u65e5\u672c\u3092\u4ee3\u8868\u3059\u308b\u51ac\u306e\u98a8\u666f\u306e\u4e00\u3064\u3067\u3059\u3002<\/p><p><strong>\u6728\u66fd\u8c37\u3068\u4e2d\u5c71\u9053<\/strong><\/p><p>\u9577\u91ce\u770c\u5357\u90e8\u306b\u4f4d\u7f6e\u3059\u308b\u6728\u66fd\u8c37\u306f\u3001\u6c5f\u6238\u6642\u4ee3\u306b\u6771\u4eac\uff08\u6c5f\u6238\uff09\u3068\u4eac\u90fd\u3092\u7d50\u3093\u3060\u6b74\u53f2\u7684\u306a\u4ea4\u6613\u8def\u3001\u4e2d\u5c71\u9053\u306e\u4e00\u90e8\u304c\u6b8b\u308b\u5834\u6240\u3067\u3059\u3002\u7279\u306b\u59bb\u7c60\u5bbf\u3068\u99ac\u7c60\u5bbf\u306f\u3001\u8eca\u4e21\u901a\u884c\u7981\u6b62\u306e\u5bbf\u5834\u753a\u3068\u3057\u3066\u5fa9\u5143\u3055\u308c\u3001\u8a2a\u308c\u308b\u4eba\u3005\u306b\u30bf\u30a4\u30e0\u30b9\u30ea\u30c3\u30d7\u3057\u305f\u3088\u3046\u306a\u4f53\u9a13\u3092\u63d0\u4f9b\u3057\u307e\u3059\u3002<\/p><p><strong>\u98df\u6587\u5316\uff1a\u305d\u3070\u306e\u672c\u5834<\/strong><\/p><p>\u9577\u91ce\u306e\u53b3\u3057\u3044\u6c17\u5019\u3068\u6e05\u3089\u304b\u306a\u6c34\u306f\u3001\u72ec\u81ea\u306e\u98df\u6587\u5316\u3092\u80b2\u3093\u3067\u304d\u307e\u3057\u305f\u3002<\/p><ul><li><strong>\u4fe1\u5dde\u305d\u3070\uff1a<\/strong> \u9577\u91ce\u306e\u65e7\u79f0\u306f\u4fe1\u5dde\u3067\u3042\u308a\u3001\u3053\u306e\u5730\u306f\u65e5\u672c\u5c48\u6307\u306e\u305d\u3070\u306e\u540d\u7523\u5730\u3068\u3057\u3066\u77e5\u3089\u308c\u3066\u3044\u307e\u3059\u3002\u6a19\u9ad8\u304c\u9ad8\u304f\u6dbc\u3057\u3044\u6c17\u5019\u306f\u3001\u305d\u3070\u306e\u683d\u57f9\u306b\u7406\u60f3\u7684\u306a\u74b0\u5883\u3067\u3059\u3002<\/li><li><strong>\u304a\u3084\u304d\uff1a<\/strong> \u91ce\u6ca2\u83dc\u6f2c\u3051\u306a\u3069\u306e\u91ce\u83dc\u3001\u304d\u306e\u3053\u3001\u307e\u305f\u306f\u3042\u3093\u3053\u3092\u5305\u307f\u3001\u84b8\u3057\u305f\u308a\u713c\u3044\u305f\u308a\u3057\u3066\u4f5c\u308b\u90f7\u571f\u306e\u7c89\u3082\u306e\u6599\u7406\u3067\u3059\u3002<\/li><li><strong>\u91ce\u6ca2\u83dc\u6f2c\u3051\uff1a<\/strong> \u770c\u5185\u3067\u5e83\u304f\u683d\u57f9\u3055\u308c\u3066\u3044\u308b\u304b\u3089\u3057\u83dc\u306e\u6f2c\u7269\u3067\u3001\u3054\u98ef\u306e\u304a\u4f9b\u3068\u3057\u3066\u89aa\u3057\u307e\u308c\u3066\u3044\u307e\u3059\u3002<\/li><li><strong>\u308f\u3055\u3073\uff1a<\/strong> \u5927\u738b\u308f\u3055\u3073\u8fb2\u5834\u306b\u4ee3\u8868\u3055\u308c\u308b\u9577\u91ce\u306e\u308f\u3055\u3073\u7523\u5730\u306f\u3001\u65e5\u672c\u6700\u5927\u7d1a\u304b\u3064\u9ad8\u54c1\u8cea\u306a\u751f\u7523\u5730\u3068\u3057\u3066\u77e5\u3089\u308c\u3066\u3044\u307e\u3059\u3002\u308f\u3055\u3073\u306f\u3001\u975e\u5e38\u306b\u6e05\u6d44\u3067\u51b7\u305f\u3044\u6e67\u6c34\u3067\u3057\u304b\u80b2\u305f\u306a\u3044\u690d\u7269\u3067\u3059\u3002<\/li><li><strong>\u308a\u3093\u3054\uff1a<\/strong> \u9577\u91ce\u770c\u306f\u3001\u65e5\u672c\u6709\u6570\u306e\u308a\u3093\u3054\u306e\u7523\u5730\u3067\u3082\u3042\u308a\u307e\u3059\u3002<\/li><\/ul><p>\u9577\u91ce\u770c\u306f\u3001\u6771\u4eac\u306e\u8fd1\u4ee3\u7684\u306a\u55a7\u9a12\u3068\u306f\u307e\u3063\u305f\u304f\u7570\u306a\u308b\u4e16\u754c\u3092\u63d0\u4f9b\u3057\u307e\u3059\u3002\u6f84\u3093\u3060\u7a7a\u6c17\u3001\u96c4\u5927\u306a\u5c71\u3005\u3001\u8c4a\u304b\u306a\u6b74\u53f2\u3001\u305d\u3057\u3066\u65e5\u672c\u3067\u3082\u5c48\u6307\u306e\u672c\u683c\u7684\u306a\u5473\u899a\u306b\u51fa\u4f1a\u3048\u308b\u3001\u5fc3\u5b89\u3089\u3050\u5730\u3067\u3059\u3002<\/p>\t\t\t\t\t\t\t\t<\/div>\n\t\t\t\t<\/div>\n\t\t\t\t<\/div>\n\t\t\t\t<\/div>\n\t\t","protected":false},"excerpt":{"rendered":"<p>\u9577\u91ce\u770c\uff1a\u65e5\u672c\u30a2\u30eb\u30d7\u30b9\u3001\u30aa\u30ea\u30f3\u30d4\u30c3\u30af\u907a\u7523\u3001\u305d\u3057\u3066\u91ce\u751f\u52d5\u7269 \u30db\u30fc\u30e0\u30da\u30fc\u30b8 \u9577\u91ce\u770c\uff1a\u65e5\u672c\u30a2\u30eb\u30d7\u30b9\u3001\u30aa\u30ea\u30f3\u30d4\u30c3\u30af\u907a\u7523\u3001\u305d\u3057\u3066\u91ce\u751f\u52d5\u7269 \u65e5\u672c\u306e\u4e2d\u592e\u90e8\u3001\u5185\u9678\u306b\u4f4d\u7f6e\u3059\u308b\u9577\u91ce\u770c\u306f\u300c\u65e5\u672c\u306e\u5c4b\u6839\u300d\u3068\u3057\u3066\u77e5\u3089\u308c\u3066\u3044\u307e\u3059\u3002\u65e5\u672c\u3067\u6700\u3082\u96c4\u5927\u306a\u5c71\u8108\uff08 [&hellip;]<\/p>\n","protected":false},"author":1,"featured_media":0,"parent":0,"menu_order":0,"comment_status":"closed","ping_status":"closed","template":"","meta":{"footnotes":""},"class_list":["post-7182","page","type-page","status-publish","hentry"],"_links":{"self":[{"href":"https:\/\/www.edusama.com\/ja\/wp-json\/wp\/v2\/pages\/7182","targetHints":{"allow":["GET"]}}],"collection":[{"href":"https:\/\/www.edusama.com\/ja\/wp-json\/wp\/v2\/pages"}],"about":[{"href":"https:\/\/www.edusama.com\/ja\/wp-json\/wp\/v2\/types\/page"}],"author":[{"embeddable":true,"href":"https:\/\/www.edusama.com\/ja\/wp-json\/wp\/v2\/users\/1"}],"replies":[{"embeddable":true,"href":"https:\/\/www.edusama.com\/ja\/wp-json\/wp\/v2\/comments?post=7182"}],"version-history":[{"count":6,"href":"https:\/\/www.edusama.com\/ja\/wp-json\/wp\/v2\/pages\/7182\/revisions"}],"predecessor-version":[{"id":7251,"href":"https:\/\/www.edusama.com\/ja\/wp-json\/wp\/v2\/pages\/7182\/revisions\/7251"}],"wp:attachment":[{"href":"https:\/\/www.edusama.com\/ja\/wp-json\/wp\/v2\/media?parent=7182"}],"curies":[{"name":"wp","href":"https:\/\/api.w.org\/{rel}","templated":true}]}}