{"id":7174,"date":"2025-11-19T18:12:03","date_gmt":"2025-11-19T18:12:03","guid":{"rendered":"https:\/\/www.edusama.com\/fukuoka\/"},"modified":"2026-03-25T07:34:27","modified_gmt":"2026-03-25T07:34:27","slug":"fukuoka","status":"publish","type":"page","link":"https:\/\/www.edusama.com\/ja\/fukuoka\/","title":{"rendered":"Fukuoka"},"content":{"rendered":"\t\t<div data-elementor-type=\"wp-page\" data-elementor-id=\"7174\" class=\"elementor elementor-7174 elementor-5931\" data-elementor-post-type=\"page\">\n\t\t\t\t<div class=\"elementor-element elementor-element-6b1cd419 e-con-full e-flex e-con e-parent\" data-id=\"6b1cd419\" data-element_type=\"container\" data-settings=\"{&quot;background_background&quot;:&quot;classic&quot;}\">\n\t\t<div class=\"elementor-element elementor-element-f08e21 e-con-full e-flex e-con e-child\" data-id=\"f08e21\" data-element_type=\"container\">\n\t\t\t\t<div class=\"elementor-element elementor-element-5383988c elementor-widget elementor-widget-heading\" data-id=\"5383988c\" data-element_type=\"widget\" data-widget_type=\"heading.default\">\n\t\t\t\t\t<h2 class=\"elementor-heading-title elementor-size-default\">\u798f\u5ca1\uff1a\u4e5d\u5dde\u306e\u30c0\u30a4\u30ca\u30df\u30c3\u30af\u306a\u7384\u95a2\u53e3\u3068\u7f8e\u98df\u306e\u90fd<\/h2>\t\t\t\t<\/div>\n\t\t\t\t<div class=\"elementor-element elementor-element-1547266 elementor-icon-list--layout-inline elementor-align-center elementor-list-item-link-full_width elementor-widget elementor-widget-icon-list\" data-id=\"1547266\" data-element_type=\"widget\" data-widget_type=\"icon-list.default\">\n\t\t\t\t\t\t\t<ul class=\"elementor-icon-list-items elementor-inline-items\">\n\t\t\t\t\t\t\t<li class=\"elementor-icon-list-item elementor-inline-item\">\n\t\t\t\t\t\t\t\t\t\t\t<a href=\"https:\/\/www.edusama.com\/ja\">\n\n\t\t\t\t\t\t\t\t\t\t\t<span class=\"elementor-icon-list-text\">\u30db\u30fc\u30e0\u30da\u30fc\u30b8<\/span>\n\t\t\t\t\t\t\t\t\t\t\t<\/a>\n\t\t\t\t\t\t\t\t\t<\/li>\n\t\t\t\t\t\t\t\t<li class=\"elementor-icon-list-item elementor-inline-item\">\n\t\t\t\t\t\t\t\t\t\t\t<span class=\"elementor-icon-list-icon\">\n\t\t\t\t\t\t\t<svg aria-hidden=\"true\" class=\"e-font-icon-svg e-fas-chevron-right\" viewBox=\"0 0 320 512\" xmlns=\"http:\/\/www.w3.org\/2000\/svg\"><path d=\"M285.476 272.971L91.132 467.314c-9.373 9.373-24.569 9.373-33.941 0l-22.667-22.667c-9.357-9.357-9.375-24.522-.04-33.901L188.505 256 34.484 101.255c-9.335-9.379-9.317-24.544.04-33.901l22.667-22.667c9.373-9.373 24.569-9.373 33.941 0L285.475 239.03c9.373 9.372 9.373 24.568.001 33.941z\"><\/path><\/svg>\t\t\t\t\t\t<\/span>\n\t\t\t\t\t\t\t\t\t\t<span class=\"elementor-icon-list-text\">\u798f\u5ca1\uff1a\u4e5d\u5dde\u306e\u30c0\u30a4\u30ca\u30df\u30c3\u30af\u306a\u7384\u95a2\u53e3\u3068\u7f8e\u98df\u306e\u90fd<\/span>\n\t\t\t\t\t\t\t\t\t<\/li>\n\t\t\t\t\t\t<\/ul>\n\t\t\t\t\t\t<\/div>\n\t\t\t\t<\/div>\n\t\t\t\t<\/div>\n\t\t<div class=\"elementor-element elementor-element-d1028c0 e-con-full e-flex e-con e-parent\" data-id=\"d1028c0\" data-element_type=\"container\">\n\t\t<div class=\"elementor-element elementor-element-686f5a41 e-con-full e-flex e-con e-child\" data-id=\"686f5a41\" data-element_type=\"container\">\n\t\t\t\t<div class=\"elementor-element elementor-element-719c2363 elementor-arrows-position-inside elementor-pagination-position-outside elementor-widget elementor-widget-image-carousel\" data-id=\"719c2363\" data-element_type=\"widget\" data-settings=\"{&quot;slides_to_show&quot;:&quot;1&quot;,&quot;navigation&quot;:&quot;both&quot;,&quot;autoplay&quot;:&quot;yes&quot;,&quot;pause_on_hover&quot;:&quot;yes&quot;,&quot;pause_on_interaction&quot;:&quot;yes&quot;,&quot;autoplay_speed&quot;:5000,&quot;infinite&quot;:&quot;yes&quot;,&quot;effect&quot;:&quot;slide&quot;,&quot;speed&quot;:500}\" data-widget_type=\"image-carousel.default\">\n\t\t\t\t\t\t\t<div class=\"elementor-image-carousel-wrapper swiper\" role=\"region\" aria-roledescription=\"carousel\" aria-label=\"Resim D\u00f6ng\u00fcs\u00fc\" dir=\"ltr\">\n\t\t\t<div class=\"elementor-image-carousel swiper-wrapper\" aria-live=\"off\">\n\t\t\t\t\t\t\t\t<div class=\"swiper-slide\" role=\"group\" aria-roledescription=\"slide\" aria-label=\"1 \/ 5\"><figure class=\"swiper-slide-inner\"><img decoding=\"async\" class=\"swiper-slide-image\" src=\"https:\/\/www.edusama.com\/wp-content\/uploads\/elementor\/thumbs\/Fukuoka-2-rey4880z7h4lwe9p0o6r94q5inboff3cmwz609f9lk.jpg\" alt=\"Fukuoka - 2\" \/><\/figure><\/div><div class=\"swiper-slide\" role=\"group\" aria-roledescription=\"slide\" aria-label=\"2 \/ 5\"><figure class=\"swiper-slide-inner\"><img decoding=\"async\" class=\"swiper-slide-image\" src=\"https:\/\/www.edusama.com\/wp-content\/uploads\/elementor\/thumbs\/Fukuoka-3-scaled-rey48bsbyt9r6u48ept9j3rzw6t5a7i9zfl3xd9owo.jpg\" alt=\"Fukuoka - 3\" \/><\/figure><\/div><div class=\"swiper-slide\" role=\"group\" aria-roledescription=\"slide\" aria-label=\"3 \/ 5\"><figure class=\"swiper-slide-inner\"><img decoding=\"async\" class=\"swiper-slide-image\" src=\"https:\/\/www.edusama.com\/wp-content\/uploads\/elementor\/thumbs\/Fukuoka-4-scaled-rey48vixyc0rynbk7gcfhgsoda3uruon25ab06gfa0.jpg\" alt=\"Fukuoka, Japan downtown city skyline.\" \/><\/figure><\/div><div class=\"swiper-slide\" role=\"group\" aria-roledescription=\"slide\" aria-label=\"4 \/ 5\"><figure class=\"swiper-slide-inner\"><img decoding=\"async\" class=\"swiper-slide-image\" src=\"https:\/\/www.edusama.com\/wp-content\/uploads\/elementor\/thumbs\/Fukuoka-5-rey49084wi77kp4qg0dkbxlzc7gouc7aqsjqek9gew.jpg\" alt=\"Stunnning,View,From,Maizuru,Park,Of,Fukuoka,City,With,Fukuoka\" \/><\/figure><\/div><div class=\"swiper-slide\" role=\"group\" aria-roledescription=\"slide\" aria-label=\"5 \/ 5\"><figure class=\"swiper-slide-inner\"><img decoding=\"async\" class=\"swiper-slide-image\" src=\"https:\/\/www.edusama.com\/wp-content\/uploads\/elementor\/thumbs\/Fukuoka-6-rey4923ta69s7x20516tgx4wiz7f9qerf1upd46o2g.jpg\" alt=\"Fukuoka- 6\" \/><\/figure><\/div>\t\t\t<\/div>\n\t\t\t\t\t\t\t\t\t\t\t\t<div class=\"elementor-swiper-button elementor-swiper-button-prev\" role=\"button\" tabindex=\"0\">\n\t\t\t\t\t\t<svg aria-hidden=\"true\" class=\"e-font-icon-svg e-eicon-chevron-left\" viewBox=\"0 0 1000 1000\" xmlns=\"http:\/\/www.w3.org\/2000\/svg\"><path d=\"M646 125C629 125 613 133 604 142L308 442C296 454 292 471 292 487 292 504 296 521 308 533L604 854C617 867 629 875 646 875 663 875 679 871 692 858 704 846 713 829 713 812 713 796 708 779 692 767L438 487 692 225C700 217 708 204 708 187 708 171 704 154 692 142 675 129 663 125 646 125Z\"><\/path><\/svg>\t\t\t\t\t<\/div>\n\t\t\t\t\t<div class=\"elementor-swiper-button elementor-swiper-button-next\" role=\"button\" tabindex=\"0\">\n\t\t\t\t\t\t<svg aria-hidden=\"true\" class=\"e-font-icon-svg e-eicon-chevron-right\" viewBox=\"0 0 1000 1000\" xmlns=\"http:\/\/www.w3.org\/2000\/svg\"><path d=\"M696 533C708 521 713 504 713 487 713 471 708 454 696 446L400 146C388 133 375 125 354 125 338 125 325 129 313 142 300 154 292 171 292 187 292 204 296 221 308 233L563 492 304 771C292 783 288 800 288 817 288 833 296 850 308 863 321 871 338 875 354 875 371 875 388 867 400 854L696 533Z\"><\/path><\/svg>\t\t\t\t\t<\/div>\n\t\t\t\t\n\t\t\t\t\t\t\t\t\t<div class=\"swiper-pagination\"><\/div>\n\t\t\t\t\t\t\t\t\t<\/div>\n\t\t\t\t\t\t<\/div>\n\t\t\t\t<div class=\"elementor-element elementor-element-31a724ec elementor-widget elementor-widget-text-editor\" data-id=\"31a724ec\" data-element_type=\"widget\" data-widget_type=\"text-editor.default\">\n\t\t\t\t\t\t\t\t\t<p>\u65e5\u672c\u5357\u90e8\u306b\u4f4d\u7f6e\u3059\u308b\u4e5d\u5dde\u6700\u5927\u306e\u90fd\u5e02\u3067\u3042\u308a\u3001\u4e3b\u8981\u306a\u7384\u95a2\u53e3\u3067\u3042\u308b\u798f\u5ca1\u306f\u3001\u6b74\u53f2\u7684\u306b\u30a2\u30b8\u30a2\u5927\u9678\u3001\u3068\u308a\u308f\u3051\u97d3\u56fd\u3084\u4e2d\u56fd\u3078\u3068\u958b\u304b\u308c\u305f\u6226\u7565\u7684\u306a\u6e2f\u753a\u3067\u3057\u305f\u3002\u3053\u306e\u5730\u7406\u7684\u306a\u8fd1\u3055\u304c\u3001\u798f\u5ca1\u306b\u65e5\u672c\u306e\u4ed6\u5730\u57df\u3068\u306f\u7570\u306a\u308b\u3001\u958b\u653e\u7684\u3067\u56fd\u969b\u8272\u8c4a\u304b\u3001\u304b\u3064\u6d3b\u6c17\u3042\u308b\u500b\u6027\u3092\u4e0e\u3048\u3066\u3044\u307e\u3059\u3002<\/p><p>\u798f\u5ca1\u306f\u3001\u73fe\u4ee3\u7684\u306a\u5927\u90fd\u5e02\u306e\u30a8\u30cd\u30eb\u30ae\u30fc\u3001\u8c4a\u304b\u306a\u6b74\u53f2\u907a\u7523\u3001\u305d\u3057\u3066\u65e5\u672c\u5c48\u6307\u306e\u98df\u6587\u5316\u3092\u4f75\u305b\u6301\u3064\u8857\u3067\u3059\u3002\u307e\u305f\u3001\u300c\u751f\u6d3b\u306e\u8cea\u304c\u9ad8\u3044\u90fd\u5e02\u300d\u3068\u3057\u3066\u3082\u3057\u3070\u3057\u3070\u8a55\u4fa1\u3055\u308c\u3066\u3044\u307e\u3059\u3002<\/p><p><strong>\u8857\u306e\u30ea\u30ba\u30e0\uff1a\u535a\u591a\u306e\u7cbe\u795e\u3068\u30e2\u30c0\u30f3\u306a\u5929\u795e<\/strong><\/p><p>\u798f\u5ca1\u306e\u73fe\u4ee3\u7684\u306a\u30a2\u30a4\u30c7\u30f3\u30c6\u30a3\u30c6\u30a3\u306f\u3001\u4e8c\u3064\u306e\u6b74\u53f2\u3042\u308b\u8857\u306e\u7d71\u5408\u306b\u3088\u3063\u3066\u5f62\u3065\u304f\u3089\u308c\u3066\u304a\u308a\u3001\u305d\u306e\u4e8c\u9762\u6027\u306f\u4eca\u3082\u306f\u3063\u304d\u308a\u3068\u611f\u3058\u3089\u308c\u307e\u3059\u3002<\/p><ul><li><strong>\u535a\u591a\uff08\u6771\u5074\uff09\uff1a<\/strong> \u6b74\u53f2\u3042\u308b\u4ea4\u6613\u6e2f\u3067\u3042\u308a\u3001\u4f1d\u7d71\u7684\u306a\u4e2d\u5fc3\u5730\u3067\u3059\u3002\u300c\u535a\u591a\u306e\u7cbe\u795e\u300d\u306f\u3001\u5546\u4eba\u6c17\u8cea\u3001\u4eba\u60c5\u5473\u3042\u3075\u308c\u308b\u4eba\u3005\u3001\u305d\u3057\u3066\u535a\u591a\u7947\u5712\u5c71\u7b20\u306b\u4ee3\u8868\u3055\u308c\u308b\u71b1\u6c17\u3042\u308b\u796d\u308a\u3092\u8c61\u5fb4\u3057\u3066\u3044\u307e\u3059\u3002\u4e3b\u8981\u30bf\u30fc\u30df\u30ca\u30eb\u3067\u3042\u308b\u535a\u591a\u99c5\u3082\u3053\u306e\u30a8\u30ea\u30a2\u306b\u3042\u308a\u307e\u3059\u3002<\/li><li><strong>\u5929\u795e\uff08\u897f\u5074\uff09\uff1a<\/strong> \u304b\u3064\u3066\u306e\u57ce\u4e0b\u753a\u3067\u3001\u73fe\u5728\u306f\u798f\u5ca1\u306e\u884c\u653f\u30fb\u5546\u696d\u30fb\u30d5\u30a1\u30c3\u30b7\u30e7\u30f3\u306e\u4e2d\u5fc3\u5730\u3067\u3059\u3002\u5de8\u5927\u306a\u5730\u4e0b\u8857\u3001\u9ad8\u7d1a\u5e97\u3001\u82e5\u8005\u6587\u5316\u304c\u96c6\u307e\u308b\u5929\u795e\u306f\u3001\u798f\u5ca1\u306e\u73fe\u4ee3\u7684\u306a\u9854\u3092\u5f62\u3065\u304f\u3063\u3066\u3044\u307e\u3059\u3002<\/li><\/ul><p>\u3053\u306e\u4e8c\u3064\u306e\u30a8\u30ea\u30a2\u306f\u90a3\u73c2\u5ddd\u306b\u3088\u3063\u3066\u5206\u3051\u3089\u308c\u3066\u304a\u308a\u3001\u5ddd\u306e\u4e2d\u5dde\u306b\u4f4d\u7f6e\u3059\u308b\u4e2d\u6d32\u306f\u3001\u5e02\u5185\u3067\u6700\u3082\u6709\u540d\u306a\u30ca\u30a4\u30c8\u30e9\u30a4\u30d5\u3068\u6b53\u697d\u306e\u4e2d\u5fc3\u5730\u3067\u3059\u3002<\/p><p><strong>\u4e3b\u8981\u306a\u898b\u3069\u3053\u308d\u3068\u6b74\u53f2\u7684\u907a\u7523<\/strong><\/p><p>\u798f\u5ca1\u306f\u30b3\u30f3\u30d1\u30af\u30c8\u306a\u90fd\u5e02\u69cb\u9020\u306b\u3088\u308a\u3001\u6b74\u53f2\u7684\u30b9\u30dd\u30c3\u30c8\u3068\u73fe\u4ee3\u7684\u306a\u65bd\u8a2d\u306e\u4e21\u65b9\u306b\u5bb9\u6613\u306b\u30a2\u30af\u30bb\u30b9\u3067\u304d\u307e\u3059\u3002<\/p><p><strong>\u5927\u6fe0\u516c\u5712<\/strong><\/p><p>\u5e02\u306e\u4e2d\u5fc3\u90e8\u306b\u3042\u308b\u30aa\u30a2\u30b7\u30b9\u306e\u3088\u3046\u306a\u3053\u306e\u5927\u898f\u6a21\u516c\u5712\u306f\u3001\u304b\u3064\u3066\u306e\u57ce\u306e\u5800\u8de1\u3092\u5229\u7528\u3057\u305f\u5927\u304d\u306a\u6c60\u3092\u4e2d\u5fc3\u306b\u6574\u5099\u3055\u308c\u3066\u3044\u307e\u3059\u3002\u30b8\u30e7\u30ae\u30f3\u30b0\u3084\u6563\u7b56\u3001\u6e56\u7554\u306b\u3042\u308b\u798f\u5ca1\u5e02\u7f8e\u8853\u9928\u306e\u8a2a\u554f\u306b\u4eba\u6c17\u306e\u30b9\u30dd\u30c3\u30c8\u3067\u3059\u3002<\/p><p><strong>\u30ad\u30e3\u30ca\u30eb\u30b7\u30c6\u30a3\u535a\u591a<\/strong><\/p><p>\u535a\u591a\u3068\u5929\u795e\u306e\u9593\u306b\u4f4d\u7f6e\u3059\u308b\u3053\u306e\u5de8\u5927\u306a\u5546\u696d\u30fb\u30a8\u30f3\u30bf\u30fc\u30c6\u30a4\u30f3\u30e1\u30f3\u30c8\u8907\u5408\u65bd\u8a2d\u306f\u3001\u6577\u5730\u5185\u3092\u6d41\u308c\u308b\u4eba\u5de5\u904b\u6cb3\u3092\u4e2d\u5fc3\u306b\u8a2d\u8a08\u3055\u308c\u3066\u3044\u307e\u3059\u3002\u30b7\u30e7\u30c3\u30d7\u3001\u30ec\u30b9\u30c8\u30e9\u30f3\u3001\u6620\u753b\u9928\u3001\u6c34\u306e\u6f14\u51fa\u304c\u305d\u308d\u3044\u3001\u300c\u8857\u306e\u4e2d\u306e\u8857\u300d\u3068\u3044\u3046\u30b3\u30f3\u30bb\u30d7\u30c8\u3092\u4f53\u73fe\u3057\u3066\u3044\u307e\u3059\u3002<\/p><p><strong>\u592a\u5bb0\u5e9c\u5929\u6e80\u5bae<\/strong><\/p><p>\u798f\u5ca1\u5e02\u4e2d\u5fc3\u90e8\u306e\u3059\u3050\u5916\u306b\u4f4d\u7f6e\u3059\u308b\u592a\u5bb0\u5e9c\u5929\u6e80\u5bae\u306f\u3001\u65e5\u672c\u3092\u4ee3\u8868\u3059\u308b\u91cd\u8981\u306a\u795e\u793e\u306e\u4e00\u3064\u3067\u3059\u3002\u5b66\u554f\u30fb\u77e5\u6075\u30fb\u66f8\u9053\u306e\u795e\u3068\u3057\u3066\u4fe1\u4ef0\u3055\u308c\u308b\u83c5\u539f\u9053\u771f\u3092\u7940\u3063\u3066\u3044\u307e\u3059\u3002\u7279\u306b\u53d7\u9a13\u30b7\u30fc\u30ba\u30f3\u306b\u306f\u3001\u5b66\u751f\u3084\u5b66\u696d\u6210\u5c31\u3092\u9858\u3046\u53c2\u62dd\u8005\u3067\u8cd1\u308f\u3044\u307e\u3059\u3002<\/p><p><strong>\u798f\u5ca1\u57ce\u8de1\uff08\u821e\u9db4\u516c\u5712\uff09<\/strong><\/p><p>\u5929\u795e\u30a8\u30ea\u30a2\u306e\u3059\u3050\u96a3\u306b\u4f4d\u7f6e\u3059\u308b\u3053\u306e\u516c\u5712\u306f\u3001\u798f\u5ca1\u57ce\u306e\u77f3\u57a3\u3084\u907a\u69cb\u3092\u6d3b\u304b\u3057\u3066\u6574\u5099\u3055\u308c\u3066\u3044\u307e\u3059\u3002\u7279\u306b\u685c\u306e\u5b63\u7bc0\u306b\u306f\u3001\u82b1\u898b\u306e\u540d\u6240\u3068\u3057\u3066\u591a\u304f\u306e\u4eba\u3067\u8cd1\u308f\u3044\u307e\u3059\u3002<\/p><p><strong>\u98df\u6587\u5316\uff1a\u8c5a\u9aa8\u30e9\u30fc\u30e1\u30f3\u3068\u300c\u5c4b\u53f0\u300d\u767a\u7965\u306e\u5730<\/strong><\/p><p>\u798f\u5ca1\u306f\u3001\u65e5\u672c\u3092\u4ee3\u8868\u3059\u308b\u98df\u306e\u90fd\u306e\u4e00\u3064\u3067\u3042\u308a\u3001\u591a\u304f\u306e\u540d\u7269\u6599\u7406\u306e\u767a\u7965\u5730\u3067\u3059\u3002<\/p><ul><li><strong>\u535a\u591a\uff08\u8c5a\u9aa8\uff09\u30e9\u30fc\u30e1\u30f3\uff1a<\/strong> \u798f\u5ca1\u304c\u4e16\u754c\u306b\u8a87\u308b\u4e00\u676f\u3067\u3059\u3002\u8c5a\u9aa8\u3092\u9577\u6642\u9593\u716e\u8fbc\u3093\u3067\u4f5c\u308b\u6fc3\u539a\u3067\u30af\u30ea\u30fc\u30df\u30fc\u306a\u30b9\u30fc\u30d7\u306b\u3001\u7d30\u304f\u30b3\u30b7\u306e\u3042\u308b\u9eba\u3092\u5408\u308f\u305b\u305f\u30e9\u30fc\u30e1\u30f3\u3067\u3001\u4e00\u862d\u3084\u4e00\u98a8\u5802\u3068\u3044\u3063\u305f\u4e16\u754c\u7684\u306b\u6709\u540d\u306a\u30e9\u30fc\u30e1\u30f3\u5e97\u3082\u3053\u3053\u304b\u3089\u751f\u307e\u308c\u307e\u3057\u305f\u3002<\/li><li><strong>\u5c4b\u53f0\uff1a<\/strong> \u798f\u5ca1\u3067\u6700\u3082\u30aa\u30fc\u30bb\u30f3\u30c6\u30a3\u30c3\u30af\u306a\u4f53\u9a13\u306e\u4e00\u3064\u304c\u3001\u5915\u65b9\u304b\u3089\u4e2d\u6d32\u3084\u5929\u795e\u5468\u8fba\u306b\u4e26\u3076\u5c4b\u53f0\u3067\u3059\u3002\u7d04100\u8ed2\u307b\u3069\u306e\u5c0f\u3055\u306a\u5c4b\u53f0\u3067\u306f\u3001\u30e9\u30fc\u30e1\u30f3\u3001\u713c\u304d\u9ce5\u3001\u304a\u3067\u3093\u306a\u3069\u3092\u5473\u308f\u3044\u306a\u304c\u3089\u3001\u5730\u5143\u306e\u4eba\u3005\u3068\u306e\u4ea4\u6d41\u3082\u697d\u3057\u3081\u307e\u3059\u3002<\/li><li><strong>\u3082\u3064\u934b\uff1a<\/strong> \u725b\u3084\u8c5a\u306e\u3082\u3064\u3001\u30ad\u30e3\u30d9\u30c4\u3001\u30cb\u30e9\u306a\u3069\u306e\u91ce\u83dc\u3092\u3001\u91a4\u6cb9\u307e\u305f\u306f\u5473\u564c\u30d9\u30fc\u30b9\u306e\u30b9\u30fc\u30d7\u3067\u716e\u8fbc\u3093\u3060\u3001\u798f\u5ca1\u540d\u7269\u306e\u98df\u3079\u5fdc\u3048\u3042\u308b\u934b\u6599\u7406\u3067\u3059\u3002<\/li><\/ul><p>\u798f\u5ca1\u306f\u3001\u3086\u3063\u305f\u308a\u3068\u3057\u305f\u30e9\u30a4\u30d5\u30b9\u30bf\u30a4\u30eb\u3001\u30a2\u30b8\u30a2\u3078\u306e\u8fd1\u3055\u3001\u73fe\u4ee3\u7684\u306a\u90fd\u5e02\u6a5f\u80fd\u3001\u305d\u3057\u3066\u4f55\u3088\u308a\u3082\u8857\u306e\u9b42\u3092\u6620\u3057\u51fa\u3059\u8c4a\u304b\u306a\u98df\u6587\u5316\u306b\u3088\u3063\u3066\u3001\u65e5\u672c\u3067\u3082\u5c48\u6307\u306e\u6d3b\u6c17\u3068\u9b45\u529b\u3092\u5099\u3048\u305f\u90fd\u5e02\u3067\u3059\u3002<\/p>\t\t\t\t\t\t\t\t<\/div>\n\t\t\t\t<\/div>\n\t\t\t\t<\/div>\n\t\t\t\t<\/div>\n\t\t","protected":false},"excerpt":{"rendered":"<p>\u798f\u5ca1\uff1a\u4e5d\u5dde\u306e\u30c0\u30a4\u30ca\u30df\u30c3\u30af\u306a\u7384\u95a2\u53e3\u3068\u7f8e\u98df\u306e\u90fd \u30db\u30fc\u30e0\u30da\u30fc\u30b8 \u798f\u5ca1\uff1a\u4e5d\u5dde\u306e\u30c0\u30a4\u30ca\u30df\u30c3\u30af\u306a\u7384\u95a2\u53e3\u3068\u7f8e\u98df\u306e\u90fd \u65e5\u672c\u5357\u90e8\u306b\u4f4d\u7f6e\u3059\u308b\u4e5d\u5dde\u6700\u5927\u306e\u90fd\u5e02\u3067\u3042\u308a\u3001\u4e3b\u8981\u306a\u7384\u95a2\u53e3\u3067\u3042\u308b\u798f\u5ca1\u306f\u3001\u6b74\u53f2\u7684\u306b\u30a2\u30b8\u30a2\u5927\u9678\u3001\u3068\u308a\u308f\u3051\u97d3\u56fd\u3084\u4e2d\u56fd\u3078\u3068\u958b\u304b\u308c\u305f\u6226 [&hellip;]<\/p>\n","protected":false},"author":1,"featured_media":0,"parent":0,"menu_order":0,"comment_status":"closed","ping_status":"closed","template":"","meta":{"footnotes":""},"class_list":["post-7174","page","type-page","status-publish","hentry"],"_links":{"self":[{"href":"https:\/\/www.edusama.com\/ja\/wp-json\/wp\/v2\/pages\/7174","targetHints":{"allow":["GET"]}}],"collection":[{"href":"https:\/\/www.edusama.com\/ja\/wp-json\/wp\/v2\/pages"}],"about":[{"href":"https:\/\/www.edusama.com\/ja\/wp-json\/wp\/v2\/types\/page"}],"author":[{"embeddable":true,"href":"https:\/\/www.edusama.com\/ja\/wp-json\/wp\/v2\/users\/1"}],"replies":[{"embeddable":true,"href":"https:\/\/www.edusama.com\/ja\/wp-json\/wp\/v2\/comments?post=7174"}],"version-history":[{"count":6,"href":"https:\/\/www.edusama.com\/ja\/wp-json\/wp\/v2\/pages\/7174\/revisions"}],"predecessor-version":[{"id":7244,"href":"https:\/\/www.edusama.com\/ja\/wp-json\/wp\/v2\/pages\/7174\/revisions\/7244"}],"wp:attachment":[{"href":"https:\/\/www.edusama.com\/ja\/wp-json\/wp\/v2\/media?parent=7174"}],"curies":[{"name":"wp","href":"https:\/\/api.w.org\/{rel}","templated":true}]}}