{"id":7166,"date":"2025-11-19T18:09:20","date_gmt":"2025-11-19T18:09:20","guid":{"rendered":"https:\/\/www.edusama.com\/saitama\/"},"modified":"2026-03-25T07:30:52","modified_gmt":"2026-03-25T07:30:52","slug":"saitama","status":"publish","type":"page","link":"https:\/\/www.edusama.com\/ja\/saitama\/","title":{"rendered":"Saitama"},"content":{"rendered":"\t\t<div data-elementor-type=\"wp-page\" data-elementor-id=\"7166\" class=\"elementor elementor-7166 elementor-5922\" data-elementor-post-type=\"page\">\n\t\t\t\t<div class=\"elementor-element elementor-element-50b9e134 e-con-full e-flex e-con e-parent\" data-id=\"50b9e134\" data-element_type=\"container\" data-settings=\"{&quot;background_background&quot;:&quot;classic&quot;}\">\n\t\t<div class=\"elementor-element elementor-element-20199261 e-con-full e-flex e-con e-child\" data-id=\"20199261\" data-element_type=\"container\">\n\t\t\t\t<div class=\"elementor-element elementor-element-2f5f8611 elementor-widget elementor-widget-heading\" data-id=\"2f5f8611\" data-element_type=\"widget\" data-widget_type=\"heading.default\">\n\t\t\t\t\t<h2 class=\"elementor-heading-title elementor-size-default\">\u57fc\u7389\u770c\uff1a\u6771\u4eac\u306e\u96a3\u3001\u6b74\u53f2\u3042\u308b\u300c\u5c0f\u6c5f\u6238\u300d\u3068\u81ea\u7136\u306e\u96a0\u308c\u5bb6<\/h2>\t\t\t\t<\/div>\n\t\t\t\t<div class=\"elementor-element elementor-element-35d6eeae elementor-icon-list--layout-inline elementor-align-center elementor-list-item-link-full_width elementor-widget elementor-widget-icon-list\" data-id=\"35d6eeae\" data-element_type=\"widget\" data-widget_type=\"icon-list.default\">\n\t\t\t\t\t\t\t<ul class=\"elementor-icon-list-items elementor-inline-items\">\n\t\t\t\t\t\t\t<li class=\"elementor-icon-list-item elementor-inline-item\">\n\t\t\t\t\t\t\t\t\t\t\t<a href=\"https:\/\/www.edusama.com\/ja\">\n\n\t\t\t\t\t\t\t\t\t\t\t<span class=\"elementor-icon-list-text\">\u30db\u30fc\u30e0\u30da\u30fc\u30b8<\/span>\n\t\t\t\t\t\t\t\t\t\t\t<\/a>\n\t\t\t\t\t\t\t\t\t<\/li>\n\t\t\t\t\t\t\t\t<li class=\"elementor-icon-list-item elementor-inline-item\">\n\t\t\t\t\t\t\t\t\t\t\t<span class=\"elementor-icon-list-icon\">\n\t\t\t\t\t\t\t<svg aria-hidden=\"true\" class=\"e-font-icon-svg e-fas-chevron-right\" viewBox=\"0 0 320 512\" xmlns=\"http:\/\/www.w3.org\/2000\/svg\"><path d=\"M285.476 272.971L91.132 467.314c-9.373 9.373-24.569 9.373-33.941 0l-22.667-22.667c-9.357-9.357-9.375-24.522-.04-33.901L188.505 256 34.484 101.255c-9.335-9.379-9.317-24.544.04-33.901l22.667-22.667c9.373-9.373 24.569-9.373 33.941 0L285.475 239.03c9.373 9.372 9.373 24.568.001 33.941z\"><\/path><\/svg>\t\t\t\t\t\t<\/span>\n\t\t\t\t\t\t\t\t\t\t<span class=\"elementor-icon-list-text\">\u57fc\u7389\u770c\uff1a\u6771\u4eac\u306e\u96a3\u3001\u6b74\u53f2\u3042\u308b\u300c\u5c0f\u6c5f\u6238\u300d\u3068\u81ea\u7136\u306e\u96a0\u308c\u5bb6<\/span>\n\t\t\t\t\t\t\t\t\t<\/li>\n\t\t\t\t\t\t<\/ul>\n\t\t\t\t\t\t<\/div>\n\t\t\t\t<\/div>\n\t\t\t\t<\/div>\n\t\t<div class=\"elementor-element elementor-element-42524df1 e-con-full e-flex e-con e-parent\" data-id=\"42524df1\" data-element_type=\"container\">\n\t\t<div class=\"elementor-element elementor-element-1754a8de e-con-full e-flex e-con e-child\" data-id=\"1754a8de\" data-element_type=\"container\">\n\t\t\t\t<div class=\"elementor-element elementor-element-59df5699 elementor-arrows-position-inside elementor-pagination-position-outside elementor-widget elementor-widget-image-carousel\" data-id=\"59df5699\" data-element_type=\"widget\" data-settings=\"{&quot;slides_to_show&quot;:&quot;1&quot;,&quot;navigation&quot;:&quot;both&quot;,&quot;autoplay&quot;:&quot;yes&quot;,&quot;pause_on_hover&quot;:&quot;yes&quot;,&quot;pause_on_interaction&quot;:&quot;yes&quot;,&quot;autoplay_speed&quot;:5000,&quot;infinite&quot;:&quot;yes&quot;,&quot;effect&quot;:&quot;slide&quot;,&quot;speed&quot;:500}\" data-widget_type=\"image-carousel.default\">\n\t\t\t\t\t\t\t<div class=\"elementor-image-carousel-wrapper swiper\" role=\"region\" aria-roledescription=\"carousel\" aria-label=\"Resim D\u00f6ng\u00fcs\u00fc\" dir=\"ltr\">\n\t\t\t<div class=\"elementor-image-carousel swiper-wrapper\" aria-live=\"off\">\n\t\t\t\t\t\t\t\t<div class=\"swiper-slide\" role=\"group\" aria-roledescription=\"slide\" aria-label=\"1 \/ 1\"><figure class=\"swiper-slide-inner\"><img decoding=\"async\" class=\"swiper-slide-image\" src=\"https:\/\/www.edusama.com\/wp-content\/uploads\/elementor\/thumbs\/Saitama-1-scaled-rey4604p2k38hjhqz7ngv6vz0w9h95a5zxiw7qpqag.jpg\" alt=\"Chichibu, Saitama, Japan city skyline at dusk.\" \/><\/figure><\/div>\t\t\t<\/div>\n\t\t\t\t\t<\/div>\n\t\t\t\t\t\t<\/div>\n\t\t\t\t<div class=\"elementor-element elementor-element-68db6cc6 elementor-widget elementor-widget-text-editor\" data-id=\"68db6cc6\" data-element_type=\"widget\" data-widget_type=\"text-editor.default\">\n\t\t\t\t\t\t\t\t\t<p>\u6771\u4eac\u306e\u3059\u3050\u5317\u306b\u4f4d\u7f6e\u3059\u308b\u57fc\u7389\u770c\u306f\u3001\u65e5\u672c\u6700\u5927\u306e\u90fd\u5e02\u570f\u306b\u304a\u3044\u3066\u6b20\u304b\u305b\u306a\u3044\u5b58\u5728\u3067\u3059\u3002\u9996\u90fd\u306e\u90ca\u5916\u3001\u3042\u308b\u3044\u306f\u300c\u30d9\u30c3\u30c9\u30bf\u30a6\u30f3\u300d\u3068\u3057\u3066\u8a9e\u3089\u308c\u308b\u3053\u3068\u304c\u591a\u3044\u3082\u306e\u306e\u3001\u305d\u3046\u3057\u305f\u4e00\u822c\u7684\u306a\u30a4\u30e1\u30fc\u30b8\u306f\u3001\u57fc\u7389\u304c\u6301\u3064\u6df1\u3044\u6b74\u53f2\u3001\u8c4a\u304b\u306a\u6587\u5316\u3001\u305d\u3057\u3066\u5e83\u5927\u306a\u81ea\u7136\u74b0\u5883\u3092\u898b\u843d\u3068\u3057\u3066\u3044\u307e\u3059\u3002<\/p><p>\u57fc\u7389\u306f\u3001\u6771\u4eac\u3068\u76f4\u7d50\u3057\u305f\u73fe\u4ee3\u7684\u3067\u90fd\u5e02\u7684\u306a\u66ae\u3089\u3057\u3092\u63d0\u4f9b\u3059\u308b\u4e00\u65b9\u3067\u3001\u8a2a\u308c\u308b\u4eba\u3005\u3092\u6c5f\u6238\u6642\u4ee3\u306e\u9762\u5f71\u304c\u6b8b\u308b\u8857\u4e26\u307f\u3084\u3001\u79e9\u7236\u306e\u96c4\u5927\u306a\u5c71\u3005\u3078\u3068\u8a98\u3046\u3001\u5bfe\u7167\u7684\u306a\u9b45\u529b\u306b\u6e80\u3061\u305f\u5730\u57df\u3067\u3059\u3002<\/p><p><strong>\u8857\u306e\u30ea\u30ba\u30e0\uff1a\u30a2\u30af\u30bb\u30b9\u306e\u826f\u3055\u3068\u4e8c\u3064\u306e\u7570\u306a\u308b\u4e16\u754c<\/strong><\/p><p>\u57fc\u7389\u306e\u66ae\u3089\u3057\u306e\u30ea\u30ba\u30e0\u306f\u3001\u305d\u306e\u5730\u7406\u7684\u306a\u4f4d\u7f6e\u95a2\u4fc2\u306b\u3088\u3063\u3066\u3001\u306f\u3063\u304d\u308a\u3068\u4e8c\u3064\u306b\u5206\u304b\u308c\u3066\u3044\u307e\u3059\u3002<\/p><ul><li><strong>\u5357\u90e8\u5730\u57df\uff08\u90fd\u5e02\u751f\u6d3b\uff09\uff1a<\/strong> \u770c\u5e81\u6240\u5728\u5730\u3067\u3042\u308b\u3055\u3044\u305f\u307e\u5e02\u3084\u3001\u5927\u5bae\u3001\u6d66\u548c\u3068\u3044\u3063\u305f\u5357\u90e8\u30a8\u30ea\u30a2\u306f\u3001\u6771\u4eac\u3078\u306e\u9244\u9053\u30a2\u30af\u30bb\u30b9\u306b\u512a\u308c\u305f\u9ad8\u5bc6\u5ea6\u306e\u90fd\u5e02\u570f\u3067\u3059\u3002\u3053\u3053\u3067\u306e\u66ae\u3089\u3057\u306f\u3001\u9996\u90fd\u3078\u901a\u52e4\u30fb\u901a\u5b66\u3059\u308b\u4f55\u767e\u4e07\u4eba\u3082\u306e\u4eba\u3005\u306e\u30ea\u30ba\u30e0\u306b\u652f\u3048\u3089\u308c\u3001\u73fe\u4ee3\u7684\u3067\u30b9\u30d4\u30fc\u30c7\u30a3\u30fc\u3001\u975e\u5e38\u306b\u5229\u4fbf\u6027\u304c\u9ad8\u3044\u306e\u304c\u7279\u5fb4\u3067\u3059\u3002<\/li><li><strong>\u5317\u90e8\u30fb\u897f\u90e8\u5730\u57df\uff08\u81ea\u7136\u3068\u4f1d\u7d71\uff09\uff1a<\/strong> \u770c\u306e\u897f\u5074\u3001\u7279\u306b\u79e9\u7236\u65b9\u9762\u3078\u9032\u3080\u306b\u3064\u308c\u3066\u3001\u98a8\u666f\u306f\u4e00\u5909\u3057\u307e\u3059\u3002\u90fd\u5e02\u306e\u666f\u8272\u306f\u3001\u5c71\u3005\u3001\u68ee\u6797\u3001\u5ddd\u3001\u305d\u3057\u3066\u4f1d\u7d71\u7684\u306a\u8fb2\u5730\u3078\u3068\u59ff\u3092\u5909\u3048\u3001\u66ae\u3089\u3057\u306e\u30c6\u30f3\u30dd\u3082\u3088\u308a\u3086\u3063\u305f\u308a\u3068\u3057\u3001\u81ea\u7136\u3068\u5bc6\u63a5\u306b\u7d50\u3073\u3064\u3044\u305f\u3082\u306e\u306b\u306a\u308a\u307e\u3059\u3002<\/li><\/ul><p><strong>\u4e3b\u8981\u306a\u898b\u3069\u3053\u308d\u3068\u6b74\u53f2\u7684\u907a\u7523<\/strong><\/p><p>\u57fc\u7389\u306e\u771f\u306e\u9b45\u529b\u306f\u3001\u6771\u4eac\u304b\u3089\u6c17\u8efd\u306b\u8a2a\u308c\u308b\u3053\u3068\u304c\u3067\u304d\u308b\u6b74\u53f2\u7684\u30fb\u81ea\u7136\u7684\u306a\u62e0\u70b9\u306b\u3042\u308a\u307e\u3059\u3002<\/p><p><strong>\u5ddd\u8d8a\uff1a\u300c\u5c0f\u6c5f\u6238\uff08\u3053\u3048\u3069\uff09\u300d<\/strong><\/p><p>\u57fc\u7389\u770c\u3092\u4ee3\u8868\u3059\u308b\u89b3\u5149\u5730\u3067\u3042\u308b\u5ddd\u8d8a\u306f\u3001\u6c5f\u6238\u6642\u4ee3\u306e\u9762\u5f71\u3092\u5947\u8de1\u7684\u306b\u4eca\u306b\u4f1d\u3048\u308b\u5546\u4eba\u306e\u753a\u3067\u3059\u3002<\/p><ul><li><strong>\u8535\u9020\u308a\u306e\u753a\u4e26\u307f\uff1a<\/strong> \u8010\u706b\u6027\u306b\u512a\u308c\u305f\u6728\u9020\u30fb\u571f\u8535\u9020\u308a\u306e\u5efa\u7269\u304c\u7acb\u3061\u4e26\u3076\u30e1\u30a4\u30f3\u30b9\u30c8\u30ea\u30fc\u30c8\u3067\u3001\u8a2a\u308c\u308b\u4eba\u3092\u307e\u308b\u3067\u6642\u4ee3\u3092\u9061\u308b\u65c5\u3078\u3068\u8a98\u3044\u307e\u3059\u3002<\/li><li><strong>\u6642\u306e\u9418\uff1a<\/strong> \u753a\u306e\u8c61\u5fb4\u3067\u3042\u308b\u3053\u306e\u6728\u9020\u306e\u9418\u697c\u306f\u3001\u73fe\u5728\u3082\u4e00\u65e5\u306b\u56db\u56de\u9418\u3092\u9cf4\u3089\u3057\u3001\u6642\u3092\u544a\u3052\u3066\u3044\u307e\u3059\u3002<\/li><\/ul><p><strong>\u79e9\u7236\u5730\u57df<\/strong><\/p><p>\u770c\u897f\u90e8\u306b\u5e83\u304c\u308b\u3053\u306e\u5c71\u9593\u5730\u57df\u306f\u3001\u6771\u4eac\u304b\u3089\u6c17\u8efd\u306b\u8a2a\u308c\u308b\u3053\u3068\u304c\u3067\u304d\u308b\u81ea\u7136\u8c4a\u304b\u306a\u4fdd\u990a\u5730\u3067\u3059\u3002<\/p><ul><li><strong>\u9577\u701e\u5ddd\uff1a<\/strong> \u8feb\u529b\u3042\u308b\u5ca9\u808c\u306e\u9593\u3092\u9032\u3080\u3001\u4f1d\u7d71\u7684\u306a\u6728\u821f\u306b\u3088\u308b\u5ddd\u4e0b\u308a\u304c\u6709\u540d\u3067\u3059\u3002<\/li><li><strong>\u7f8a\u5c71\u516c\u5712\uff1a<\/strong> \u6625\u306b\u306a\u308b\u3068\u829d\u685c\u304c\u54b2\u304d\u8a87\u308a\u3001\u659c\u9762\u4e00\u9762\u304c\u30d4\u30f3\u30af\u3084\u7d2b\u306e\u7d68\u6bef\u306e\u3088\u3046\u306b\u67d3\u307e\u308a\u307e\u3059\u3002<\/li><li><strong>\u79e9\u7236\u591c\u796d\uff1a<\/strong> 12\u6708\u306b\u958b\u50ac\u3055\u308c\u308b\u3053\u306e\u796d\u308a\u306f\u3001\u4eac\u90fd\u306e\u7947\u5712\u796d\u3068\u4e26\u3076\u65e5\u672c\u6709\u6570\u306e\u8c6a\u83ef\u306a\u5c4b\u53f0\u796d\u308a\u3068\u3057\u3066\u77e5\u3089\u308c\u3001\u30e6\u30cd\u30b9\u30b3\u7121\u5f62\u6587\u5316\u907a\u7523\u306b\u767b\u9332\u3055\u308c\u3066\u3044\u307e\u3059\u3002<\/li><\/ul><p><strong>\u5927\u5bae\uff08\u3055\u3044\u305f\u307e\u5e02\uff09<\/strong><\/p><p>\u57fc\u7389\u306e\u73fe\u4ee3\u7684\u306a\u4e2d\u5fc3\u5730\u3067\u3042\u308a\u3001\u91cd\u8981\u306a\u4ea4\u901a\u306e\u8981\u885d\u3067\u3042\u308b\u5927\u5bae\u306f\u3001\u4e8c\u3064\u306e\u500b\u6027\u7684\u306a\u6587\u5316\u65bd\u8a2d\u3092\u64c1\u3057\u3066\u3044\u307e\u3059\u3002<\/p><ul><li><strong>\u9244\u9053\u535a\u7269\u9928\uff1a<\/strong> \u65e5\u672c\u6700\u5927\u7d1a\u304b\u3064\u6700\u3082\u5145\u5b9f\u3057\u305f\u9244\u9053\u535a\u7269\u9928\u306e\u4e00\u3064\u3067\u3001\u6b74\u53f2\u7684\u306a\u6a5f\u95a2\u8eca\u304b\u3089\u6700\u65b0\u306e\u9ad8\u901f\u9244\u9053\u30b7\u30df\u30e5\u30ec\u30fc\u30bf\u30fc\u307e\u3067\u5e45\u5e83\u304f\u5c55\u793a\u3057\u3066\u3044\u307e\u3059\u3002<\/li><li><strong>\u5927\u5bae\u76c6\u683d\u6751\uff1a<\/strong> \u4e16\u754c\u7684\u306b\u6709\u540d\u306a\u76c6\u683d\u5712\u3084\u76c6\u683d\u7f8e\u8853\u9928\u304c\u96c6\u307e\u308b\u5730\u57df\u3067\u3001\u76c6\u683d\u611b\u597d\u5bb6\u306b\u3068\u3063\u3066\u306e\u8056\u5730\u3068\u3055\u308c\u3066\u3044\u307e\u3059\u3002<\/li><\/ul><p><strong>\u98df\u6587\u5316\uff1a\u3055\u3064\u307e\u3044\u3082\u3068\u90f7\u571f\u306e\u9eba\u6599\u7406<\/strong><\/p><p>\u57fc\u7389\u306e\u98df\u6587\u5316\u306f\u3001\u8fb2\u696d\u3092\u57fa\u76e4\u3068\u3057\u305f\u80cc\u666f\u3092\u8272\u6fc3\u304f\u53cd\u6620\u3057\u3066\u3044\u307e\u3059\u3002<\/p><ul><li><strong>\u3055\u3064\u307e\u3044\u3082\uff1a<\/strong> \u5ddd\u8d8a\u306f\u3001\u3055\u3064\u307e\u3044\u3082\u3092\u4f7f\u3063\u305f\u540d\u7269\u3067\u7279\u306b\u6709\u540d\u3067\u3059\u3002\u3055\u3064\u307e\u3044\u3082\u30c1\u30c3\u30d7\u30b9\u3001\u30a2\u30a4\u30b9\u30af\u30ea\u30fc\u30e0\u3001\u30d3\u30fc\u30eb\u3001\u305d\u3057\u3066\u83d3\u5b50\u5c4b\u6a2a\u4e01\u3067\u5473\u308f\u3048\u308b\u4f1d\u7d71\u7684\u306a\u548c\u83d3\u5b50\u306f\u3001\u305c\u3072\u8a66\u3057\u305f\u3044\u4e00\u54c1\u3067\u3059\u3002<\/li><li><strong>\u3046\u306a\u304e\uff1a<\/strong> \u6d66\u548c\u3084\u5ddd\u8d8a\u5468\u8fba\u306f\u3001\u6c5f\u6238\u6642\u4ee3\u304b\u3089\u7d9a\u304f\u4f1d\u7d71\u3092\u6301\u3064\u3001\u8cea\u306e\u9ad8\u3044\u3046\u306a\u304e\u6599\u7406\u5e97\u3067\u77e5\u3089\u308c\u3066\u3044\u307e\u3059\u3002<\/li><li><strong>\u305d\u3070\u30fb\u3046\u3069\u3093\uff1a<\/strong> \u79e9\u7236\u5730\u57df\u3067\u306f\u3001\u5c71\u306e\u6e05\u3089\u304b\u306a\u6c34\u3067\u4f5c\u3089\u308c\u308b\u98a8\u5473\u8c4a\u304b\u306a\u305d\u3070\u3084\u3046\u3069\u3093\u304c\u89aa\u3057\u307e\u308c\u3066\u3044\u307e\u3059\u3002<\/li><\/ul><p>\u57fc\u7389\u770c\u306f\u3001\u6771\u4eac\u306e\u5f71\u306b\u96a0\u308c\u305f\u5358\u306a\u308b\u90ca\u5916\u3067\u306f\u3042\u308a\u307e\u305b\u3093\u3002\u9996\u90fd\u306e\u3059\u3050\u96a3\u3067\u3001\u5ddd\u8d8a\u306e\u60c5\u7dd2\u3042\u308b\u6b74\u53f2\u4f53\u9a13\u3068\u79e9\u7236\u306e\u96c4\u5927\u306a\u81ea\u7136\u3092\u540c\u6642\u306b\u697d\u3057\u3081\u308b\u3001\u591a\u9762\u7684\u306a\u9b45\u529b\u3092\u6301\u3064\u5730\u57df\u3067\u3059\u3002<\/p>\t\t\t\t\t\t\t\t<\/div>\n\t\t\t\t<\/div>\n\t\t\t\t<\/div>\n\t\t\t\t<\/div>\n\t\t","protected":false},"excerpt":{"rendered":"<p>\u57fc\u7389\u770c\uff1a\u6771\u4eac\u306e\u96a3\u3001\u6b74\u53f2\u3042\u308b\u300c\u5c0f\u6c5f\u6238\u300d\u3068\u81ea\u7136\u306e\u96a0\u308c\u5bb6 \u30db\u30fc\u30e0\u30da\u30fc\u30b8 \u57fc\u7389\u770c\uff1a\u6771\u4eac\u306e\u96a3\u3001\u6b74\u53f2\u3042\u308b\u300c\u5c0f\u6c5f\u6238\u300d\u3068\u81ea\u7136\u306e\u96a0\u308c\u5bb6 \u6771\u4eac\u306e\u3059\u3050\u5317\u306b\u4f4d\u7f6e\u3059\u308b\u57fc\u7389\u770c\u306f\u3001\u65e5\u672c\u6700\u5927\u306e\u90fd\u5e02\u570f\u306b\u304a\u3044\u3066\u6b20\u304b\u305b\u306a\u3044\u5b58\u5728\u3067\u3059\u3002\u9996\u90fd\u306e\u90ca\u5916\u3001\u3042\u308b\u3044\u306f\u300c\u30d9\u30c3 [&hellip;]<\/p>\n","protected":false},"author":1,"featured_media":0,"parent":0,"menu_order":0,"comment_status":"closed","ping_status":"closed","template":"","meta":{"footnotes":""},"class_list":["post-7166","page","type-page","status-publish","hentry"],"_links":{"self":[{"href":"https:\/\/www.edusama.com\/ja\/wp-json\/wp\/v2\/pages\/7166","targetHints":{"allow":["GET"]}}],"collection":[{"href":"https:\/\/www.edusama.com\/ja\/wp-json\/wp\/v2\/pages"}],"about":[{"href":"https:\/\/www.edusama.com\/ja\/wp-json\/wp\/v2\/types\/page"}],"author":[{"embeddable":true,"href":"https:\/\/www.edusama.com\/ja\/wp-json\/wp\/v2\/users\/1"}],"replies":[{"embeddable":true,"href":"https:\/\/www.edusama.com\/ja\/wp-json\/wp\/v2\/comments?post=7166"}],"version-history":[{"count":6,"href":"https:\/\/www.edusama.com\/ja\/wp-json\/wp\/v2\/pages\/7166\/revisions"}],"predecessor-version":[{"id":7238,"href":"https:\/\/www.edusama.com\/ja\/wp-json\/wp\/v2\/pages\/7166\/revisions\/7238"}],"wp:attachment":[{"href":"https:\/\/www.edusama.com\/ja\/wp-json\/wp\/v2\/media?parent=7166"}],"curies":[{"name":"wp","href":"https:\/\/api.w.org\/{rel}","templated":true}]}}