{"id":6685,"date":"2025-11-19T18:07:27","date_gmt":"2025-11-19T18:07:27","guid":{"rendered":"https:\/\/www.edusama.com\/hakodate\/"},"modified":"2026-01-20T19:12:34","modified_gmt":"2026-01-20T19:12:34","slug":"hakodate","status":"publish","type":"page","link":"https:\/\/www.edusama.com\/ja\/hakodate\/","title":{"rendered":"Hakodate"},"content":{"rendered":"\t\t<div data-elementor-type=\"wp-page\" data-elementor-id=\"6685\" class=\"elementor elementor-6685 elementor-5909\" data-elementor-post-type=\"page\">\n\t\t\t\t<div class=\"elementor-element elementor-element-7cbdc9d6 e-con-full e-flex e-con e-parent\" data-id=\"7cbdc9d6\" data-element_type=\"container\" data-settings=\"{&quot;background_background&quot;:&quot;classic&quot;}\">\n\t\t<div class=\"elementor-element elementor-element-752c92ad e-con-full e-flex e-con e-child\" data-id=\"752c92ad\" data-element_type=\"container\">\n\t\t\t\t<div class=\"elementor-element elementor-element-25bafe36 elementor-widget elementor-widget-heading\" data-id=\"25bafe36\" data-element_type=\"widget\" data-widget_type=\"heading.default\">\n\t\t\t\t\t<h2 class=\"elementor-heading-title elementor-size-default\">\u51fd\u9928\uff1a\u65e5\u672c\u306e\u897f\u6d0b\u306b\u958b\u304b\u308c\u305f\u30ce\u30b9\u30bf\u30eb\u30b8\u30c3\u30af\u306a\u6e2f\u753a<\/h2>\t\t\t\t<\/div>\n\t\t\t\t<div class=\"elementor-element elementor-element-2a9ceecf elementor-icon-list--layout-inline elementor-align-center elementor-list-item-link-full_width elementor-widget elementor-widget-icon-list\" data-id=\"2a9ceecf\" data-element_type=\"widget\" data-widget_type=\"icon-list.default\">\n\t\t\t\t\t\t\t<ul class=\"elementor-icon-list-items elementor-inline-items\">\n\t\t\t\t\t\t\t<li class=\"elementor-icon-list-item elementor-inline-item\">\n\t\t\t\t\t\t\t\t\t\t\t<a href=\"https:\/\/www.edusama.com\/ja\/\">\n\n\t\t\t\t\t\t\t\t\t\t\t<span class=\"elementor-icon-list-text\">\u30db\u30fc\u30e0\u30da\u30fc\u30b8<\/span>\n\t\t\t\t\t\t\t\t\t\t\t<\/a>\n\t\t\t\t\t\t\t\t\t<\/li>\n\t\t\t\t\t\t\t\t<li class=\"elementor-icon-list-item elementor-inline-item\">\n\t\t\t\t\t\t\t\t\t\t\t<span class=\"elementor-icon-list-icon\">\n\t\t\t\t\t\t\t<svg aria-hidden=\"true\" class=\"e-font-icon-svg e-fas-chevron-right\" viewBox=\"0 0 320 512\" xmlns=\"http:\/\/www.w3.org\/2000\/svg\"><path d=\"M285.476 272.971L91.132 467.314c-9.373 9.373-24.569 9.373-33.941 0l-22.667-22.667c-9.357-9.357-9.375-24.522-.04-33.901L188.505 256 34.484 101.255c-9.335-9.379-9.317-24.544.04-33.901l22.667-22.667c9.373-9.373 24.569-9.373 33.941 0L285.475 239.03c9.373 9.372 9.373 24.568.001 33.941z\"><\/path><\/svg>\t\t\t\t\t\t<\/span>\n\t\t\t\t\t\t\t\t\t\t<span class=\"elementor-icon-list-text\">\u51fd\u9928\uff1a\u65e5\u672c\u306e\u897f\u6d0b\u306b\u958b\u304b\u308c\u305f\u30ce\u30b9\u30bf\u30eb\u30b8\u30c3\u30af\u306a\u6e2f\u753a<\/span>\n\t\t\t\t\t\t\t\t\t<\/li>\n\t\t\t\t\t\t<\/ul>\n\t\t\t\t\t\t<\/div>\n\t\t\t\t<\/div>\n\t\t\t\t<\/div>\n\t\t<div class=\"elementor-element elementor-element-36b199a e-con-full e-flex e-con e-parent\" data-id=\"36b199a\" data-element_type=\"container\">\n\t\t<div class=\"elementor-element elementor-element-764684ca e-con-full e-flex e-con e-child\" data-id=\"764684ca\" data-element_type=\"container\">\n\t\t\t\t<div class=\"elementor-element elementor-element-11ae3890 elementor-arrows-position-inside elementor-pagination-position-outside elementor-widget elementor-widget-image-carousel\" data-id=\"11ae3890\" data-element_type=\"widget\" data-settings=\"{&quot;slides_to_show&quot;:&quot;1&quot;,&quot;navigation&quot;:&quot;both&quot;,&quot;autoplay&quot;:&quot;yes&quot;,&quot;pause_on_hover&quot;:&quot;yes&quot;,&quot;pause_on_interaction&quot;:&quot;yes&quot;,&quot;autoplay_speed&quot;:5000,&quot;infinite&quot;:&quot;yes&quot;,&quot;effect&quot;:&quot;slide&quot;,&quot;speed&quot;:500}\" data-widget_type=\"image-carousel.default\">\n\t\t\t\t\t\t\t<div class=\"elementor-image-carousel-wrapper swiper\" role=\"region\" aria-roledescription=\"carousel\" aria-label=\"Resim D\u00f6ng\u00fcs\u00fc\" dir=\"ltr\">\n\t\t\t<div class=\"elementor-image-carousel swiper-wrapper\" aria-live=\"off\">\n\t\t\t\t\t\t\t\t<div class=\"swiper-slide\" role=\"group\" aria-roledescription=\"slide\" aria-label=\"1 \/ 3\"><figure class=\"swiper-slide-inner\"><img decoding=\"async\" class=\"swiper-slide-image\" src=\"https:\/\/www.edusama.com\/wp-content\/uploads\/elementor\/thumbs\/Hakodate-1-scaled-rey40ypufj6w8st9ej8gzyo0dj3mzk9yyzm6lc6pnc.jpg\" alt=\"Hakodate - 1\" \/><\/figure><\/div><div class=\"swiper-slide\" role=\"group\" aria-roledescription=\"slide\" aria-label=\"2 \/ 3\"><figure class=\"swiper-slide-inner\"><img decoding=\"async\" class=\"swiper-slide-image\" src=\"https:\/\/www.edusama.com\/wp-content\/uploads\/elementor\/thumbs\/Hakodate-2-rey410lit79gw0qj3k1q4y6xkaudeyhfn8x5jw3xaw.jpg\" alt=\"Hakodate - 2\" \/><\/figure><\/div><div class=\"swiper-slide\" role=\"group\" aria-roledescription=\"slide\" aria-label=\"3 \/ 3\"><figure class=\"swiper-slide-inner\"><img decoding=\"async\" class=\"swiper-slide-image\" src=\"https:\/\/www.edusama.com\/wp-content\/uploads\/elementor\/thumbs\/Hakodate-3-scaled-rey41m7t6e32b1v4lbe58aqj85vtbzv9e7xbl97vbs.jpg\" alt=\"Hakodate, Hokkaido, Japan autumn skyline.\" \/><\/figure><\/div>\t\t\t<\/div>\n\t\t\t\t\t\t\t\t\t\t\t\t<div class=\"elementor-swiper-button elementor-swiper-button-prev\" role=\"button\" tabindex=\"0\">\n\t\t\t\t\t\t<svg aria-hidden=\"true\" class=\"e-font-icon-svg e-eicon-chevron-left\" viewBox=\"0 0 1000 1000\" xmlns=\"http:\/\/www.w3.org\/2000\/svg\"><path d=\"M646 125C629 125 613 133 604 142L308 442C296 454 292 471 292 487 292 504 296 521 308 533L604 854C617 867 629 875 646 875 663 875 679 871 692 858 704 846 713 829 713 812 713 796 708 779 692 767L438 487 692 225C700 217 708 204 708 187 708 171 704 154 692 142 675 129 663 125 646 125Z\"><\/path><\/svg>\t\t\t\t\t<\/div>\n\t\t\t\t\t<div class=\"elementor-swiper-button elementor-swiper-button-next\" role=\"button\" tabindex=\"0\">\n\t\t\t\t\t\t<svg aria-hidden=\"true\" class=\"e-font-icon-svg e-eicon-chevron-right\" viewBox=\"0 0 1000 1000\" xmlns=\"http:\/\/www.w3.org\/2000\/svg\"><path d=\"M696 533C708 521 713 504 713 487 713 471 708 454 696 446L400 146C388 133 375 125 354 125 338 125 325 129 313 142 300 154 292 171 292 187 292 204 296 221 308 233L563 492 304 771C292 783 288 800 288 817 288 833 296 850 308 863 321 871 338 875 354 875 371 875 388 867 400 854L696 533Z\"><\/path><\/svg>\t\t\t\t\t<\/div>\n\t\t\t\t\n\t\t\t\t\t\t\t\t\t<div class=\"swiper-pagination\"><\/div>\n\t\t\t\t\t\t\t\t\t<\/div>\n\t\t\t\t\t\t<\/div>\n\t\t\t\t<div class=\"elementor-element elementor-element-26ea1525 elementor-widget elementor-widget-text-editor\" data-id=\"26ea1525\" data-element_type=\"widget\" data-widget_type=\"text-editor.default\">\n\t\t\t\t\t\t\t\t\t<div class=\"wpb_text_column wpb_content_element\"><div class=\"wpb_wrapper\"><p>\u65e5\u672c\u6700\u5317\u7aef\u306b\u3042\u308b\u5317\u6d77\u9053\u306e\u5357\u7aef\u306b\u4f4d\u7f6e\u3059\u308b\u51fd\u9928\u306f\u3001\u65e5\u672c\u3092\u4ee3\u8868\u3059\u308b\u91cd\u8981\u304b\u3064\u6b74\u53f2\u3042\u308b\u6e2f\u753a\u306e\u4e00\u3064\u3067\u3059\u30021854\u5e74\u306e\u65e5\u7c73\u548c\u89aa\u6761\u7d04\u306b\u3088\u308a\u3001\u4e0b\u7530\u3068\u4e26\u3093\u3067\u3001\u65e5\u672c\u304c\u7d04200\u5e74\u306b\u308f\u305f\u308b\u9396\u56fd\u3092\u7d42\u3048\u3001\u5bfe\u5916\u8cbf\u6613\u306b\u958b\u304b\u308c\u305f\u306e\u6e2f\u306e\u4e00\u3064\u3068\u306a\u308a\u307e\u3057\u305f\u3002 <\/p><p>\u3053\u306e\u65e9\u3044\u6bb5\u968e\u3067\u306e\u56fd\u969b\u7684\u306a\u4ea4\u6d41\u306f\u3001\u51fd\u9928\u306e\u5efa\u7bc9\u3001\u98df\u6587\u5316\u3001\u305d\u3057\u3066\u8857\u5168\u4f53\u306e\u96f0\u56f2\u6c17\u306b\u300c\u30b3\u30b9\u30e2\u30dd\u30ea\u30bf\u30f3\u300d\u306a\u8272\u5408\u3044\u3092\u6df1\u304f\u523b\u307f\u8fbc\u307f\u307e\u3057\u305f\u3002\u51fd\u9928\u306f\u3001\u30c9\u30e9\u30de\u30c1\u30c3\u30af\u306a\u591c\u666f\u3001\u897f\u6d0b\u98a8\u306e\u6b74\u53f2\u7684\u5efa\u9020\u7269\u3001\u65b0\u9bae\u306a\u6d77\u7523\u7269\u3001\u305d\u3057\u3066\u65e5\u672c\u3067\u3082\u5c48\u6307\u306e\u500b\u6027\u7684\u306a\u8ecd\u4e8b\u8981\u585e\u3067\u77e5\u3089\u308c\u3066\u3044\u307e\u3059\u3002 <\/p><p> <\/p><p><strong>\u8857\u306e\u30ea\u30ba\u30e0\uff1a\u30ce\u30b9\u30bf\u30eb\u30b8\u30fc\u3001\u512a\u96c5\u3055\u3001\u305d\u3057\u3066\u6d77<\/strong><\/p><p>\u51fd\u9928\u306e\u66ae\u3089\u3057\u306e\u30ea\u30ba\u30e0\u306f\u3001\u6e2f\u753a\u306a\u3089\u3067\u306f\u306e\u7a4f\u3084\u304b\u3067\u3042\u308a\u306a\u304c\u3089\u82af\u306e\u3042\u308b\u30c6\u30f3\u30dd\u3092\u6620\u3057\u51fa\u3057\u3066\u3044\u307e\u3059\u3002<\/p><ul><li>\u6771\u6d0b\u3068\u897f\u6d0b\u306e\u878d\u5408\uff1a \u51fd\u9928\u306e\u8857\u4e26\u307f\u306f\u3001\u65e5\u672c\u3067\u306f\u73cd\u3057\u3044\u300c\u30ec\u30c8\u30ed\u3067\u30e8\u30fc\u30ed\u30c3\u30d1\u7684\u300d\u306a\u96f0\u56f2\u6c17\u3092\u6301\u3063\u3066\u3044\u307e\u3059\u3002\u7279\u306b\u5143\u753a\u306f\u3001\u77f3\u7573\u306e\u5742\u9053\u3084\u6b74\u53f2\u3042\u308b\u9818\u4e8b\u9928\u304c\u7acb\u3061\u4e26\u3073\u3001\u307e\u308b\u3067\u6642\u4ee3\u3092\u9061\u3063\u305f\u304b\u306e\u3088\u3046\u306a\u611f\u899a\u3092\u4e0e\u3048\u3066\u304f\u308c\u307e\u3059\u3002 <\/li><li>\u6d77\u3068\u5171\u306b\u3042\u308b\u66ae\u3089\u3057\uff1a \u6e2f\u753a\u3067\u3042\u308b\u51fd\u9928\u306e\u30a2\u30a4\u30c7\u30f3\u30c6\u30a3\u30c6\u30a3\u306f\u3001\u6d77\u7523\u7269\u3078\u306e\u6df1\u3044\u7d50\u3073\u3064\u304d\u306b\u3088\u3063\u3066\u5f62\u3065\u304f\u3089\u308c\u3066\u3044\u307e\u3059\u3002\u65e9\u671d\u304b\u3089\u8cd1\u308f\u3046\u51fd\u9928\u671d\u5e02\u306f\u3001\u65b0\u9bae\u306a\u5473\u899a\u3078\u306e\u60c5\u71b1\u3068\u6f01\u696d\u6587\u5316\u306e\u4e2d\u5fc3\u5730\u3067\u3059\u3002 <\/li><li>\u30df\u30ea\u30aa\u30f3\u30c0\u30e9\u30fc\u30d3\u30e5\u30fc\uff1a \u51fd\u9928\u306f\u3001\u51fd\u9928\u5c71\u304b\u3089\u671b\u3080\u591c\u666f\u3067\u77e5\u3089\u308c\u3001\u300c\u4e16\u754c\u4e09\u5927\u591c\u666f\u306e\u4e00\u3064\u300d\u3068\u79f0\u3055\u308c\u308b\u3053\u3068\u3082\u3042\u308a\u307e\u3059\u3002\u4e8c\u3064\u306e\u6e7e\u306b\u631f\u307e\u308c\u305f\u8857\u304c\u63cf\u304f\u8c61\u5fb4\u7684\u306a\u30a2\u30fc\u30c1\u5f62\u306e\u30a4\u30eb\u30df\u30cd\u30fc\u30b7\u30e7\u30f3\u306f\u3001\u3053\u306e\u8857\u306e\u30a2\u30a4\u30c7\u30f3\u30c6\u30a3\u30c6\u30a3\u305d\u306e\u3082\u306e\u3067\u3059\u3002 <\/li><\/ul><p> <\/p><p><strong> \u6b74\u53f2\u3068\u666f\u89b3\u304c\u4ea4\u308f\u308b\u5834\u6240<\/strong><\/p><p>\u51fd\u9928\u306e\u9b45\u529b\u306f\u3001\u30b3\u30f3\u30d1\u30af\u30c8\u306a\u30a8\u30ea\u30a2\u306b\u51dd\u7e2e\u3055\u308c\u305f\u6b74\u53f2\u3068\u81ea\u7136\u306e\u7f8e\u3057\u3055\u306b\u3042\u308a\u307e\u3059\u3002<\/p><p><strong>\u51fd\u9928\u5c71\uff08\u306f\u3053\u3060\u3066\u3084\u307e\uff09<\/strong><\/p><p>\u30ed\u30fc\u30d7\u30a6\u30a7\u30a4\u3067\u30a2\u30af\u30bb\u30b9\u3067\u304d\u308b\u6a19\u9ad8334\u30e1\u30fc\u30c8\u30eb\u306e\u5c71\u9802\u304b\u3089\u306f\u3001\u51fd\u9928\u5e02\u8857\u3068\u6d25\u8efd\u6d77\u5ce1\u3092\u4e00\u671b\u3059\u308b\u58ee\u5927\u306a\u30d1\u30ce\u30e9\u30de\u304c\u5e83\u304c\u308a\u307e\u3059\u3002\u65e5\u6ca1\u5f8c\u306b\u8857\u306e\u706f\u308a\u304c\u8f1d\u304f\u5149\u666f\u306f\u3001\u300c1000\u4e07\u30c9\u30eb\u306e\u591c\u666f\u300d\u3068\u3057\u3066\u77e5\u3089\u308c\u308b\u5fd8\u308c\u304c\u305f\u3044\u4f53\u9a13\u3067\u3059\u3002 <\/p><p><strong>\u5143\u753a\u5730\u533a<\/strong><\/p><p>\u5143\u753a\u5730\u533a\u306f\u3001\u51fd\u9928\u306e\u56fd\u969b\u6587\u5316\u907a\u7523\u306e\u4e2d\u5fc3\u5730\u3067\u3059\u3002\u958b\u6e2f\u5f8c\u306b\u5916\u56fd\u4eba\u5546\u4eba\u3084\u5916\u4ea4\u5b98\u304c\u66ae\u3089\u3057\u305f\u3053\u306e\u5742\u306e\u591a\u3044\u30a8\u30ea\u30a2\u306b\u306f\u3001\u30ed\u30b7\u30a2\u6b63\u6559\u4f1a\u3084\u30ab\u30c8\u30ea\u30c3\u30af\u6559\u4f1a\u306a\u3069\u306e\u6b74\u53f2\u7684\u306a\u6559\u4f1a\u7fa4\u3001\u65e7\u30a4\u30ae\u30ea\u30b9\u9818\u4e8b\u9928\u3001\u305d\u3057\u3066\u512a\u96c5\u306a\u6d0b\u9928\u304c\u7acb\u3061\u4e26\u3093\u3067\u3044\u307e\u3059\u3002 <\/p><p><strong>\u4e94\u7a1c\u90ed<\/strong><\/p><p>\u4e94\u7a1c\u90ed\u306f\u3001\u65e5\u672c\u521d\u306e\u897f\u6d0b\u5f0f\u8981\u585e\u3067\u3001\u4e94\u8292\u661f\u5f62\u306e\u5de8\u5927\u306a\u57ce\u90ed\u3067\u3059\u3002\u3082\u3068\u3082\u3068\u306f\u3001\u30ed\u30b7\u30a2\u306e\u8105\u5a01\u306b\u5099\u3048\u308b\u305f\u3081\u3001\u5e55\u5e9c\u306b\u3088\u3063\u3066\u9632\u885b\u62e0\u70b9\u3068\u3057\u3066\u5efa\u8a2d\u3055\u308c\u307e\u3057\u305f\u3002\u305d\u306e\u5f8c\u3001\u620a\u8fb0\u6226\u4e89\uff081868\u301c1869\u5e74\uff09\u306b\u304a\u3044\u3066\u3001\u5fb3\u5ddd\u5e55\u5e9c\u306b\u5fe0\u8aa0\u3092\u8a93\u3046\u52e2\u529b\u304c\u6700\u5f8c\u306e\u62b5\u6297\u3092\u884c\u3044\u3001\u77ed\u671f\u9593\u5b58\u5728\u3057\u305f\u8766\u5937\u5171\u548c\u56fd\u3092\u6a39\u7acb\u3057\u305f\u6700\u7d42\u62e0\u70b9\u3068\u306a\u308a\u307e\u3057\u305f\u3002\u73fe\u5728\u3067\u306f\u3001\u7279\u306b\u685c\u306e\u5b63\u7bc0\u306b\u7f8e\u3057\u3044\u5e02\u6c11\u516c\u5712\u3068\u3057\u3066\u89aa\u3057\u307e\u308c\u3066\u3044\u307e\u3059\u3002   <\/p><p><strong>\u91d1\u68ee\u8d64\u30ec\u30f3\u30ac\u5009\u5eab\uff08\u30d9\u30a4\u30a8\u30ea\u30a2\uff09<\/strong><\/p><p>\u6e2f\u30a8\u30ea\u30a2\u306b\u4f4d\u7f6e\u3059\u308b\u4fee\u5fa9\u3055\u308c\u305f\u6b74\u53f2\u7684\u5009\u5eab\u7fa4\u3067\u3001\u73fe\u5728\u306f\u6d17\u7df4\u3055\u308c\u305f\u30b7\u30e7\u30c3\u30d7\u3084\u30ec\u30b9\u30c8\u30e9\u30f3\u3001\u30d3\u30fc\u30eb\u91b8\u9020\u6240\u304c\u5165\u3063\u3066\u3044\u307e\u3059\u3002\u30ce\u30b9\u30bf\u30eb\u30b8\u30c3\u30af\u3067\u30ed\u30de\u30f3\u30c1\u30c3\u30af\u306a\u96f0\u56f2\u6c17\u3092\u697d\u3057\u3081\u308b\u5834\u6240\u3067\u3059\u3002 <\/p><p> <\/p><p><strong> \u98df\u6587\u5316\uff1a\u65b0\u9bae\u306a\u6d77\u7523\u7269\u3068\u540d\u7269\u300c\u5869\u30e9\u30fc\u30e1\u30f3\u300d<\/strong><\/p><p>\u51fd\u9928\u306e\u98df\u6587\u5316\u306f\u3001\u65b0\u9bae\u306a\u6d77\u7523\u7269\u3092\u4e2d\u5fc3\u306b\u6210\u308a\u7acb\u3063\u3066\u304a\u308a\u3001\u5730\u57df\u306a\u3089\u3067\u306f\u306e\u540d\u7269\u6599\u7406\u3067\u77e5\u3089\u308c\u3066\u3044\u307e\u3059\u3002<\/p><ul><li>\u51fd\u9928\u671d\u5e02\uff08\u671d\u5e02\uff09\uff1a \u4e00\u65e5\u306e\u59cb\u307e\u308a\u306b\u6700\u9069\u306a\u5834\u6240\u3067\u3059\u3002\u3053\u3053\u3067\u306f\u3001\u30a6\u30cb\u3001\u30a4\u30af\u30e9\u3001\u30ab\u30cb\u306a\u3069\u306e\u6d77\u7523\u7269\u3092\u305f\u3063\u3077\u308a\u306e\u305b\u305f\u6d77\u9bae\u4e3c\u3092\u5473\u308f\u3046\u3053\u3068\u304c\u3067\u304d\u307e\u3059\u3002\u751f\u304d\u305f\u30a4\u30ab\u3092\u91e3\u308b\u300c\u30a4\u30ab\u91e3\u308a\u300d\u6c34\u69fd\u3082\u3001\u5e02\u5834\u306e\u540d\u7269\u306e\u4e00\u3064\u3067\u3059\u3002  <\/li><li>\u5869\u30e9\u30fc\u30e1\u30f3\uff1a \u51fd\u9928\u306f\u3001\u672d\u5e4c\u306e\u5473\u564c\u30e9\u30fc\u30e1\u30f3\u3001\u65ed\u5ddd\u306e\u91a4\u6cb9\u30e9\u30fc\u30e1\u30f3\u3068\u4e26\u3073\u3001\u5317\u6d77\u9053\u4e09\u5927\u30e9\u30fc\u30e1\u30f3\u306e\u4e00\u3064\u3067\u3042\u308b\u5869\u30e9\u30fc\u30e1\u30f3\u3067\u77e5\u3089\u308c\u3066\u3044\u307e\u3059\u3002\u9d8f\u30ac\u30e9\u3084\u8c5a\u9aa8\u3001\u6606\u5e03\u306a\u3069\u3092\u4f7f\u3063\u305f\u3001\u900f\u660e\u611f\u306e\u3042\u308b\u3042\u3063\u3055\u308a\u3068\u3057\u306a\u304c\u3089\u3082\u65e8\u5473\u8c4a\u304b\u306a\u30b9\u30fc\u30d7\u304c\u7279\u5fb4\u3067\u3059\u3002 <\/li><li>\u30a4\u30ab\uff1a \u30a4\u30ab\u306f\u51fd\u9928\u306e\u516c\u5f0f\u306a\u300c\u5e02\u306e\u9b5a\u300d\u3067\u3001\u5e02\u5185\u306e\u81f3\u308b\u6240\u3067\u898b\u304b\u3051\u308b\u3053\u3068\u304c\u3067\u304d\u307e\u3059\u3002\u65b0\u9bae\u306a\u30a4\u30ab\u523a\u3057\u306f\u3001\u51fd\u9928\u3092\u4ee3\u8868\u3059\u308b\u5473\u899a\u306e\u4e00\u3064\u3067\u3059\u3002 <\/li><\/ul><p> <\/p><\/div><\/div>\t\t\t\t\t\t\t\t<\/div>\n\t\t\t\t<\/div>\n\t\t\t\t<\/div>\n\t\t\t\t<\/div>\n\t\t","protected":false},"excerpt":{"rendered":"<p>\u51fd\u9928\uff1a\u65e5\u672c\u306e\u897f\u6d0b\u306b\u958b\u304b\u308c\u305f\u30ce\u30b9\u30bf\u30eb\u30b8\u30c3\u30af\u306a\u6e2f\u753a \u30db\u30fc\u30e0\u30da\u30fc\u30b8 \u51fd\u9928\uff1a\u65e5\u672c\u306e\u897f\u6d0b\u306b\u958b\u304b\u308c\u305f\u30ce\u30b9\u30bf\u30eb\u30b8\u30c3\u30af\u306a\u6e2f\u753a \u65e5\u672c\u6700\u5317\u7aef\u306b\u3042\u308b\u5317\u6d77\u9053\u306e\u5357\u7aef\u306b\u4f4d\u7f6e\u3059\u308b\u51fd\u9928\u306f\u3001\u65e5\u672c\u3092\u4ee3\u8868\u3059\u308b\u91cd\u8981\u304b\u3064\u6b74\u53f2\u3042\u308b\u6e2f\u753a\u306e\u4e00\u3064\u3067\u3059\u30021854\u5e74\u306e\u65e5\u7c73\u548c [&hellip;]<\/p>\n","protected":false},"author":1,"featured_media":0,"parent":0,"menu_order":0,"comment_status":"closed","ping_status":"closed","template":"","meta":{"footnotes":""},"class_list":["post-6685","page","type-page","status-publish","hentry"],"_links":{"self":[{"href":"https:\/\/www.edusama.com\/ja\/wp-json\/wp\/v2\/pages\/6685","targetHints":{"allow":["GET"]}}],"collection":[{"href":"https:\/\/www.edusama.com\/ja\/wp-json\/wp\/v2\/pages"}],"about":[{"href":"https:\/\/www.edusama.com\/ja\/wp-json\/wp\/v2\/types\/page"}],"author":[{"embeddable":true,"href":"https:\/\/www.edusama.com\/ja\/wp-json\/wp\/v2\/users\/1"}],"replies":[{"embeddable":true,"href":"https:\/\/www.edusama.com\/ja\/wp-json\/wp\/v2\/comments?post=6685"}],"version-history":[{"count":1,"href":"https:\/\/www.edusama.com\/ja\/wp-json\/wp\/v2\/pages\/6685\/revisions"}],"predecessor-version":[{"id":6686,"href":"https:\/\/www.edusama.com\/ja\/wp-json\/wp\/v2\/pages\/6685\/revisions\/6686"}],"wp:attachment":[{"href":"https:\/\/www.edusama.com\/ja\/wp-json\/wp\/v2\/media?parent=6685"}],"curies":[{"name":"wp","href":"https:\/\/api.w.org\/{rel}","templated":true}]}}