{"id":6678,"date":"2025-11-19T18:02:56","date_gmt":"2025-11-19T18:02:56","guid":{"rendered":"https:\/\/www.edusama.com\/kobe\/"},"modified":"2026-01-20T19:04:08","modified_gmt":"2026-01-20T19:04:08","slug":"kobe","status":"publish","type":"page","link":"https:\/\/www.edusama.com\/ja\/kobe\/","title":{"rendered":"Kobe"},"content":{"rendered":"\t\t<div data-elementor-type=\"wp-page\" data-elementor-id=\"6678\" class=\"elementor elementor-6678 elementor-5894\" data-elementor-post-type=\"page\">\n\t\t\t\t<div class=\"elementor-element elementor-element-3810386b e-con-full e-flex e-con e-parent\" data-id=\"3810386b\" data-element_type=\"container\" data-settings=\"{&quot;background_background&quot;:&quot;classic&quot;}\">\n\t\t<div class=\"elementor-element elementor-element-6f483718 e-con-full e-flex e-con e-child\" data-id=\"6f483718\" data-element_type=\"container\">\n\t\t\t\t<div class=\"elementor-element elementor-element-1a604c2a elementor-widget elementor-widget-heading\" data-id=\"1a604c2a\" data-element_type=\"widget\" data-widget_type=\"heading.default\">\n\t\t\t\t\t<h2 class=\"elementor-heading-title elementor-size-default\">\u795e\u6238\uff1a\u56fd\u969b\u7684\u306a\u6e2f\u753a\u306e\u7cbe\u795e\u3001\u5fa9\u8208\u306e\u529b\u3001\u305d\u3057\u3066\u4f1d\u8aac\u7684\u306a\u5473\u308f\u3044<\/h2>\t\t\t\t<\/div>\n\t\t\t\t<div class=\"elementor-element elementor-element-3e037c11 elementor-icon-list--layout-inline elementor-align-center elementor-list-item-link-full_width elementor-widget elementor-widget-icon-list\" data-id=\"3e037c11\" data-element_type=\"widget\" data-widget_type=\"icon-list.default\">\n\t\t\t\t\t\t\t<ul class=\"elementor-icon-list-items elementor-inline-items\">\n\t\t\t\t\t\t\t<li class=\"elementor-icon-list-item elementor-inline-item\">\n\t\t\t\t\t\t\t\t\t\t\t<a href=\"https:\/\/www.edusama.com\/ja\/\">\n\n\t\t\t\t\t\t\t\t\t\t\t<span class=\"elementor-icon-list-text\">\u30db\u30fc\u30e0\u30da\u30fc\u30b8<\/span>\n\t\t\t\t\t\t\t\t\t\t\t<\/a>\n\t\t\t\t\t\t\t\t\t<\/li>\n\t\t\t\t\t\t\t\t<li class=\"elementor-icon-list-item elementor-inline-item\">\n\t\t\t\t\t\t\t\t\t\t\t<span class=\"elementor-icon-list-icon\">\n\t\t\t\t\t\t\t<svg aria-hidden=\"true\" class=\"e-font-icon-svg e-fas-chevron-right\" viewBox=\"0 0 320 512\" xmlns=\"http:\/\/www.w3.org\/2000\/svg\"><path d=\"M285.476 272.971L91.132 467.314c-9.373 9.373-24.569 9.373-33.941 0l-22.667-22.667c-9.357-9.357-9.375-24.522-.04-33.901L188.505 256 34.484 101.255c-9.335-9.379-9.317-24.544.04-33.901l22.667-22.667c9.373-9.373 24.569-9.373 33.941 0L285.475 239.03c9.373 9.372 9.373 24.568.001 33.941z\"><\/path><\/svg>\t\t\t\t\t\t<\/span>\n\t\t\t\t\t\t\t\t\t\t<span class=\"elementor-icon-list-text\">\u795e\u6238\uff1a\u56fd\u969b\u7684\u306a\u6e2f\u753a\u306e\u7cbe\u795e\u3001\u5fa9\u8208\u306e\u529b\u3001\u305d\u3057\u3066\u4f1d\u8aac\u7684\u306a\u5473\u308f\u3044<\/span>\n\t\t\t\t\t\t\t\t\t<\/li>\n\t\t\t\t\t\t<\/ul>\n\t\t\t\t\t\t<\/div>\n\t\t\t\t<\/div>\n\t\t\t\t<\/div>\n\t\t<div class=\"elementor-element elementor-element-7da90096 e-con-full e-flex e-con e-parent\" data-id=\"7da90096\" data-element_type=\"container\">\n\t\t<div class=\"elementor-element elementor-element-25fe1c9e e-con-full e-flex e-con e-child\" data-id=\"25fe1c9e\" data-element_type=\"container\">\n\t\t\t\t<div class=\"elementor-element elementor-element-7e67f1d6 elementor-arrows-position-inside elementor-pagination-position-outside elementor-widget elementor-widget-image-carousel\" data-id=\"7e67f1d6\" data-element_type=\"widget\" data-settings=\"{&quot;slides_to_show&quot;:&quot;1&quot;,&quot;navigation&quot;:&quot;both&quot;,&quot;autoplay&quot;:&quot;yes&quot;,&quot;pause_on_hover&quot;:&quot;yes&quot;,&quot;pause_on_interaction&quot;:&quot;yes&quot;,&quot;autoplay_speed&quot;:5000,&quot;infinite&quot;:&quot;yes&quot;,&quot;effect&quot;:&quot;slide&quot;,&quot;speed&quot;:500}\" data-widget_type=\"image-carousel.default\">\n\t\t\t\t\t\t\t<div class=\"elementor-image-carousel-wrapper swiper\" role=\"region\" aria-roledescription=\"carousel\" aria-label=\"Resim D\u00f6ng\u00fcs\u00fc\" dir=\"ltr\">\n\t\t\t<div class=\"elementor-image-carousel swiper-wrapper\" aria-live=\"off\">\n\t\t\t\t\t\t\t\t<div class=\"swiper-slide\" role=\"group\" aria-roledescription=\"slide\" aria-label=\"1 \/ 3\"><figure class=\"swiper-slide-inner\"><img decoding=\"async\" class=\"swiper-slide-image\" src=\"https:\/\/www.edusama.com\/wp-content\/uploads\/elementor\/thumbs\/Kobe-2-scaled-rey3v1chc52t1bf70h05ryidj2bbg9qwhniyniz2vs.jpg\" alt=\"architecture, asia, asian, bay, buildings, business, city, cityscape, dark, dawn, district, dock, dusk, evening, famous, financial, harbor, harborland, hyogo, japan, japanese, kobe, landmark, lights, marina, meriken, night, of, osaka, park, pier, place, port, prefecture, scene, scenery, scenic, skyline, sunset, tower, travel, twilight, view, water, waterfront, port of kobe, kobe port, meriken park, harborland, mosaic, harbor, bay,\" \/><\/figure><\/div><div class=\"swiper-slide\" role=\"group\" aria-roledescription=\"slide\" aria-label=\"2 \/ 3\"><figure class=\"swiper-slide-inner\"><img decoding=\"async\" class=\"swiper-slide-image\" src=\"https:\/\/www.edusama.com\/wp-content\/uploads\/elementor\/thumbs\/Kobe-3-scaled-rey3vtjn165epma8ft6yure7cmgbv6uulj3j1tt9p4.jpg\" alt=\"Kobe, Japan cityscape over Motomachi towards the port.\" \/><\/figure><\/div><div class=\"swiper-slide\" role=\"group\" aria-roledescription=\"slide\" aria-label=\"3 \/ 3\"><figure class=\"swiper-slide-inner\"><img decoding=\"async\" class=\"swiper-slide-image\" src=\"https:\/\/www.edusama.com\/wp-content\/uploads\/elementor\/thumbs\/Kobe-1-scaled-rey3wokbapbvcr16eolnn1keyc7fx79zpsmjvyj9zs.jpg\" alt=\"Kobe, Japan at Akashi Kaikyo Bridge.\" \/><\/figure><\/div>\t\t\t<\/div>\n\t\t\t\t\t\t\t\t\t\t\t\t<div class=\"elementor-swiper-button elementor-swiper-button-prev\" role=\"button\" tabindex=\"0\">\n\t\t\t\t\t\t<svg aria-hidden=\"true\" class=\"e-font-icon-svg e-eicon-chevron-left\" viewBox=\"0 0 1000 1000\" xmlns=\"http:\/\/www.w3.org\/2000\/svg\"><path d=\"M646 125C629 125 613 133 604 142L308 442C296 454 292 471 292 487 292 504 296 521 308 533L604 854C617 867 629 875 646 875 663 875 679 871 692 858 704 846 713 829 713 812 713 796 708 779 692 767L438 487 692 225C700 217 708 204 708 187 708 171 704 154 692 142 675 129 663 125 646 125Z\"><\/path><\/svg>\t\t\t\t\t<\/div>\n\t\t\t\t\t<div class=\"elementor-swiper-button elementor-swiper-button-next\" role=\"button\" tabindex=\"0\">\n\t\t\t\t\t\t<svg aria-hidden=\"true\" class=\"e-font-icon-svg e-eicon-chevron-right\" viewBox=\"0 0 1000 1000\" xmlns=\"http:\/\/www.w3.org\/2000\/svg\"><path d=\"M696 533C708 521 713 504 713 487 713 471 708 454 696 446L400 146C388 133 375 125 354 125 338 125 325 129 313 142 300 154 292 171 292 187 292 204 296 221 308 233L563 492 304 771C292 783 288 800 288 817 288 833 296 850 308 863 321 871 338 875 354 875 371 875 388 867 400 854L696 533Z\"><\/path><\/svg>\t\t\t\t\t<\/div>\n\t\t\t\t\n\t\t\t\t\t\t\t\t\t<div class=\"swiper-pagination\"><\/div>\n\t\t\t\t\t\t\t\t\t<\/div>\n\t\t\t\t\t\t<\/div>\n\t\t\t\t<div class=\"elementor-element elementor-element-38e6089b elementor-widget elementor-widget-text-editor\" data-id=\"38e6089b\" data-element_type=\"widget\" data-widget_type=\"text-editor.default\">\n\t\t\t\t\t\t\t\t\t<div class=\"wpb_text_column wpb_content_element\"><div class=\"wpb_wrapper\"><p>\u65e5\u672c\u306e\u95a2\u897f\u5730\u65b9\u3001\u5927\u962a\u6e7e\u5317\u5cb8\u306b\u4f4d\u7f6e\u3059\u308b\u795e\u6238\u306f\u3001\u65e5\u672c\u6709\u6570\u306e\u56fd\u969b\u8272\u8c4a\u304b\u3067\u30b3\u30b9\u30e2\u30dd\u30ea\u30bf\u30f3\u306a\u90fd\u5e02\u306e\u4e00\u3064\u3067\u3059\u3002\u5175\u5eab\u770c\u306e\u770c\u5e81\u6240\u5728\u5730\u3067\u3042\u308b\u3053\u306e\u8857\u306f\u3001\u5c71\uff08\u516d\u7532\u5c71\uff09\u3068\u6d77\u306b\u631f\u307e\u308c\u305f\u7d30\u9577\u3044\u5730\u5f62\u306e\u4e2d\u3067\u3001\u72ec\u81ea\u306e\u500b\u6027\u3092\u80b2\u3093\u3067\u304d\u307e\u3057\u305f\u3002 <\/p><p>\u795e\u6238\u306f1868\u5e74\u306e\u660e\u6cbb\u7dad\u65b0\u671f\u306b\u3001\u897f\u6d0b\u3068\u306e\u8cbf\u6613\u306b\u958b\u304b\u308c\u305f\u6700\u521d\u671f\u306e\u6e2f\u306e\u4e00\u3064\u3068\u306a\u308a\u307e\u3057\u305f\u3002\u3053\u306e\u65e9\u3044\u6bb5\u968e\u3067\u306e\u56fd\u969b\u7684\u306a\u4ea4\u6d41\u304c\u3001\u5efa\u7bc9\u3084\u98df\u6587\u5316\u3001\u30e9\u30a4\u30d5\u30b9\u30bf\u30a4\u30eb\u306b\u81f3\u308b\u307e\u3067\u3001\u8857\u306e\u3042\u3089\u3086\u308b\u5074\u9762\u306b\u5f71\u97ff\u3092\u4e0e\u3048\u3066\u3044\u307e\u3059\u3002 <\/p><p><strong>\u8857\u306e\u30ea\u30ba\u30e0\uff1a\u56fd\u969b\u7684\u3067\u3001\u6d17\u7df4\u3055\u308c\u3001\u305d\u3057\u3066\u5f37\u976d<\/strong><\/p><p>\u795e\u6238\u306e\u66ae\u3089\u3057\u306e\u30ea\u30ba\u30e0\u306f\u3001\u6e2f\u753a\u306a\u3089\u3067\u306f\u306e\u6d3b\u6c17\u3068\u5c71\u9e93\u306e\u9759\u3051\u3055\u3092\u878d\u5408\u3055\u305b\u3066\u3044\u307e\u3059\u3002<\/p><ul><li>\u30b3\u30b9\u30e2\u30dd\u30ea\u30bf\u30f3\u306a\u907a\u7523\uff1a \u56fd\u969b\u8cbf\u6613\u306b\u958b\u304b\u308c\u3066\u304d\u305f\u6b74\u53f2\u306f\u3001\u5916\u56fd\u4eba\u5546\u4eba\u304c\u5efa\u3066\u305f\u512a\u96c5\u306a\u897f\u6d0b\u98a8\u4f4f\u5b85\uff08\u7570\u4eba\u9928\uff09\u304c\u7acb\u3061\u4e26\u3076\u5317\u91ce\u753a\u306e\u3088\u3046\u306a\u5730\u533a\u3092\u6b8b\u3057\u307e\u3057\u305f\u3002\u3053\u308c\u306b\u3088\u308a\u3001\u795e\u6238\u306f\u65e5\u672c\u306e\u4ed6\u306e\u90fd\u5e02\u3068\u306f\u7570\u306a\u308b\u3001\u3069\u3053\u304b\u30e8\u30fc\u30ed\u30c3\u30d1\u7684\u306a\u96f0\u56f2\u6c17\u3092\u6301\u3063\u3066\u3044\u307e\u3059\u3002 <\/li><li>1995\u5e74\u306e\u9707\u707d\u3068\u518d\u751f\uff1a \u795e\u6238\u306e\u73fe\u4ee3\u7684\u306a\u30a2\u30a4\u30c7\u30f3\u30c6\u30a3\u30c6\u30a3\u306f\u30011995\u5e74\u306b\u767a\u751f\u3057\u305f\u58ca\u6ec5\u7684\u306a\u962a\u795e\u30fb\u6de1\u8def\u5927\u9707\u707d\u3068\u5207\u308a\u96e2\u3057\u3066\u8a9e\u308b\u3053\u3068\u306f\u3067\u304d\u307e\u305b\u3093\u3002\u3053\u306e\u60b2\u5287\u3067\u8857\u306f\u5927\u304d\u306a\u72a0\u7272\u3092\u6255\u3044\u307e\u3057\u305f\u304c\u3001\u9a5a\u304f\u3079\u304d\u56de\u5fa9\u529b\u3092\u793a\u3057\u3001\u518d\u3073\u7acb\u3061\u4e0a\u304c\u308a\u307e\u3057\u305f\u3002\u30e1\u30ea\u30b1\u30f3\u30d1\u30fc\u30af\u306b\u3042\u308b\u795e\u6238\u6e2f\u9707\u707d\u30e1\u30e2\u30ea\u30a2\u30eb\u30d1\u30fc\u30af\u306f\u3001\u3053\u306e\u51fa\u6765\u4e8b\u3068\u8857\u306e\u5fa9\u8208\u3092\u8c61\u5fb4\u3057\u3066\u3044\u307e\u3059\u3002  <\/li><li>\u6d77\u3068\u5c71\u306b\u631f\u307e\u308c\u305f\u66ae\u3089\u3057\uff1a \u795e\u6238\u306e\u4eba\u3005\u306f\u3001\u30cf\u30fc\u30d0\u30fc\u30e9\u30f3\u30c9\u5730\u533a\u306e\u8fd1\u4ee3\u7684\u306a\u6d77\u8fba\u3068\u3001\u3059\u3050\u80cc\u5f8c\u306b\u305d\u3073\u3048\u308b\u516d\u7532\u5c71\u306e\u4e21\u65b9\u3092\u8eab\u8fd1\u306b\u697d\u3057\u3081\u308b\u3068\u3044\u3046\u8d05\u6ca2\u306a\u74b0\u5883\u306b\u3042\u308a\u307e\u3059\u3002\u516d\u7532\u5c71\u306f\u7f8e\u3057\u3044\u591c\u666f\u3084\u81ea\u7136\u3078\u306e\u5c0f\u65c5\u884c\u3092\u63d0\u4f9b\u3057\u3066\u304f\u308c\u307e\u3059\u3002<\/li><\/ul><p><strong>\u6587\u5316\u304c\u4ea4\u5dee\u3059\u308b\u5834\u6240<\/strong><\/p><p>\u795e\u6238\u306f\u3001\u3055\u307e\u3056\u307e\u306a\u6587\u5316\u304c\u96c6\u3044\u3001\u4ea4\u308f\u308b\u8c4a\u304b\u3067\u591a\u69d8\u306a\u30a8\u30ea\u30a2\u3092\u64c1\u3057\u3066\u3044\u307e\u3059\u3002<\/p><p><strong>\u795e\u6238\u6e2f\uff08\u30cf\u30fc\u30d0\u30fc\u30e9\u30f3\u30c9\u30fb\u30e1\u30ea\u30b1\u30f3\u30d1\u30fc\u30af\uff09<\/strong><\/p><p>\u3053\u306e\u30a8\u30ea\u30a2\u306f\u3001\u795e\u6238\u306e\u73fe\u4ee3\u7684\u306a\u9854\u3092\u8c61\u3057\u3066\u3044\u307e\u3059\u3002\u8c61\u5fb4\u7684\u306a\u8d64\u3044\u795e\u6238\u30dd\u30fc\u30c8\u30bf\u30ef\u30fc\u3084\u6d77\u6d0b\u535a\u7269\u9928\u3001\u5927\u578b\u5546\u696d\u65bd\u8a2d\u304c\u7acb\u3061\u4e26\u3076\u3053\u306e\u30a6\u30a9\u30fc\u30bf\u30fc\u30d5\u30ed\u30f3\u30c8\u306f\u3001\u8857\u3068\u6d77\u3068\u306e\u6df1\u3044\u7d50\u3073\u3064\u304d\u3092\u79f0\u3048\u3066\u3044\u307e\u3059\u3002 <\/p><p><strong>\u5317\u91ce\u753a\uff08\u7570\u4eba\u9928\u5730\u533a\uff09<\/strong><\/p><ol><li>19\u4e16\u7d00\u306b\u5916\u56fd\u4eba\u5546\u4eba\u3084\u5916\u4ea4\u5b98\u304c\u66ae\u3089\u3057\u3066\u3044\u305f\u3053\u306e\u4e18\u9675\u5730\u5e2f\u306f\u3001\u4fdd\u5b58\u72b6\u614b\u306e\u826f\u3044\u897f\u6d0b\u98a8\u306e\u9928\u3067\u77e5\u3089\u308c\u3066\u3044\u307e\u3059\u3002\u795e\u6238\u306e\u56fd\u969b\u7684\u306a\u6b74\u53f2\u3092\u4f53\u611f\u3067\u304d\u308b\u3001\u307e\u308b\u3067\u5c4b\u5916\u535a\u7269\u9928\u306e\u3088\u3046\u306a\u5834\u6240\u3067\u3059\u3002 <\/li><\/ol><p> <\/p><p><strong>\u5357\u4eac\u753a\uff08\u4e2d\u83ef\u8857\uff09<\/strong><\/p><p>\u5357\u4eac\u753a\u306f\u3001\u65e5\u672c\u3067\u3082\u7279\u306b\u6d3b\u6c17\u304c\u3042\u308a\u3001\u3088\u304f\u77e5\u3089\u308c\u305f\u4e2d\u83ef\u8857\u306e\u4e00\u3064\u3067\u3059\u3002\u7acb\u3061\u4e26\u3076\u5c4b\u53f0\u3084\u84b8\u3057\u305f\u5305\u5b50\uff08\u30d0\u30aa\uff09\u3001\u8272\u9bae\u3084\u304b\u306a\u88c5\u98fe\u304c\u3001\u795e\u6238\u306e\u591a\u6587\u5316\u7684\u306a\u9b45\u529b\u3092\u8c61\u5fb4\u3057\u3066\u3044\u307e\u3059\u3002 <\/p><p><strong>\u516d\u7532\u5c71<\/strong><\/p><p>\u30ed\u30fc\u30d7\u30a6\u30a7\u30a4\u3067\u30a2\u30af\u30bb\u30b9\u3067\u304d\u308b\u516d\u7532\u5c71\u304b\u3089\u306f\u3001\u795e\u6238\u5e02\u8857\u3068\u5927\u962a\u6e7e\u3092\u4e00\u671b\u3059\u308b\u7d76\u666f\u304c\u5e83\u304c\u308a\u3001\u300c1000\u4e07\u30c9\u30eb\u306e\u591c\u666f\u300d\u3068\u3057\u3066\u77e5\u3089\u308c\u308b\u58ee\u5927\u306a\u30d1\u30ce\u30e9\u30de\u3092\u697d\u3057\u3080\u3053\u3068\u304c\u3067\u304d\u307e\u3059\u3002<\/p><p><strong>\u98df\u6587\u5316\uff1a\u4e16\u754c\u7684\u306b\u6709\u540d\u306a\u300c\u795e\u6238\u725b\u300d<\/strong><\/p><p>\u795e\u6238\u306e\u540d\u306f\u3001\u4e16\u754c\u7684\u306a\u7f8e\u98df\u306e\u8c61\u5fb4\u3067\u3042\u308b\u795e\u6238\u30d3\u30fc\u30d5\u3068\u5207\u3063\u3066\u3082\u5207\u308a\u96e2\u305b\u306a\u3044\u5b58\u5728\u3067\u3059\u3002<\/p><ul><li>\u795e\u6238\u725b\u3068\u306f\uff1f\uff1a \u795e\u6238\u725b\u306f\u3001\u5175\u5eab\u770c\u5185\u3067\u306e\u307f\u98fc\u80b2\u3055\u308c\u305f\u7d14\u8840\u306e\u4f46\u99ac\u725b\u304b\u3089\u751f\u7523\u3055\u308c\u3001\u975e\u5e38\u306b\u53b3\u683c\u306a\u8a8d\u8a3c\u57fa\u6e96\u3092\u6e80\u305f\u3057\u305f\u8089\u306b\u306e\u307f\u4e0e\u3048\u3089\u308c\u308b\u30d6\u30e9\u30f3\u30c9\u3067\u3059\u3002<\/li><li>\u5473\u308f\u3044\u306e\u9055\u3044\uff1a \u6700\u5927\u306e\u7279\u5fb4\u306f\u3001\u7b4b\u7e4a\u7dad\u306e\u9593\u306b\u7d30\u304b\u304f\u5165\u308a\u8fbc\u3093\u3060\u8c4a\u304b\u306a\u971c\u964d\u308a\u3067\u3059\u3002\u3053\u306e\u8102\u306f\u878d\u70b9\u304c\u975e\u5e38\u306b\u4f4e\u304f\u3001\u8089\u306b\u9a5a\u304f\u307b\u3069\u306e\u67d4\u3089\u304b\u3055\u3001\u30b8\u30e5\u30fc\u30b7\u30fc\u3055\u3001\u305d\u3057\u3066\u6df1\u3044\u65e8\u5473\u3092\u3082\u305f\u3089\u3057\u307e\u3059\u3002 <\/li><li>\u4f53\u9a13\uff1a \u795e\u6238\u3067\u3053\u306e\u8089\u3092\u5473\u308f\u3046\u6700\u3082\u4e00\u822c\u7684\u306a\u65b9\u6cd5\u306f\u3001\u30b7\u30a7\u30d5\u304c\u76ee\u306e\u524d\u306e\u9244\u677f\u3067\u8abf\u7406\u3059\u308b\u9244\u677f\u713c\u304d\u30ec\u30b9\u30c8\u30e9\u30f3\u3067\u3059\u3002<\/li><\/ul><p>\u795e\u6238\u306f\u3001\u6570\u3005\u306e\u60b2\u5287\u3092\u4e57\u308a\u8d8a\u3048\u3001\u56fd\u969b\u7684\u306a\u907a\u7523\u3092\u512a\u96c5\u306b\u53d7\u3051\u7d99\u304e\u3001\u4e16\u754c\u3067\u3082\u6700\u4e0a\u7d1a\u306e\u7f8e\u98df\u306e\u4e00\u3064\u3092\u8a87\u308b\u3001\u5f37\u3055\u3068\u6d17\u7df4\u3092\u517c\u306d\u5099\u3048\u305f\u90fd\u5e02\u3067\u3059\u3002<\/p><\/div><\/div>\t\t\t\t\t\t\t\t<\/div>\n\t\t\t\t<\/div>\n\t\t\t\t<\/div>\n\t\t\t\t<\/div>\n\t\t","protected":false},"excerpt":{"rendered":"<p>\u795e\u6238\uff1a\u56fd\u969b\u7684\u306a\u6e2f\u753a\u306e\u7cbe\u795e\u3001\u5fa9\u8208\u306e\u529b\u3001\u305d\u3057\u3066\u4f1d\u8aac\u7684\u306a\u5473\u308f\u3044 \u30db\u30fc\u30e0\u30da\u30fc\u30b8 \u795e\u6238\uff1a\u56fd\u969b\u7684\u306a\u6e2f\u753a\u306e\u7cbe\u795e\u3001\u5fa9\u8208\u306e\u529b\u3001\u305d\u3057\u3066\u4f1d\u8aac\u7684\u306a\u5473\u308f\u3044 \u65e5\u672c\u306e\u95a2\u897f\u5730\u65b9\u3001\u5927\u962a\u6e7e\u5317\u5cb8\u306b\u4f4d\u7f6e\u3059\u308b\u795e\u6238\u306f\u3001\u65e5\u672c\u6709\u6570\u306e\u56fd\u969b\u8272\u8c4a\u304b\u3067\u30b3\u30b9\u30e2\u30dd\u30ea\u30bf\u30f3\u306a\u90fd\u5e02\u306e\u4e00 [&hellip;]<\/p>\n","protected":false},"author":1,"featured_media":0,"parent":0,"menu_order":0,"comment_status":"closed","ping_status":"closed","template":"","meta":{"footnotes":""},"class_list":["post-6678","page","type-page","status-publish","hentry"],"_links":{"self":[{"href":"https:\/\/www.edusama.com\/ja\/wp-json\/wp\/v2\/pages\/6678","targetHints":{"allow":["GET"]}}],"collection":[{"href":"https:\/\/www.edusama.com\/ja\/wp-json\/wp\/v2\/pages"}],"about":[{"href":"https:\/\/www.edusama.com\/ja\/wp-json\/wp\/v2\/types\/page"}],"author":[{"embeddable":true,"href":"https:\/\/www.edusama.com\/ja\/wp-json\/wp\/v2\/users\/1"}],"replies":[{"embeddable":true,"href":"https:\/\/www.edusama.com\/ja\/wp-json\/wp\/v2\/comments?post=6678"}],"version-history":[{"count":1,"href":"https:\/\/www.edusama.com\/ja\/wp-json\/wp\/v2\/pages\/6678\/revisions"}],"predecessor-version":[{"id":6679,"href":"https:\/\/www.edusama.com\/ja\/wp-json\/wp\/v2\/pages\/6678\/revisions\/6679"}],"wp:attachment":[{"href":"https:\/\/www.edusama.com\/ja\/wp-json\/wp\/v2\/media?parent=6678"}],"curies":[{"name":"wp","href":"https:\/\/api.w.org\/{rel}","templated":true}]}}