{"id":6665,"date":"2025-11-19T17:57:30","date_gmt":"2025-11-19T17:57:30","guid":{"rendered":"https:\/\/www.edusama.com\/nagoya\/"},"modified":"2026-01-20T18:56:53","modified_gmt":"2026-01-20T18:56:53","slug":"nagoya","status":"publish","type":"page","link":"https:\/\/www.edusama.com\/ja\/nagoya\/","title":{"rendered":"Nagoya"},"content":{"rendered":"\t\t<div data-elementor-type=\"wp-page\" data-elementor-id=\"6665\" class=\"elementor elementor-6665 elementor-5879\" data-elementor-post-type=\"page\">\n\t\t\t\t<div class=\"elementor-element elementor-element-247544a8 e-con-full e-flex e-con e-parent\" data-id=\"247544a8\" data-element_type=\"container\" data-settings=\"{&quot;background_background&quot;:&quot;classic&quot;}\">\n\t\t<div class=\"elementor-element elementor-element-5b391e08 e-con-full e-flex e-con e-child\" data-id=\"5b391e08\" data-element_type=\"container\">\n\t\t\t\t<div class=\"elementor-element elementor-element-7a14bcfb elementor-widget elementor-widget-heading\" data-id=\"7a14bcfb\" data-element_type=\"widget\" data-widget_type=\"heading.default\">\n\t\t\t\t\t<h2 class=\"elementor-heading-title elementor-size-default\">\u540d\u53e4\u5c4b\uff1a\u65e5\u672c\u306e\u7523\u696d\u306e\u4e2d\u67a2\u3068\u6b66\u58eb\u306e\u907a\u7523<\/h2>\t\t\t\t<\/div>\n\t\t\t\t<div class=\"elementor-element elementor-element-75e90e70 elementor-icon-list--layout-inline elementor-align-center elementor-list-item-link-full_width elementor-widget elementor-widget-icon-list\" data-id=\"75e90e70\" data-element_type=\"widget\" data-widget_type=\"icon-list.default\">\n\t\t\t\t\t\t\t<ul class=\"elementor-icon-list-items elementor-inline-items\">\n\t\t\t\t\t\t\t<li class=\"elementor-icon-list-item elementor-inline-item\">\n\t\t\t\t\t\t\t\t\t\t\t<a href=\"https:\/\/www.edusama.com\/ja\/\">\n\n\t\t\t\t\t\t\t\t\t\t\t<span class=\"elementor-icon-list-text\">\u30db\u30fc\u30e0\u30da\u30fc\u30b8<\/span>\n\t\t\t\t\t\t\t\t\t\t\t<\/a>\n\t\t\t\t\t\t\t\t\t<\/li>\n\t\t\t\t\t\t\t\t<li class=\"elementor-icon-list-item elementor-inline-item\">\n\t\t\t\t\t\t\t\t\t\t\t<span class=\"elementor-icon-list-icon\">\n\t\t\t\t\t\t\t<svg aria-hidden=\"true\" class=\"e-font-icon-svg e-fas-chevron-right\" viewBox=\"0 0 320 512\" xmlns=\"http:\/\/www.w3.org\/2000\/svg\"><path d=\"M285.476 272.971L91.132 467.314c-9.373 9.373-24.569 9.373-33.941 0l-22.667-22.667c-9.357-9.357-9.375-24.522-.04-33.901L188.505 256 34.484 101.255c-9.335-9.379-9.317-24.544.04-33.901l22.667-22.667c9.373-9.373 24.569-9.373 33.941 0L285.475 239.03c9.373 9.372 9.373 24.568.001 33.941z\"><\/path><\/svg>\t\t\t\t\t\t<\/span>\n\t\t\t\t\t\t\t\t\t\t<span class=\"elementor-icon-list-text\">\u540d\u53e4\u5c4b\uff1a\u65e5\u672c\u306e\u7523\u696d\u306e\u4e2d\u67a2\u3068\u6b66\u58eb\u306e\u907a\u7523<\/span>\n\t\t\t\t\t\t\t\t\t<\/li>\n\t\t\t\t\t\t<\/ul>\n\t\t\t\t\t\t<\/div>\n\t\t\t\t<\/div>\n\t\t\t\t<\/div>\n\t\t<div class=\"elementor-element elementor-element-2d43c462 e-con-full e-flex e-con e-parent\" data-id=\"2d43c462\" data-element_type=\"container\">\n\t\t<div class=\"elementor-element elementor-element-7e4aa8c4 e-con-full e-flex e-con e-child\" data-id=\"7e4aa8c4\" data-element_type=\"container\">\n\t\t\t\t<div class=\"elementor-element elementor-element-33ca62b3 elementor-arrows-position-inside elementor-pagination-position-outside elementor-widget elementor-widget-image-carousel\" data-id=\"33ca62b3\" data-element_type=\"widget\" data-settings=\"{&quot;slides_to_show&quot;:&quot;1&quot;,&quot;navigation&quot;:&quot;both&quot;,&quot;autoplay&quot;:&quot;yes&quot;,&quot;pause_on_hover&quot;:&quot;yes&quot;,&quot;pause_on_interaction&quot;:&quot;yes&quot;,&quot;autoplay_speed&quot;:5000,&quot;infinite&quot;:&quot;yes&quot;,&quot;effect&quot;:&quot;slide&quot;,&quot;speed&quot;:500}\" data-widget_type=\"image-carousel.default\">\n\t\t\t\t\t\t\t<div class=\"elementor-image-carousel-wrapper swiper\" role=\"region\" aria-roledescription=\"carousel\" aria-label=\"Resim D\u00f6ng\u00fcs\u00fc\" dir=\"ltr\">\n\t\t\t<div class=\"elementor-image-carousel swiper-wrapper\" aria-live=\"off\">\n\t\t\t\t\t\t\t\t<div class=\"swiper-slide\" role=\"group\" aria-roledescription=\"slide\" aria-label=\"1 \/ 2\"><figure class=\"swiper-slide-inner\"><img decoding=\"async\" class=\"swiper-slide-image\" src=\"https:\/\/www.edusama.com\/wp-content\/uploads\/elementor\/thumbs\/Nagoya-2-scaled-rey3nhp4h0qxu0ds2pkz9d25upi8nqsh4azmyk5uu0.jpg\" alt=\"Nagoya, Japan city skyline at dusk.\" \/><\/figure><\/div><div class=\"swiper-slide\" role=\"group\" aria-roledescription=\"slide\" aria-label=\"2 \/ 2\"><figure class=\"swiper-slide-inner\"><img decoding=\"async\" class=\"swiper-slide-image\" src=\"https:\/\/www.edusama.com\/wp-content\/uploads\/elementor\/thumbs\/nagoya-rey3nq5o6j2iqi1hpb8mdsxb76cjl0q25gv0a1tba0.jpg\" alt=\"nagoya\" \/><\/figure><\/div>\t\t\t<\/div>\n\t\t\t\t\t\t\t\t\t\t\t\t<div class=\"elementor-swiper-button elementor-swiper-button-prev\" role=\"button\" tabindex=\"0\">\n\t\t\t\t\t\t<svg aria-hidden=\"true\" class=\"e-font-icon-svg e-eicon-chevron-left\" viewBox=\"0 0 1000 1000\" xmlns=\"http:\/\/www.w3.org\/2000\/svg\"><path d=\"M646 125C629 125 613 133 604 142L308 442C296 454 292 471 292 487 292 504 296 521 308 533L604 854C617 867 629 875 646 875 663 875 679 871 692 858 704 846 713 829 713 812 713 796 708 779 692 767L438 487 692 225C700 217 708 204 708 187 708 171 704 154 692 142 675 129 663 125 646 125Z\"><\/path><\/svg>\t\t\t\t\t<\/div>\n\t\t\t\t\t<div class=\"elementor-swiper-button elementor-swiper-button-next\" role=\"button\" tabindex=\"0\">\n\t\t\t\t\t\t<svg aria-hidden=\"true\" class=\"e-font-icon-svg e-eicon-chevron-right\" viewBox=\"0 0 1000 1000\" xmlns=\"http:\/\/www.w3.org\/2000\/svg\"><path d=\"M696 533C708 521 713 504 713 487 713 471 708 454 696 446L400 146C388 133 375 125 354 125 338 125 325 129 313 142 300 154 292 171 292 187 292 204 296 221 308 233L563 492 304 771C292 783 288 800 288 817 288 833 296 850 308 863 321 871 338 875 354 875 371 875 388 867 400 854L696 533Z\"><\/path><\/svg>\t\t\t\t\t<\/div>\n\t\t\t\t\n\t\t\t\t\t\t\t\t\t<div class=\"swiper-pagination\"><\/div>\n\t\t\t\t\t\t\t\t\t<\/div>\n\t\t\t\t\t\t<\/div>\n\t\t\t\t<div class=\"elementor-element elementor-element-c5ea86f elementor-widget elementor-widget-text-editor\" data-id=\"c5ea86f\" data-element_type=\"widget\" data-widget_type=\"text-editor.default\">\n\t\t\t\t\t\t\t\t\t<div class=\"wpb_text_column wpb_content_element\"><div class=\"wpb_wrapper\"><p><strong>\u540d\u53e4\u5c4b\uff1a\u65e5\u672c\u306e\u7523\u696d\u306e\u4e2d\u67a2\u3068\u6b66\u58eb\u306e\u907a\u7523<br \/><\/strong>\u65e5\u672c\u30674\u756a\u76ee\u306b\u5927\u304d\u306a\u90fd\u5e02\u3067\u3042\u308a\u3001\u611b\u77e5\u770c\u306e\u770c\u5e81\u6240\u5728\u5730\u3067\u3042\u308b\u540d\u53e4\u5c4b\u306f\u3001\u6771\u4eac\u3068\u5927\u962a\u306e\u9593\u3068\u3044\u3046\u65e5\u672c\u306e\u4e2d\u5fc3\u306e\u6226\u7565\u7684\u306a\u4f4d\u7f6e\u306b\u3042\u308a\u307e\u3059\u3002\u65e5\u672c\u6709\u6570\u306e\u7523\u696d\u90fd\u5e02\u3067\u3042\u308b\u3068\u540c\u6642\u306b\u3001\u5929\u4e0b\u7d71\u4e00\u3092\u679c\u305f\u3057\u305f\u4e09\u5927\u540d\u3067\u3042\u308b\u7e54\u7530\u4fe1\u9577\u3001\u8c4a\u81e3\u79c0\u5409\u3001\u5fb3\u5ddd\u5bb6\u5eb7\u306e\u6545\u90f7\u3068\u3057\u3066\u3001\u6df1\u3044\u6b66\u58eb\u306e\u6b74\u53f2\u3092\u6709\u3057\u3066\u3044\u307e\u3059\u3002<br \/>\u540d\u53e4\u5c4b\u306f\u3001\u672a\u6765\u7684\u306a\u7523\u696d\u65bd\u8a2d\u3001\u518d\u5efa\u3055\u308c\u305f\u58ee\u9e97\u306a\u57ce\u3001\u305d\u3057\u3066\u72ec\u81ea\u3067\u8c4a\u304b\u306a\u98df\u6587\u5316\u3092\u878d\u5408\u3055\u305b\u305f\u3001\u5b9f\u7528\u7684\u3067\u529b\u5f37\u3044\u5927\u90fd\u5e02\u3067\u3059\u3002<\/p><p><strong>\u8857\u306e\u30ea\u30ba\u30e0\uff1a\u5b9f\u7528\u4e3b\u7fa9\u3001\u751f\u7523\u3001\u305d\u3057\u3066\u5730\u5143\u306e\u8a87\u308a<br \/><\/strong>\u540d\u53e4\u5c4b\u306e\u751f\u6d3b\u30ea\u30ba\u30e0\u306f\u3001\u300c\u751f\u7523\u300d\u3068\u300c\u52b9\u7387\u300d\u3092\u8ef8\u306b\u6210\u308a\u7acb\u3063\u3066\u3044\u307e\u3059\u3002<strong><br \/><\/strong><strong>\u30fb\u7523\u696d\u306e\u4e2d\u5fc3\u5730\uff1a<\/strong>\u4e16\u754c\u7684\u306b\u6709\u540d\u306a\u30c8\u30e8\u30bf\u81ea\u52d5\u8eca\u306e\u672c\u793e\u3092\u306f\u3058\u3081\u3001\u591a\u304f\u306e\u81ea\u52d5\u8eca\u30fb\u822a\u7a7a\u5b87\u5b99\u95a2\u9023\u4f01\u696d\uff08\u4e09\u83f1\u306a\u3069\uff09\u304c\u96c6\u7a4d\u3057\u3066\u304a\u308a\u3001\u540d\u53e4\u5c4b\u306f\u65e5\u672c\u306e\u88fd\u9020\u696d\u3068\u30a8\u30f3\u30b8\u30cb\u30a2\u30ea\u30f3\u30b0\u306e\u62e0\u70b9\u3067\u3059\u3002\u3053\u306e\u74b0\u5883\u304c\u3001\u52e4\u52c9\u3067\u5b9f\u7528\u7684\u306a\u90fd\u5e02\u6c17\u8cea\u3092\u5f62\u4f5c\u3063\u3066\u3044\u307e\u3059\u3002<strong><br \/><\/strong><strong>\u30fb\u4ea4\u901a\u306e\u8981\u6240\uff1a<\/strong>\u65e5\u672c\u306e\u4e2d\u592e\u306b\u4f4d\u7f6e\u3059\u308b\u3053\u3068\u304b\u3089\u3001\u65b0\u5e79\u7dda\u3092\u542b\u3080\u91cd\u8981\u306a\u7269\u6d41\u30fb\u4ea4\u901a\u306e\u62e0\u70b9\u3068\u306a\u3063\u3066\u3044\u307e\u3059\u3002<strong><br \/><\/strong><strong>\u30fb\u5f37\u3044\u5730\u57df\u30a2\u30a4\u30c7\u30f3\u30c6\u30a3\u30c6\u30a3\uff1a<\/strong>\u540d\u53e4\u5c4b\u306e\u4eba\u3005\u306f\u3001\u72ec\u81ea\u306e\u6587\u5316\u3084\u65b9\u8a00\u3001\u305d\u3057\u3066\u7279\u306b\u6771\u4eac\u3084\u5927\u962a\u3068\u306f\u660e\u78ba\u306b\u7570\u306a\u308b\u98df\u6587\u5316\u306b\u8a87\u308a\u3092\u6301\u3063\u3066\u3044\u307e\u3059\u3002\u4ed6\u306e\u5927\u90fd\u5e02\u306b\u57cb\u3082\u308c\u308b\u3053\u3068\u306e\u306a\u3044\u3001\u500b\u6027\u3042\u308b\u8857\u3067\u3059\u3002<\/p><p><strong>\u6b74\u53f2\u3068\u6280\u8853\u304c\u4ea4\u5dee\u3059\u308b\u5834\u6240<br \/><\/strong>\u540d\u53e4\u5c4b\u3067\u306f\u3001\u7523\u696d\u907a\u7523\u3068\u5c01\u5efa\u6642\u4ee3\u306e\u5171\u5b58\u3057\u3066\u3044\u307e\u3059\u3002<\/p><p><strong>\u540d\u53e4\u5c4b\u57ce<br \/><\/strong>\u5fb3\u5ddd\u5bb6\u5eb7\u306b\u3088\u3063\u3066\u7bc9\u304b\u308c\u305f\u540d\u53e4\u5c4b\u57ce\u306f\u3001\u8857\u3092\u8c61\u5fb4\u3059\u308b\u6700\u3082\u91cd\u8981\u306a\u5b58\u5728\u3067\u3059\u3002\u7b2c\u4e8c\u6b21\u4e16\u754c\u5927\u6226\u3067\u713c\u5931\u3057\u307e\u3057\u305f\u304c\u3001\u73fe\u5728\u306f\u5fe0\u5b9f\u306b\u518d\u5efa\u3055\u308c\u3066\u3044\u307e\u3059\u3002\u57ce\u306e\u5c4b\u6839\u3092\u98fe\u308b\u91d1\u306e\u9bf1\uff08\u3057\u3083\u3061\u307b\u3053\uff09\u306f\u3001\u540d\u53e4\u5c4b\u306e\u5bcc\u3068\u529b\u306e\u8c61\u5fb4\u3067\u3059\u3002<\/p><p><strong>\u71b1\u7530\u795e\u5bae<br \/><\/strong>\u65e5\u672c\u3067\u6700\u3082\u795e\u8056\u306a\u795e\u793e\u306e\u4e00\u3064\u3068\u3055\u308c\u3001\u4e09\u7a2e\u306e\u795e\u5668\u306e\u4e00\u3064\u3067\u3042\u308b\u8349\u8599\u5263\u304c\u7940\u3089\u308c\u3066\u3044\u308b\u3068\u4f1d\u3048\u3089\u308c\u3066\u3044\u307e\u3059\u3002\u5e83\u5927\u306a\u68ee\u306b\u56f2\u307e\u308c\u305f\u5883\u5185\u306f\u3001\u90fd\u5e02\u306e\u4e2d\u5fc3\u306b\u3042\u308a\u306a\u304c\u3089\u9759\u304b\u306a\u7652\u3084\u3057\u306e\u7a7a\u9593\u3092\u63d0\u4f9b\u3057\u3066\u3044\u307e\u3059\u3002<\/p><p><strong>\u5927\u9808\u89b3\u97f3\u3068\u5546\u5e97\u8857\u30a8\u30ea\u30a2<br \/><\/strong>\u5927\u9808\u89b3\u97f3\u3092\u4e2d\u5fc3\u306b\u767a\u5c55\u3057\u305f\u3053\u306e\u5730\u57df\u306f\u3001\u6771\u4eac\u306e\u79cb\u8449\u539f\u3068\u6d45\u8349\u3092\u878d\u5408\u3055\u305b\u305f\u3088\u3046\u306a\u96f0\u56f2\u6c17\u304c\u3042\u308a\u307e\u3059\u3002\u4f1d\u7d71\u7684\u306a\u5bfa\u9662\u306b\u52a0\u3048\u3001\u5c4b\u6839\u4ed8\u304d\u306e\u5546\u5e97\u8857\u3067\u306f\u3001\u30dd\u30c3\u30d7\u30ab\u30eb\u30c1\u30e3\u30fc\u3001\u96fb\u5316\u88fd\u54c1\u3001\u53e4\u7740\u3001\u98df\u3079\u6b69\u304d\u30b0\u30eb\u30e1\u3092\u697d\u3057\u3080\u3053\u3068\u304c\u3067\u304d\u307e\u3059\u3002<\/p><p><strong>\u6804\u30a8\u30ea\u30a2<br \/><\/strong>\u540d\u53e4\u5c4b\u306e\u73fe\u4ee3\u7684\u306a\u30b7\u30e7\u30c3\u30d4\u30f3\u30b0\u3068\u30a8\u30f3\u30bf\u30fc\u30c6\u30a4\u30f3\u30e1\u30f3\u30c8\u306e\u4e2d\u5fc3\u5730\u3067\u3059\u3002\u6c34\u306e\u4e0a\u306b\u6d6e\u304b\u3076\u3088\u3046\u306a\u672a\u6765\u7684\u30ac\u30e9\u30b9\u69cb\u9020\u306e\u8907\u5408\u65bd\u8a2d\u30aa\u30a2\u30b7\u30b921\u3084\u3001\u540d\u53e4\u5c4b\u30c6\u30ec\u30d3\u5854\u3068\u3044\u3063\u305f\u73fe\u4ee3\u5efa\u7bc9\u304c\u96c6\u307e\u3063\u3066\u3044\u307e\u3059\u3002<\/p><p><strong>\u30b0\u30eb\u30e1\uff1a\u500b\u6027\u8c4a\u304b\u3067\u5965\u6df1\u3044\u300c\u540d\u53e4\u5c4b\u3081\u3057\u300d<br \/><\/strong>\u540d\u53e4\u5c4b\u306e\u6700\u3082\u969b\u7acb\u3063\u305f\u7279\u5fb4\u306e\u4e00\u3064\u304c\u3001\u300c\u540d\u53e4\u5c4b\u3081\u3057\u300d\u3068\u547c\u3070\u308c\u308b\u72ec\u7279\u3067\u8c4a\u304b\u306a\u98df\u6587\u5316\u3067\u3059\u3002\u3053\u306e\u6599\u7406\u306f\u3001\u516b\u4e01\u5473\u564c\u306e\u3088\u3046\u306a\u6fc3\u539a\u3067\u529b\u5f37\u3044\u5473\u308f\u3044\u3092\u30d9\u30fc\u30b9\u3068\u3057\u3066\u3044\u307e\u3059\u3002<strong><br \/><\/strong><strong>\u30fb\u5473\u564c\u30ab\u30c4\uff1a<\/strong>\u63da\u3052\u305f\u8c5a\u30ab\u30c4\u306b\u3001\u7518\u307f\u3068\u30b3\u30af\u306e\u3042\u308b\u8d64\u5473\u564c\u3060\u308c\u3092\u304b\u3051\u305f\u6599\u7406\u3067\u3059\u3002<strong><br \/><\/strong><strong>\u30fb\u3072\u3064\u307e\u3076\u3057\uff1a<\/strong>\u3046\u306a\u304e\u306e\u84b2\u713c\u304d\u3092\u3054\u98ef\u306e\u4e0a\u306b\u306e\u305b\u3001\u6700\u521d\u306f\u305d\u306e\u307e\u307e\u3001\u6b21\u306b\u85ac\u5473\uff08\u306d\u304e\u3084\u308f\u3055\u3073\uff09\u3092\u52a0\u3048\u3001\u6700\u5f8c\u306b\u3060\u3057\u3084\u304a\u8336\u3092\u304b\u3051\u3066\u98df\u3079\u308b\u4e09\u6bb5\u968e\u306e\u98df\u3079\u65b9\u3067\u77e5\u3089\u308c\u3066\u3044\u307e\u3059\u3002<strong><br \/><\/strong><strong>\u30fb\u624b\u7fbd\u5148\uff1a<\/strong>\u9999\u3070\u3057\u304f\u3001\u30b9\u30d1\u30a4\u30b7\u30fc\u3067\u98a8\u5473\u8c4a\u304b\u306a\u63da\u3052\u9d8f\u306e\u624b\u7fbd\u5148\u3067\u3059\u3002<strong><br \/><\/strong><strong>\u30fb\u304d\u3057\u3081\u3093\uff1a<\/strong>\u4e00\u822c\u7684\u306a\u3046\u3069\u3093\u3088\u308a\u3082\u5e73\u305f\u304f\u5e45\u5e83\u3044\u3001\u72ec\u7279\u306e\u98df\u611f\u3092\u6301\u3064\u9eba\u985e\u3067\u3059\u3002<\/p><p>\u540d\u53e4\u5c4b\u306f\u3001\u6771\u4eac\u306e\u83ef\u3084\u304b\u3055\u3084\u4eac\u90fd\u306e\u6b74\u53f2\u7684\u306a\u512a\u96c5\u3055\u307b\u3069\u6d3e\u624b\u3067\u306f\u3042\u308a\u307e\u305b\u3093\u304c\u3001\u65e5\u672c\u306e\u7d4c\u6e08\u529b\u3092\u652f\u3048\u308b\u57fa\u76e4\u3068\u3057\u3066\u3001\u8c4a\u304b\u306a\u6b74\u53f2\u3068\u56fd\u5185\u3067\u3082\u7279\u306b\u500b\u6027\u7684\u306a\u98df\u6587\u5316\u3092\u5099\u3048\u305f\u3001\u91cd\u8981\u306a\u90fd\u5e02\u3067\u3059\u3002<\/p><p>\u00a0<\/p><\/div><\/div>\t\t\t\t\t\t\t\t<\/div>\n\t\t\t\t<\/div>\n\t\t\t\t<\/div>\n\t\t\t\t<\/div>\n\t\t","protected":false},"excerpt":{"rendered":"<p>\u540d\u53e4\u5c4b\uff1a\u65e5\u672c\u306e\u7523\u696d\u306e\u4e2d\u67a2\u3068\u6b66\u58eb\u306e\u907a\u7523 \u30db\u30fc\u30e0\u30da\u30fc\u30b8 \u540d\u53e4\u5c4b\uff1a\u65e5\u672c\u306e\u7523\u696d\u306e\u4e2d\u67a2\u3068\u6b66\u58eb\u306e\u907a\u7523 \u540d\u53e4\u5c4b\uff1a\u65e5\u672c\u306e\u7523\u696d\u306e\u4e2d\u67a2\u3068\u6b66\u58eb\u306e\u907a\u7523\u65e5\u672c\u30674\u756a\u76ee\u306b\u5927\u304d\u306a\u90fd\u5e02\u3067\u3042\u308a\u3001\u611b\u77e5\u770c\u306e\u770c\u5e81\u6240\u5728\u5730\u3067\u3042\u308b\u540d\u53e4\u5c4b\u306f\u3001\u6771\u4eac\u3068\u5927\u962a\u306e\u9593\u3068\u3044\u3046\u65e5\u672c\u306e\u4e2d [&hellip;]<\/p>\n","protected":false},"author":1,"featured_media":0,"parent":0,"menu_order":0,"comment_status":"closed","ping_status":"closed","template":"","meta":{"footnotes":""},"class_list":["post-6665","page","type-page","status-publish","hentry"],"_links":{"self":[{"href":"https:\/\/www.edusama.com\/ja\/wp-json\/wp\/v2\/pages\/6665","targetHints":{"allow":["GET"]}}],"collection":[{"href":"https:\/\/www.edusama.com\/ja\/wp-json\/wp\/v2\/pages"}],"about":[{"href":"https:\/\/www.edusama.com\/ja\/wp-json\/wp\/v2\/types\/page"}],"author":[{"embeddable":true,"href":"https:\/\/www.edusama.com\/ja\/wp-json\/wp\/v2\/users\/1"}],"replies":[{"embeddable":true,"href":"https:\/\/www.edusama.com\/ja\/wp-json\/wp\/v2\/comments?post=6665"}],"version-history":[{"count":5,"href":"https:\/\/www.edusama.com\/ja\/wp-json\/wp\/v2\/pages\/6665\/revisions"}],"predecessor-version":[{"id":7230,"href":"https:\/\/www.edusama.com\/ja\/wp-json\/wp\/v2\/pages\/6665\/revisions\/7230"}],"wp:attachment":[{"href":"https:\/\/www.edusama.com\/ja\/wp-json\/wp\/v2\/media?parent=6665"}],"curies":[{"name":"wp","href":"https:\/\/api.w.org\/{rel}","templated":true}]}}