{"id":6661,"date":"2025-11-19T17:53:12","date_gmt":"2025-11-19T17:53:12","guid":{"rendered":"https:\/\/www.edusama.com\/osaka\/"},"modified":"2026-01-20T18:52:19","modified_gmt":"2026-01-20T18:52:19","slug":"osaka","status":"publish","type":"page","link":"https:\/\/www.edusama.com\/ja\/osaka\/","title":{"rendered":"Osaka"},"content":{"rendered":"\t\t<div data-elementor-type=\"wp-page\" data-elementor-id=\"6661\" class=\"elementor elementor-6661 elementor-5855\" data-elementor-post-type=\"page\">\n\t\t\t\t<div class=\"elementor-element elementor-element-3e80a8b8 e-con-full e-flex e-con e-parent\" data-id=\"3e80a8b8\" data-element_type=\"container\" data-settings=\"{&quot;background_background&quot;:&quot;classic&quot;}\">\n\t\t<div class=\"elementor-element elementor-element-2ceab42e e-con-full e-flex e-con e-child\" data-id=\"2ceab42e\" data-element_type=\"container\">\n\t\t\t\t<div class=\"elementor-element elementor-element-354e02df elementor-widget elementor-widget-heading\" data-id=\"354e02df\" data-element_type=\"widget\" data-widget_type=\"heading.default\">\n\t\t\t\t\t<h2 class=\"elementor-heading-title elementor-size-default\">\u5927\u962a\uff1a\u65e5\u672c\u306e\u30a8\u30cd\u30eb\u30ae\u30c3\u30b7\u30e5\u306a\u7cbe\u795e\u3068\u7f8e\u98df\u306e\u90fd<\/h2>\t\t\t\t<\/div>\n\t\t\t\t<div class=\"elementor-element elementor-element-34cb4fe2 elementor-icon-list--layout-inline elementor-align-center elementor-list-item-link-full_width elementor-widget elementor-widget-icon-list\" data-id=\"34cb4fe2\" data-element_type=\"widget\" data-widget_type=\"icon-list.default\">\n\t\t\t\t\t\t\t<ul class=\"elementor-icon-list-items elementor-inline-items\">\n\t\t\t\t\t\t\t<li class=\"elementor-icon-list-item elementor-inline-item\">\n\t\t\t\t\t\t\t\t\t\t\t<a href=\"https:\/\/www.edusama.com\/ja\/\">\n\n\t\t\t\t\t\t\t\t\t\t\t<span class=\"elementor-icon-list-text\">\u30db\u30fc\u30e0\u30da\u30fc\u30b8<\/span>\n\t\t\t\t\t\t\t\t\t\t\t<\/a>\n\t\t\t\t\t\t\t\t\t<\/li>\n\t\t\t\t\t\t\t\t<li class=\"elementor-icon-list-item elementor-inline-item\">\n\t\t\t\t\t\t\t\t\t\t\t<span class=\"elementor-icon-list-icon\">\n\t\t\t\t\t\t\t<svg aria-hidden=\"true\" class=\"e-font-icon-svg e-fas-chevron-right\" viewBox=\"0 0 320 512\" xmlns=\"http:\/\/www.w3.org\/2000\/svg\"><path d=\"M285.476 272.971L91.132 467.314c-9.373 9.373-24.569 9.373-33.941 0l-22.667-22.667c-9.357-9.357-9.375-24.522-.04-33.901L188.505 256 34.484 101.255c-9.335-9.379-9.317-24.544.04-33.901l22.667-22.667c9.373-9.373 24.569-9.373 33.941 0L285.475 239.03c9.373 9.372 9.373 24.568.001 33.941z\"><\/path><\/svg>\t\t\t\t\t\t<\/span>\n\t\t\t\t\t\t\t\t\t\t<span class=\"elementor-icon-list-text\">\u5927\u962a\uff1a\u65e5\u672c\u306e\u30a8\u30cd\u30eb\u30ae\u30c3\u30b7\u30e5\u306a\u7cbe\u795e\u3068\u7f8e\u98df\u306e\u90fd<\/span>\n\t\t\t\t\t\t\t\t\t<\/li>\n\t\t\t\t\t\t<\/ul>\n\t\t\t\t\t\t<\/div>\n\t\t\t\t<\/div>\n\t\t\t\t<\/div>\n\t\t<div class=\"elementor-element elementor-element-416c38f0 e-con-full e-flex e-con e-parent\" data-id=\"416c38f0\" data-element_type=\"container\">\n\t\t<div class=\"elementor-element elementor-element-459948e9 e-con-full e-flex e-con e-child\" data-id=\"459948e9\" data-element_type=\"container\">\n\t\t\t\t<div class=\"elementor-element elementor-element-4ab3880c elementor-arrows-position-inside elementor-pagination-position-outside elementor-widget elementor-widget-image-carousel\" data-id=\"4ab3880c\" data-element_type=\"widget\" data-settings=\"{&quot;slides_to_show&quot;:&quot;1&quot;,&quot;navigation&quot;:&quot;both&quot;,&quot;autoplay&quot;:&quot;yes&quot;,&quot;pause_on_hover&quot;:&quot;yes&quot;,&quot;pause_on_interaction&quot;:&quot;yes&quot;,&quot;autoplay_speed&quot;:5000,&quot;infinite&quot;:&quot;yes&quot;,&quot;effect&quot;:&quot;slide&quot;,&quot;speed&quot;:500}\" data-widget_type=\"image-carousel.default\">\n\t\t\t\t\t\t\t<div class=\"elementor-image-carousel-wrapper swiper\" role=\"region\" aria-roledescription=\"carousel\" aria-label=\"Resim D\u00f6ng\u00fcs\u00fc\" dir=\"ltr\">\n\t\t\t<div class=\"elementor-image-carousel swiper-wrapper\" aria-live=\"off\">\n\t\t\t\t\t\t\t\t<div class=\"swiper-slide\" role=\"group\" aria-roledescription=\"slide\" aria-label=\"1 \/ 5\"><figure class=\"swiper-slide-inner\"><img decoding=\"async\" class=\"swiper-slide-image\" src=\"https:\/\/www.edusama.com\/wp-content\/uploads\/elementor\/thumbs\/Osaka-1-scaled-rey3fqj2384s1tnacuws6ti9f9q85n071x8ffdns60.jpg\" alt=\"Beautiful Architecture Osaka castle in Japan\" \/><\/figure><\/div><div class=\"swiper-slide\" role=\"group\" aria-roledescription=\"slide\" aria-label=\"2 \/ 5\"><figure class=\"swiper-slide-inner\"><img decoding=\"async\" class=\"swiper-slide-image\" src=\"https:\/\/www.edusama.com\/wp-content\/uploads\/elementor\/thumbs\/Osaka-3-rey3fy1rlwf2mpcd4y5sqrly6cp5v7u1qygb9lcms8.jpg\" alt=\"Osaka - 3\" \/><\/figure><\/div><div class=\"swiper-slide\" role=\"group\" aria-roledescription=\"slide\" aria-label=\"3 \/ 5\"><figure class=\"swiper-slide-inner\"><img decoding=\"async\" class=\"swiper-slide-image\" src=\"https:\/\/www.edusama.com\/wp-content\/uploads\/elementor\/thumbs\/Osaka-4-scaled-rey3gs4lolk8y84o9b5uyk0p6okwpj5gj3bumg4194.jpg\" alt=\"Cherry blossoms and castle in Himeji, Japan.\" \/><\/figure><\/div><div class=\"swiper-slide\" role=\"group\" aria-roledescription=\"slide\" aria-label=\"4 \/ 5\"><figure class=\"swiper-slide-inner\"><img decoding=\"async\" class=\"swiper-slide-image\" src=\"https:\/\/www.edusama.com\/wp-content\/uploads\/elementor\/thumbs\/Osaka-5-scaled-rey3hqwmpgvuvsq5m8720t8r5xthmbzizvgtdooguw.jpg\" alt=\"Cityscape from top view of Osaka city  and Osaka castle  with autumn background and blue sky, Japan\" \/><\/figure><\/div><div class=\"swiper-slide\" role=\"group\" aria-roledescription=\"slide\" aria-label=\"5 \/ 5\"><figure class=\"swiper-slide-inner\"><img decoding=\"async\" class=\"swiper-slide-image\" src=\"https:\/\/www.edusama.com\/wp-content\/uploads\/elementor\/thumbs\/Osaka-2-rey3i9pei5llbzyukgbleohz1n8twa25qgiiz7wleg.jpg\" alt=\"Osaka - 2\" \/><\/figure><\/div>\t\t\t<\/div>\n\t\t\t\t\t\t\t\t\t\t\t\t<div class=\"elementor-swiper-button elementor-swiper-button-prev\" role=\"button\" tabindex=\"0\">\n\t\t\t\t\t\t<svg aria-hidden=\"true\" class=\"e-font-icon-svg e-eicon-chevron-left\" viewBox=\"0 0 1000 1000\" xmlns=\"http:\/\/www.w3.org\/2000\/svg\"><path d=\"M646 125C629 125 613 133 604 142L308 442C296 454 292 471 292 487 292 504 296 521 308 533L604 854C617 867 629 875 646 875 663 875 679 871 692 858 704 846 713 829 713 812 713 796 708 779 692 767L438 487 692 225C700 217 708 204 708 187 708 171 704 154 692 142 675 129 663 125 646 125Z\"><\/path><\/svg>\t\t\t\t\t<\/div>\n\t\t\t\t\t<div class=\"elementor-swiper-button elementor-swiper-button-next\" role=\"button\" tabindex=\"0\">\n\t\t\t\t\t\t<svg aria-hidden=\"true\" class=\"e-font-icon-svg e-eicon-chevron-right\" viewBox=\"0 0 1000 1000\" xmlns=\"http:\/\/www.w3.org\/2000\/svg\"><path d=\"M696 533C708 521 713 504 713 487 713 471 708 454 696 446L400 146C388 133 375 125 354 125 338 125 325 129 313 142 300 154 292 171 292 187 292 204 296 221 308 233L563 492 304 771C292 783 288 800 288 817 288 833 296 850 308 863 321 871 338 875 354 875 371 875 388 867 400 854L696 533Z\"><\/path><\/svg>\t\t\t\t\t<\/div>\n\t\t\t\t\n\t\t\t\t\t\t\t\t\t<div class=\"swiper-pagination\"><\/div>\n\t\t\t\t\t\t\t\t\t<\/div>\n\t\t\t\t\t\t<\/div>\n\t\t\t\t<div class=\"elementor-element elementor-element-3989f201 elementor-widget elementor-widget-text-editor\" data-id=\"3989f201\" data-element_type=\"widget\" data-widget_type=\"text-editor.default\">\n\t\t\t\t\t\t\t\t\t<div class=\"wpb_text_column wpb_content_element\"><div class=\"wpb_wrapper\"><p>\u65e5\u672c\u7b2c\u4e09\u306e\u90fd\u5e02\u3067\u3042\u308b\u5927\u962a\u306f\u3001\u300c\u65e5\u672c\u306e\u53f0\u6240\u300d\u3068\u3057\u3066\u77e5\u3089\u308c\u3001\u6771\u4eac\u3084\u4eac\u90fd\u306e\u843d\u3061\u7740\u3044\u305f\u4e0a\u54c1\u3055\u3068\u306f\u7570\u306a\u308b\u3001\u72ec\u81ea\u306e\u6d3b\u6c17\u3068\u5b9f\u5229\u7684\u306a\u6c17\u8cea\u3092\u6301\u3064\u8857\u3067\u3059\u3002\u6b74\u53f2\u7684\u306b\u5546\u696d\u3068\u6e2f\u753a\u3068\u3057\u3066\u767a\u5c55\u3057\u3066\u304d\u305f\u5927\u962a\u306f\u3001\u305d\u306e\u4f1d\u7d71\u3092\u73fe\u5728\u307e\u3067\u53d7\u3051\u7d99\u304e\u3001\u89aa\u3057\u307f\u3084\u3059\u304f\u793e\u4ea4\u7684\u306a\u4eba\u3005\u3068\u300c\u98df\u3044\u3060\u304a\u308c\u300d\u306e\u7cbe\u795e\u3067\u77e5\u3089\u308c\u3066\u3044\u307e\u3059\u3002 <\/p><p>\u5927\u962a\u306f\u3001\u5de8\u5927\u306a\u30cd\u30aa\u30f3\u30b5\u30a4\u30f3\u304c\u8f1d\u304d\u3001\u98df\u6b32\u3092\u305d\u305d\u308b\u5c4b\u53f0\u30b0\u30eb\u30e1\u304c\u3042\u3075\u308c\u3001\u30a8\u30cd\u30eb\u30ae\u30fc\u304c\u5c3d\u304d\u308b\u3053\u3068\u306e\u306a\u3044\u90fd\u5e02\u751f\u6d3b\u306e\u4e2d\u5fc3\u5730\u3067\u3059\u3002<\/p><p> <\/p><p><strong> \u8857\u306e\u30ea\u30ba\u30e0<\/strong><\/p><p>\u300c\u98df\u3044\u3060\u304a\u308c\u300d\u3068\u89aa\u3057\u307f\u3084\u3059\u3055<br>\u5927\u962a\u306e\u30e9\u30a4\u30d5\u30b9\u30bf\u30a4\u30eb\u3092\u8c61\u5fb4\u3059\u308b\u8a00\u8449\u304c\u300c\u98df\u3044\u3060\u304a\u308c\u300d\u3067\u3059\u3002\u3053\u308c\u306f\u300c\u98df\u3079\u5c3d\u304f\u3057\u3066\u7834\u7523\u3059\u308b\u307e\u3067\u98df\u3079\u308b\u300d\u3068\u3044\u3046\u610f\u5473\u3067\u3001\u5927\u962a\u306e\u5f37\u3044\u98df\u6587\u5316\u3078\u306e\u60c5\u71b1\u3092\u7aef\u7684\u306b\u8868\u3057\u3066\u3044\u307e\u3059\u3002 <\/p><ul><li>\u89aa\u3057\u307f\u3084\u3059\u3044\u4eba\u3005\uff1a \u5927\u962a\u4eba\u306f\u3001\u65e5\u672c\u306e\u4ed6\u5730\u57df\u3068\u6bd4\u3079\u3066\u3001\u3088\u308a\u6c17\u3055\u304f\u3067\u3001\u30e6\u30fc\u30e2\u30a2\u304c\u3042\u308a\u3001\u8a71\u597d\u304d\u3060\u3068\u77e5\u3089\u308c\u3066\u3044\u307e\u3059\u3002\u5927\u962a\u306f\u3001\u65e5\u672c\u306e\u304a\u7b11\u3044\u6587\u5316\u3001\u7279\u306b\u6f2b\u624d\u306e\u4e2d\u5fc3\u5730\u3068\u3057\u3066\u3082\u6709\u540d\u3067\u3059\u3002 <\/li><li>\u5546\u4eba\u306e\u7cbe\u795e\uff1a \u5546\u4eba\u306e\u8857\u3068\u3057\u3066\u306e\u6b74\u53f2\u304c\u3001\u5927\u962a\u306b\u5b9f\u5229\u7684\u3067\u73fe\u5b9f\u7684\u306a\u6027\u683c\u3092\u4e0e\u3048\u3066\u3044\u307e\u3059\u3002\u4eba\u3005\u306f\u5024\u6bb5\u4ea4\u6e09\u3084\u304a\u5f97\u306a\u53d6\u5f15\u3092\u597d\u307f\u307e\u3059\u3002 <\/li><li>\u663c\u3082\u591c\u3082\u6d3b\u6c17\u3042\u308b\u8857\uff1a \u5927\u962a\u306f\u7720\u3089\u306a\u3044\u8857\u3067\u3059\u3002\u7279\u306b\u4e3b\u8981\u30a8\u30ea\u30a2\u3067\u306f\u300124\u6642\u9593\u6d3b\u6c17\u306b\u6e80\u3061\u3001\u8cd1\u3084\u304b\u3067\u30a8\u30cd\u30eb\u30ae\u30c3\u30b7\u30e5\u306a\u96f0\u56f2\u6c17\u304c\u7d9a\u304d\u307e\u3059\u3002 <\/li><\/ul><p> <\/p><p><strong>\u6d3b\u6c17\u3068\u7f8e\u98df\u306e\u4e2d\u5fc3\u5730<\/strong><\/p><p>\u5927\u962a\u306e\u9b45\u529b\u3092\u5de1\u308b\u65c5\u306f\u3001\u4e3b\u306b\u6700\u3082\u8c61\u5fb4\u7684\u3067\u30a8\u30cd\u30eb\u30ae\u30c3\u30b7\u30e5\u306a\u30a8\u30ea\u30a2\u3092\u4e2d\u5fc3\u306b\u5c55\u958b\u3055\u308c\u307e\u3059\u3002<\/p><p><strong>\u9053\u9813\u5800\uff08\u96e3\u6ce2\uff09<\/strong><\/p><p>\u5927\u962a\u306e\u5fc3\u81d3\u90e8\u3068\u3082\u8a00\u3048\u308b\u30a8\u30ea\u30a2\u3067\u3059\u3002\u904b\u6cb3\u6cbf\u3044\u306b\u5e83\u304c\u308b\u3053\u306e\u5730\u533a\u306f\u3001\u6709\u540d\u306a\u300c\u30b0\u30ea\u30b3\u306e\u30e9\u30f3\u30ca\u30fc\u300d\u3092\u306f\u3058\u3081\u3068\u3059\u308b\u3001\u5de8\u5927\u3067\u7acb\u4f53\u7684\u304b\u3064\u52d5\u304d\u306e\u3042\u308b\u30cd\u30aa\u30f3\u30b5\u30a4\u30f3\u3067\u77e5\u3089\u308c\u3066\u3044\u307e\u3059\u3002\u98f2\u98df\u5e97\u3084\u5c4b\u53f0\u3001\u5a2f\u697d\u65bd\u8a2d\u304c\u96c6\u307e\u308b\u3001\u5927\u962a\u3092\u4ee3\u8868\u3059\u308b\u7e41\u83ef\u8857\u3067\u3059\u3002  <\/p><p><strong>\u5fc3\u658e\u6a4b<\/strong><\/p><p>\u9053\u9813\u5800\u306e\u3059\u3050\u8fd1\u304f\u306b\u4f4d\u7f6e\u3059\u308b\u5fc3\u658e\u6a4b\u7b4b\u306f\u3001\u6570\u767e\u5e74\u306e\u6b74\u53f2\u3092\u6301\u3064\u30a2\u30fc\u30b1\u30fc\u30c9\u578b\u306e\u5546\u5e97\u8857\u3067\u3059\u3002\u30e2\u30c0\u30f3\u306a\u30d6\u30c6\u30a3\u30c3\u30af\u304b\u3089\u4f1d\u7d71\u7684\u306a\u5e97\u8217\u307e\u3067\u304c\u4e26\u3073\u3001\u5927\u962a\u306e\u5f37\u3044\u8cb7\u3044\u7269\u6587\u5316\u3092\u8c61\u5fb4\u3057\u3066\u3044\u307e\u3059\u3002 <\/p><p><strong>\u5927\u962a\u57ce\uff08\u304a\u304a\u3055\u304b\u3058\u3087\u3046\uff09<\/strong><\/p><p>\u5927\u962a\u3092\u4ee3\u8868\u3059\u308b\u6b74\u53f2\u7684\u306a\u8c61\u5fb4\u3067\u3059\u3002 16. 16\u4e16\u7d00\u306b\u5929\u4e0b\u7d71\u4e00\u3067\u91cd\u8981\u306a\u5f79\u5272\u3092\u679c\u305f\u3057\u305f\u8c4a\u81e3\u79c0\u5409\u306b\u3088\u3063\u3066\u7bc9\u304b\u308c\u307e\u3057\u305f\u3002\u73fe\u5728\u306e\u57ce\u90ed\u306f\u8fd1\u4ee3\u7684\u306a\u518d\u5efa\u3067\u306f\u3042\u308a\u307e\u3059\u304c\u3001\u58ee\u5927\u306a\u77f3\u57a3\u3084\u5800\u3001\u305d\u3057\u3066\u516c\u5712\uff08\u7279\u306b\u685c\u306e\u5b63\u7bc0\uff09\u306f\u975e\u5e38\u306b\u898b\u5fdc\u3048\u304c\u3042\u308a\u307e\u3059\u3002 <\/p><p><strong>\u65b0\u4e16\u754c<\/strong><\/p><p>\u300c\u65b0\u4e16\u754c\u300d\u3068\u3044\u3046\u610f\u5473\u3092\u6301\u3064\u3053\u306e\u5730\u533a\u306f\u3001\u3069\u3053\u304b\u6642\u4ee3\u3092\u3055\u304b\u306e\u307c\u3063\u305f\u3088\u3046\u306a\u611f\u899a\u3092\u4e0e\u3048\u3066\u304f\u308c\u307e\u3059\u3002\u6226\u524d\u306e\u30d1\u30ea\u3084\u30b3\u30cb\u30fc\u30a2\u30a4\u30e9\u30f3\u30c9\u3092\u30e2\u30c7\u30eb\u306b\u3057\u3066\u9020\u3089\u308c\u307e\u3057\u305f\u3002\u4e2d\u5fc3\u306b\u7acb\u3064\u901a\u5929\u95a3\u3068\u3001\u4e32\u30ab\u30c4\uff08\u63da\u3052\u4e32\uff09\u5c02\u9580\u5e97\u3067\u77e5\u3089\u308c\u3066\u3044\u307e\u3059\u3002  <\/p><p> <\/p><p><strong>\u98df\u6587\u5316\uff1a\u65e5\u672c\u306e\u53f0\u6240<\/strong><\/p><p>\u5927\u962a\u304c\u300c\u65e5\u672c\u306e\u53f0\u6240\uff08\u5929\u4e0b\u306e\u53f0\u6240\uff09\u300d\u3068\u547c\u3070\u308c\u308b\u306e\u306f\u5076\u7136\u3067\u306f\u3042\u308a\u307e\u305b\u3093\u3002\u3053\u306e\u8857\u306f\u3001\u65e5\u672c\u5168\u56fd\u3067\u77e5\u3089\u308c\u308b\u591a\u304f\u306e\u540d\u7269\u6599\u7406\u306e\u767a\u7965\u5730\u3067\u3059\u3002 <\/p><ul><li>\u305f\u3053\u713c\u304d\uff1a \u4e2d\u306b\u30bf\u30b3\u304c\u5165\u3063\u305f\u3001\u5c0f\u3055\u304f\u4e38\u3044\u5f62\u306e\u63da\u3052\u713c\u304d\u751f\u5730\u3067\u3059\u3002\u5927\u962a\u3092\u4ee3\u8868\u3059\u308b\u6700\u3082\u6709\u540d\u306a\u5c4b\u53f0\u30b0\u30eb\u30e1\u3067\u3059\u3002 <\/li><li>\u304a\u597d\u307f\u713c\u304d\uff1a \u300c\u65e5\u672c\u306e\u30d4\u30b6\u300d\u3084\u300c\u30aa\u30e0\u30ec\u30c4\u300d\u3068\u3082\u547c\u3070\u308c\u308b\u3053\u3068\u304c\u3042\u308b\u6599\u7406\u3067\u3001\u30ad\u30e3\u30d9\u30c4\u3092\u30d9\u30fc\u30b9\u306b\u3001\u8089\u3084\u9b5a\u4ecb\u985e\u306a\u3069\u3055\u307e\u3056\u307e\u306a\u5177\u6750\u3092\u6df7\u305c\u3066\u713c\u304d\u4e0a\u3052\u308b\u304a\u597d\u307f\u713c\u304d\u3067\u3059\u3002<\/li><li>\u4e32\u30ab\u30c4\uff1a \u91ce\u83dc\u3084\u8089\u3001\u9b5a\u4ecb\u985e\u3092\u4e32\u306b\u523a\u3057\u3001\u8863\u3092\u3064\u3051\u3066\u63da\u3052\u305f\u6599\u7406\u3067\u3059\u3002\u5171\u7528\u306e\u30bd\u30fc\u30b9\u306b\u6d78\u3057\u3066\u98df\u3079\u308b\u306e\u304c\u4e00\u822c\u7684\u3067\u3059\u304c\u3001\u4e8c\u5ea6\u4ed8\u3051\u306f\u7981\u6b62\u3055\u308c\u3066\u3044\u307e\u3059\u3002 <\/li><\/ul><p>\u5927\u962a\u306f\u3001\u5f62\u5f0f\u5f35\u3089\u305a\u3001\u4eba\u751f\u3092\u697d\u3057\u3080\u3053\u3068\u3092\u5927\u5207\u306b\u3057\u305f\u3001\u5927\u80c6\u3067\u6e80\u8db3\u611f\u306e\u3042\u308b\u4f53\u9a13\u3092\u63d0\u4f9b\u3057\u3066\u304f\u308c\u308b\u8857\u3067\u3059\u3002\u65e5\u672c\u306e\u3088\u308a\u697d\u3057\u304f\u3001\u8cd1\u3084\u304b\u3067\u3001\u305d\u3057\u3066\u7f8e\u5473\u3057\u3044\u4e00\u9762\u3092\u5473\u308f\u3044\u305f\u3044\u4eba\u306b\u3068\u3063\u3066\u3001\u7406\u60f3\u7684\u306a\u76ee\u7684\u5730\u3068\u8a00\u3048\u308b\u3067\u3057\u3087\u3046\u3002 <\/p><p> <\/p><\/div><\/div>\t\t\t\t\t\t\t\t<\/div>\n\t\t\t\t<\/div>\n\t\t\t\t<\/div>\n\t\t\t\t<\/div>\n\t\t","protected":false},"excerpt":{"rendered":"<p>\u5927\u962a\uff1a\u65e5\u672c\u306e\u30a8\u30cd\u30eb\u30ae\u30c3\u30b7\u30e5\u306a\u7cbe\u795e\u3068\u7f8e\u98df\u306e\u90fd \u30db\u30fc\u30e0\u30da\u30fc\u30b8 \u5927\u962a\uff1a\u65e5\u672c\u306e\u30a8\u30cd\u30eb\u30ae\u30c3\u30b7\u30e5\u306a\u7cbe\u795e\u3068\u7f8e\u98df\u306e\u90fd \u65e5\u672c\u7b2c\u4e09\u306e\u90fd\u5e02\u3067\u3042\u308b\u5927\u962a\u306f\u3001\u300c\u65e5\u672c\u306e\u53f0\u6240\u300d\u3068\u3057\u3066\u77e5\u3089\u308c\u3001\u6771\u4eac\u3084\u4eac\u90fd\u306e\u843d\u3061\u7740\u3044\u305f\u4e0a\u54c1\u3055\u3068\u306f\u7570\u306a\u308b\u3001\u72ec\u81ea\u306e\u6d3b\u6c17\u3068\u5b9f\u5229\u7684\u306a\u6c17 [&hellip;]<\/p>\n","protected":false},"author":1,"featured_media":0,"parent":0,"menu_order":0,"comment_status":"closed","ping_status":"closed","template":"","meta":{"footnotes":""},"class_list":["post-6661","page","type-page","status-publish","hentry"],"_links":{"self":[{"href":"https:\/\/www.edusama.com\/ja\/wp-json\/wp\/v2\/pages\/6661","targetHints":{"allow":["GET"]}}],"collection":[{"href":"https:\/\/www.edusama.com\/ja\/wp-json\/wp\/v2\/pages"}],"about":[{"href":"https:\/\/www.edusama.com\/ja\/wp-json\/wp\/v2\/types\/page"}],"author":[{"embeddable":true,"href":"https:\/\/www.edusama.com\/ja\/wp-json\/wp\/v2\/users\/1"}],"replies":[{"embeddable":true,"href":"https:\/\/www.edusama.com\/ja\/wp-json\/wp\/v2\/comments?post=6661"}],"version-history":[{"count":1,"href":"https:\/\/www.edusama.com\/ja\/wp-json\/wp\/v2\/pages\/6661\/revisions"}],"predecessor-version":[{"id":6662,"href":"https:\/\/www.edusama.com\/ja\/wp-json\/wp\/v2\/pages\/6661\/revisions\/6662"}],"wp:attachment":[{"href":"https:\/\/www.edusama.com\/ja\/wp-json\/wp\/v2\/media?parent=6661"}],"curies":[{"name":"wp","href":"https:\/\/api.w.org\/{rel}","templated":true}]}}