{"id":6601,"date":"2025-11-19T17:49:43","date_gmt":"2025-11-19T17:49:43","guid":{"rendered":"https:\/\/www.edusama.com\/kyoto\/"},"modified":"2026-03-25T07:18:31","modified_gmt":"2026-03-25T07:18:31","slug":"kyoto","status":"publish","type":"page","link":"https:\/\/www.edusama.com\/ja\/kyoto\/","title":{"rendered":"Kyoto"},"content":{"rendered":"\t\t<div data-elementor-type=\"wp-page\" data-elementor-id=\"6601\" class=\"elementor elementor-6601 elementor-5837\" data-elementor-post-type=\"page\">\n\t\t\t\t<div class=\"elementor-element elementor-element-eb669fd e-con-full e-flex e-con e-parent\" data-id=\"eb669fd\" data-element_type=\"container\" data-settings=\"{&quot;background_background&quot;:&quot;classic&quot;}\">\n\t\t<div class=\"elementor-element elementor-element-64ff6a33 e-con-full e-flex e-con e-child\" data-id=\"64ff6a33\" data-element_type=\"container\">\n\t\t\t\t<div class=\"elementor-element elementor-element-2377eb75 elementor-widget elementor-widget-heading\" data-id=\"2377eb75\" data-element_type=\"widget\" data-widget_type=\"heading.default\">\n\t\t\t\t\t<h2 class=\"elementor-heading-title elementor-size-default\">\u4eac\u90fd\uff1a\u65e5\u672c\u306e\u4f1d\u7d71\u306e\u5fc3\u3068\u7cbe\u795e<\/h2>\t\t\t\t<\/div>\n\t\t\t\t<div class=\"elementor-element elementor-element-93e3646 elementor-icon-list--layout-inline elementor-align-center elementor-list-item-link-full_width elementor-widget elementor-widget-icon-list\" data-id=\"93e3646\" data-element_type=\"widget\" data-widget_type=\"icon-list.default\">\n\t\t\t\t\t\t\t<ul class=\"elementor-icon-list-items elementor-inline-items\">\n\t\t\t\t\t\t\t<li class=\"elementor-icon-list-item elementor-inline-item\">\n\t\t\t\t\t\t\t\t\t\t\t<a href=\"https:\/\/www.edusama.com\/ja\/\">\n\n\t\t\t\t\t\t\t\t\t\t\t<span class=\"elementor-icon-list-text\">\u30db\u30fc\u30e0\u30da\u30fc\u30b8<\/span>\n\t\t\t\t\t\t\t\t\t\t\t<\/a>\n\t\t\t\t\t\t\t\t\t<\/li>\n\t\t\t\t\t\t\t\t<li class=\"elementor-icon-list-item elementor-inline-item\">\n\t\t\t\t\t\t\t\t\t\t\t<span class=\"elementor-icon-list-icon\">\n\t\t\t\t\t\t\t<svg aria-hidden=\"true\" class=\"e-font-icon-svg e-fas-chevron-right\" viewBox=\"0 0 320 512\" xmlns=\"http:\/\/www.w3.org\/2000\/svg\"><path d=\"M285.476 272.971L91.132 467.314c-9.373 9.373-24.569 9.373-33.941 0l-22.667-22.667c-9.357-9.357-9.375-24.522-.04-33.901L188.505 256 34.484 101.255c-9.335-9.379-9.317-24.544.04-33.901l22.667-22.667c9.373-9.373 24.569-9.373 33.941 0L285.475 239.03c9.373 9.372 9.373 24.568.001 33.941z\"><\/path><\/svg>\t\t\t\t\t\t<\/span>\n\t\t\t\t\t\t\t\t\t\t<span class=\"elementor-icon-list-text\">\u4eac\u90fd\uff1a\u65e5\u672c\u306e\u4f1d\u7d71\u306e\u5fc3\u3068\u7cbe\u795e<\/span>\n\t\t\t\t\t\t\t\t\t<\/li>\n\t\t\t\t\t\t<\/ul>\n\t\t\t\t\t\t<\/div>\n\t\t\t\t<\/div>\n\t\t\t\t<\/div>\n\t\t<div class=\"elementor-element elementor-element-2fdb29e5 e-con-full e-flex e-con e-parent\" data-id=\"2fdb29e5\" data-element_type=\"container\">\n\t\t<div class=\"elementor-element elementor-element-3326a6e1 e-con-full e-flex e-con e-child\" data-id=\"3326a6e1\" data-element_type=\"container\">\n\t\t\t\t<div class=\"elementor-element elementor-element-6d001665 elementor-arrows-position-inside elementor-pagination-position-outside elementor-widget elementor-widget-image-carousel\" data-id=\"6d001665\" data-element_type=\"widget\" data-settings=\"{&quot;slides_to_show&quot;:&quot;1&quot;,&quot;navigation&quot;:&quot;both&quot;,&quot;autoplay&quot;:&quot;yes&quot;,&quot;pause_on_hover&quot;:&quot;yes&quot;,&quot;pause_on_interaction&quot;:&quot;yes&quot;,&quot;autoplay_speed&quot;:5000,&quot;infinite&quot;:&quot;yes&quot;,&quot;effect&quot;:&quot;slide&quot;,&quot;speed&quot;:500}\" data-widget_type=\"image-carousel.default\">\n\t\t\t\t\t\t\t<div class=\"elementor-image-carousel-wrapper swiper\" role=\"region\" aria-roledescription=\"carousel\" aria-label=\"Resim D\u00f6ng\u00fcs\u00fc\" dir=\"ltr\">\n\t\t\t<div class=\"elementor-image-carousel swiper-wrapper\" aria-live=\"off\">\n\t\t\t\t\t\t\t\t<div class=\"swiper-slide\" role=\"group\" aria-roledescription=\"slide\" aria-label=\"1 \/ 3\"><figure class=\"swiper-slide-inner\"><img decoding=\"async\" class=\"swiper-slide-image\" src=\"https:\/\/www.edusama.com\/wp-content\/uploads\/elementor\/thumbs\/Kyoto-4-scaled-rey39xuvy074ge2e7cplta5xjqaqotzs98emvy96jc.jpg\" alt=\"Asian woman wearing japanese traditional kimono at Yasaka Pagoda and Sannen Zaka Street in Kyoto, Japan.\" \/><\/figure><\/div><div class=\"swiper-slide\" role=\"group\" aria-roledescription=\"slide\" aria-label=\"2 \/ 3\"><figure class=\"swiper-slide-inner\"><img decoding=\"async\" class=\"swiper-slide-image\" src=\"https:\/\/www.edusama.com\/wp-content\/uploads\/elementor\/thumbs\/Kyoto-2-scaled-rey3aur8l7g5qqqlv8xjqjv2c7sl68me1r8momwehk.jpg\" alt=\"Kyoto, Japan skyline and towers at dusk.\" \/><\/figure><\/div><div class=\"swiper-slide\" role=\"group\" aria-roledescription=\"slide\" aria-label=\"3 \/ 3\"><figure class=\"swiper-slide-inner\"><img decoding=\"async\" class=\"swiper-slide-image\" src=\"https:\/\/www.edusama.com\/wp-content\/uploads\/elementor\/thumbs\/Kyoto-1-scaled-rey3b37saprqn8ebhul6uzq7oomw3ijz2x4004juxk.jpg\" alt=\"Kyoto - 1\" \/><\/figure><\/div>\t\t\t<\/div>\n\t\t\t\t\t\t\t\t\t\t\t\t<div class=\"elementor-swiper-button elementor-swiper-button-prev\" role=\"button\" tabindex=\"0\">\n\t\t\t\t\t\t<svg aria-hidden=\"true\" class=\"e-font-icon-svg e-eicon-chevron-left\" viewBox=\"0 0 1000 1000\" xmlns=\"http:\/\/www.w3.org\/2000\/svg\"><path d=\"M646 125C629 125 613 133 604 142L308 442C296 454 292 471 292 487 292 504 296 521 308 533L604 854C617 867 629 875 646 875 663 875 679 871 692 858 704 846 713 829 713 812 713 796 708 779 692 767L438 487 692 225C700 217 708 204 708 187 708 171 704 154 692 142 675 129 663 125 646 125Z\"><\/path><\/svg>\t\t\t\t\t<\/div>\n\t\t\t\t\t<div class=\"elementor-swiper-button elementor-swiper-button-next\" role=\"button\" tabindex=\"0\">\n\t\t\t\t\t\t<svg aria-hidden=\"true\" class=\"e-font-icon-svg e-eicon-chevron-right\" viewBox=\"0 0 1000 1000\" xmlns=\"http:\/\/www.w3.org\/2000\/svg\"><path d=\"M696 533C708 521 713 504 713 487 713 471 708 454 696 446L400 146C388 133 375 125 354 125 338 125 325 129 313 142 300 154 292 171 292 187 292 204 296 221 308 233L563 492 304 771C292 783 288 800 288 817 288 833 296 850 308 863 321 871 338 875 354 875 371 875 388 867 400 854L696 533Z\"><\/path><\/svg>\t\t\t\t\t<\/div>\n\t\t\t\t\n\t\t\t\t\t\t\t\t\t<div class=\"swiper-pagination\"><\/div>\n\t\t\t\t\t\t\t\t\t<\/div>\n\t\t\t\t\t\t<\/div>\n\t\t\t\t<div class=\"elementor-element elementor-element-76bacbab elementor-widget elementor-widget-text-editor\" data-id=\"76bacbab\" data-element_type=\"widget\" data-widget_type=\"text-editor.default\">\n\t\t\t\t\t\t\t\t\t<div class=\"wpb_text_column wpb_content_element\"><div class=\"wpb_wrapper\"><p>\u5343\u5e74\u4ee5\u4e0a\u306b\u308f\u305f\u308a\u65e5\u672c\u306e\u9996\u90fd\u3067\u3042\u3063\u305f\u4eac\u90fd\u306f\u3001\u65e5\u672c\u306e\u6587\u5316\u3068\u7cbe\u795e\u306e\u4e2d\u5fc3\u5730\u3068\u3057\u3066\u77e5\u3089\u308c\u3066\u3044\u307e\u3059\u3002\u8fd1\u4ee3\u7684\u306a\u65e5\u672c\u306e\u90fd\u5e02\u3068\u306f\u7570\u306a\u308a\u3001\u4eac\u90fd\u306f\u7b2c\u4e8c\u6b21\u4e16\u754c\u5927\u6226\u306e\u88ab\u5bb3\u3092\u6bd4\u8f03\u7684\u514d\u308c\u3001\u6b74\u53f2\u7684\u666f\u89b3\u3001\u8cb4\u91cd\u306a\u5efa\u7bc9\u7269\u3001\u305d\u3057\u3066\u4f1d\u7d71\u7684\u306a\u751f\u6d3b\u69d8\u5f0f\u3092\u4eca\u65e5\u307e\u3067\u5b88\u308a\u7d9a\u3051\u3066\u304d\u307e\u3057\u305f\u3002  <\/p><p>\u4eac\u90fd\u306f\u3001\u6642\u9593\u304c\u3086\u3063\u305f\u308a\u3068\u6d41\u308c\u3001\u7f8e\u610f\u8b58\u304c\u65e5\u5e38\u751f\u6d3b\u306e\u3042\u3089\u3086\u308b\u5834\u9762\u306b\u606f\u3065\u304d\u3001\u6570\u591a\u304f\u306e\u5bfa\u9662\u3084\u58ee\u9e97\u306a\u5bae\u6bbf\u3001\u6574\u3048\u3089\u308c\u305f\u7985\u5ead\u5712\u304c\u73fe\u4ee3\u751f\u6d3b\u3068\u8abf\u548c\u3059\u308b\u3001\u307e\u3055\u306b\u9b45\u529b\u3042\u3075\u308c\u308b\u8857\u3067\u3059\u3002<\/p><p><strong> \u8857\u306e\u30ea\u30ba\u30e0\uff1a\u512a\u96c5\u3055\u30fb\u7f8e\u30fb\u6df1\u307f<\/strong><\/p><p>\u6771\u4eac\u306e\u901f\u3044\u30c6\u30f3\u30dd\u3068\u306f\u5bfe\u7167\u7684\u306b\u3001\u4eac\u90fd\u3067\u306e\u66ae\u3089\u3057\u306f\u843d\u3061\u7740\u3044\u3066\u304a\u308a\u3001\u7a4f\u3084\u304b\u3067\u3001\u7f8e\u7684\u611f\u899a\u306b\u6e80\u3061\u3066\u3044\u307e\u3059\u3002<\/p><ul><li>\u751f\u304d\u7d9a\u3051\u308b\u4f1d\u7d71\uff1a \u4eac\u90fd\u306f\u3001\u65e5\u672c\u306e\u4f1d\u7d71\u82b8\u8853\u3084\u5de5\u82b8\u304c\u4eca\u306a\u304a\u606f\u3065\u304f\u4e2d\u5fc3\u5730\u3067\u3059\u3002\u8336\u9053\u3001\u83ef\u9053\uff08\u751f\u3051\u82b1\uff09\u3001\u305d\u3057\u3066\u6b4c\u821e\u4f0e\u3084\u80fd\u3068\u3044\u3063\u305f\u4f1d\u7d71\u82b8\u80fd\u304c\u3001\u6700\u3082\u6d17\u7df4\u3055\u308c\u305f\u5f62\u3067\u53d7\u3051\u7d99\u304c\u308c\u3066\u3044\u307e\u3059\u3002 <\/li><li>\u7947\u5712\u3068\u82b8\u5993\u6587\u5316\uff1a \u4eac\u90fd\u3092\u4ee3\u8868\u3059\u308b\u5730\u533a\u306e\u4e00\u3064\u3067\u3042\u308b\u7947\u5712\u306f\u3001\u73fe\u5728\u3082\u82b8\u5993\uff08\u4eac\u90fd\u3067\u306e\u82b8\u8005\u306e\u547c\u3073\u540d\uff09\u3084\u821e\u5993\uff08\u82b8\u5993\u898b\u7fd2\u3044\uff09\u306e\u6587\u5316\u304c\u606f\u3065\u304f\u5834\u6240\u3067\u3059\u3002\u5915\u65b9\u306b\u306a\u308b\u3068\u3001\u6728\u9020\u306e\u753a\u5bb6\u304c\u7acb\u3061\u4e26\u3076\u901a\u308a\u3067\u3001\u304a\u5ea7\u6577\u3078\u5411\u304b\u3046\u82b8\u5993\u306e\u59ff\u3092\u76ee\u306b\u3059\u308b\u3053\u3068\u304c\u3067\u304d\u307e\u3059\u3002 <\/li><li>\u81ea\u8ee2\u8eca\u306e\u3042\u308b\u66ae\u3089\u3057\uff1a \u5e02\u5185\u306f\u6bd4\u8f03\u7684\u5e73\u5766\u3067\u3001\u9d28\u5ddd\u6cbf\u3044\u306b\u306f\u6574\u5099\u3055\u308c\u305f\u9053\u304c\u5e83\u304c\u3063\u3066\u3044\u308b\u305f\u3081\u3001\u81ea\u8ee2\u8eca\u306f\u4eba\u6c17\u306e\u79fb\u52d5\u624b\u6bb5\u3068\u306a\u3063\u3066\u3044\u307e\u3059\u3002\u3053\u308c\u306b\u3088\u308a\u3001\u8857\u3092\u3088\u308a\u3086\u3063\u305f\u308a\u3068\u3001\u89aa\u3057\u307f\u3084\u3059\u3044\u30da\u30fc\u30b9\u3067\u697d\u3057\u3080\u3053\u3068\u304c\u3067\u304d\u307e\u3059\u3002 <\/li><\/ul><p> <\/p><p><strong>\u6b74\u53f2\u3068\u7f8e\u304c\u51fa\u4f1a\u3046\u5834\u6240<\/strong><\/p><p>\u4eac\u90fd\u306f\u30012,000\u4ee5\u4e0a\u306e\u5bfa\u9662\u3084\u795e\u793e\u3092\u6709\u3059\u308b\u3001\u307e\u3055\u306b\u300c\u5c4b\u5916\u535a\u7269\u9928\u300d\u3068\u3082\u8a00\u3048\u308b\u90fd\u5e02\u3067\u3059\u3002\u5e02\u5185\u306e\u591a\u304f\u306e\u5730\u57df\u304c\u30e6\u30cd\u30b9\u30b3\u4e16\u754c\u907a\u7523\u306b\u767b\u9332\u3055\u308c\u3066\u3044\u307e\u3059\u3002 <\/p><p><strong>\u6771\u5c71\u5730\u533a\uff08\u4eac\u90fd\u6771\u90e8\uff09<\/strong><\/p><p>\u4eac\u90fd\u3067\u3082\u7279\u306b\u826f\u597d\u306b\u4fdd\u5b58\u3055\u308c\u3066\u3044\u308b\u6b74\u53f2\u5730\u533a\u306e\u4e00\u3064\u3067\u3059\u3002\u4e09\u5e74\u5742\u30fb\u4e8c\u5e74\u5742\u3068\u3044\u3063\u305f\u77f3\u7573\u306e\u7d30\u3044\u9053\u3084\u4f1d\u7d71\u7684\u306a\u5546\u5e97\u3001\u305d\u3057\u3066\u58ee\u5927\u306a\u6728\u9020\u821e\u53f0\u3067\u77e5\u3089\u308c\u308b\u6e05\u6c34\u5bfa\u304c\u3001\u8a2a\u308c\u308b\u4eba\u3005\u3092\u53e4\u304d\u65e5\u672c\u3078\u3068\u8a98\u3044\u307e\u3059\u3002 <\/p><p><strong>\u4f0f\u898b\u7a32\u8377\u5927\u793e<\/strong><\/p><p>\u5c71\u306e\u659c\u9762\u4e00\u5e2f\u306b\u5e83\u304c\u308a\u3001\u307e\u308b\u3067\u7121\u9650\u306b\u7d9a\u304f\u304b\u306e\u3088\u3046\u306a\u6731\u8272\u306e\u9ce5\u5c45\u304c\u9023\u306a\u308b\u30c8\u30f3\u30cd\u30eb\u3067\u4e16\u754c\u7684\u306b\u77e5\u3089\u308c\u3066\u3044\u307e\u3059\u3002\u4e94\u7a40\u8c4a\u7a63\u306e\u795e\u30fb\u7a32\u8377\u5927\u795e\u3092\u7940\u308b\u3053\u306e\u795e\u793e\u306f\u3001\u4eac\u90fd\u3092\u4ee3\u8868\u3059\u308b\u8c61\u5fb4\u7684\u306a\u666f\u89b3\u306e\u4e00\u3064\u3067\u3059\u3002 <\/p><p><strong>\u5d50\u5c71<\/strong><\/p><p>\u4eac\u90fd\u306e\u897f\u90e8\u306b\u4f4d\u7f6e\u3059\u308b\u3053\u306e\u5730\u57df\u306f\u3001\u8c4a\u304b\u306a\u81ea\u7136\u3067\u77e5\u3089\u308c\u3066\u3044\u307e\u3059\u3002\u5e7b\u60f3\u7684\u306a\u5d50\u5c71\u7af9\u6797\u306e\u6563\u7b56\u3001\u4fdd\u6d25\u5ddd\u3067\u306e\u4f1d\u7d71\u7684\u306a\u821f\u4e0b\u308a\u3001\u305d\u3057\u3066\u30e6\u30cd\u30b9\u30b3\u4e16\u754c\u907a\u7523\u306b\u767b\u9332\u3055\u308c\u305f\u5929\u9f8d\u5bfa\u306e\u5ead\u5712\u3092\u8a2a\u308c\u308b\u3053\u3068\u304c\u3001\u4ee3\u8868\u7684\u306a\u4f53\u9a13\u3067\u3059\u3002 <\/p><p><strong>\u91d1\u95a3\u5bfa<\/strong><\/p><p>\u6b63\u5f0f\u540d\u79f0\u3092\u9e7f\u82d1\u5bfa\u3068\u3044\u3046\u3053\u306e\u7985\u5b97\u5bfa\u9662\u306f\u3001\u6c60\u306e\u307b\u3068\u308a\u306b\u5efa\u3066\u3089\u308c\u3066\u304a\u308a\u3001\u4e0a\u5c64\u4e8c\u968e\u306f\u91d1\u7b94\u3067\u8986\u308f\u308c\u3066\u3044\u307e\u3059\u3002\u6c34\u9762\u306b\u6620\u308b\u59ff\u306f\u3001\u606f\u3092\u306e\u3080\u307b\u3069\u306e\u7f8e\u3057\u3055\u3067\u3059\u3002 <\/p><p><strong> \u30b0\u30eb\u30e1\uff1a\u7e4a\u7d30\u3055\u3068\u300c\u61d0\u77f3\u300d\u306e\u82b8\u8853<\/strong><\/p><p>\u4eac\u90fd\u306f\u3001\u65e5\u672c\u6599\u7406\u306e\u4e2d\u3067\u3082\u6700\u3082\u6d17\u7df4\u3055\u308c\u3001\u82b8\u8853\u7684\u306a\u5f62\u5f0f\u3068\u3055\u308c\u308b\u61d0\u77f3\u6599\u7406\u306e\u767a\u7965\u5730\u3067\u3059\u3002<\/p><ul><li>\u61d0\u77f3\u6599\u7406\uff1a \u65ec\u306e\u98df\u6750\u3092\u6700\u3082\u65b0\u9bae\u306a\u72b6\u614b\u3067\u7528\u3044\u3001\u82b8\u8853\u7684\u306a\u76db\u308a\u4ed8\u3051\u3068\u3068\u3082\u306b\u63d0\u4f9b\u3055\u308c\u308b\u591a\u76bf\u69cb\u6210\u306e\u9ad8\u7d1a\u6599\u7406\u3067\u3001\u4eac\u90fd\u306e\u98df\u6587\u5316\u306e\u9802\u70b9\u3068\u3044\u3048\u307e\u3059\u3002<\/li><li>\u62b9\u8336\uff08\u65e5\u672c\u306e\u7dd1\u8336\uff09\uff1a \u4eac\u90fd\u306e\u5b87\u6cbb\u5730\u57df\u306f\u3001\u65e5\u672c\u6709\u6570\u306e\u9ad8\u54c1\u8cea\u306a\u62b9\u8336\u306e\u7523\u5730\u3067\u3059\u3002\u8336\u9053\u306b\u52a0\u3048\u3001\u62b9\u8336\u30a2\u30a4\u30b9\u3084\u548c\u83d3\u5b50\u3001\u30b9\u30a4\u30fc\u30c4\u3001\u9eba\u985e\u306a\u3069\u3001\u3055\u307e\u3056\u307e\u306a\u9038\u54c1\u304c\u697d\u3057\u3081\u307e\u3059\u3002 <\/li><li>\u304a\u3070\u3093\u3056\u3044\u3068\u8c46\u8150\uff1a \u304a\u3070\u3093\u3056\u3044\u306f\u4eac\u90fd\u306e\u5bb6\u5ead\u6599\u7406\u3092\u6307\u3057\u3001\u7d20\u6734\u3067\u5b63\u7bc0\u611f\u304c\u3042\u308a\u3001\u5065\u5eb7\u7684\u306a\u6599\u7406\u3067\u3059\u3002\u826f\u8cea\u306a\u6c34\u306b\u6075\u307e\u308c\u305f\u4eac\u90fd\u306f\u3001\u6e6f\u8c46\u8150\u306a\u3069\u306e\u5927\u8c46\u6599\u7406\u3067\u3082\u77e5\u3089\u308c\u3066\u3044\u307e\u3059\u3002 <\/li><\/ul><p><strong>\u9759\u5bc2\u3068\u54f2\u5b66\uff1a\u7985\u5ead\u5712<\/strong><\/p><p>\u4eac\u90fd\u306b\u306f\u3001\u7791\u60f3\u7684\u3067\u54f2\u5b66\u7684\u306a\u6df1\u307f\u3092\u6301\u3064\u4e16\u754c\u7684\u306b\u6709\u540d\u306a\u7985\u5ead\u5712\u304c\u5b58\u5728\u3057\u307e\u3059\u3002<\/p><ul><li>\u9f8d\u5b89\u5bfa\uff1a \u4e16\u754c\u3067\u3082\u6700\u3082\u6709\u540d\u306a\u77f3\u5ead\u306e\u4e00\u3064\u3067\u3001\u767d\u7802\u306e\u4e0a\u306b15\u500b\u306e\u77f3\u304c\u914d\u7f6e\u3055\u308c\u3066\u3044\u307e\u3059\u3002\u305d\u306e\u7c21\u7d20\u306a\u69cb\u6210\u306f\u3001\u898b\u308b\u8005\u306b\u9759\u5bc2\u3068\u5185\u7701\u3092\u4fc3\u3057\u307e\u3059\u3002  <\/li><\/ul><p>\u4eac\u90fd\u306f\u3001\u73fe\u4ee3\u793e\u4f1a\u306e\u901f\u3055\u306b\u6297\u3044\u3001\u7f8e\u3092\u4f55\u3088\u308a\u3082\u91cd\u3093\u3058\u3001\u65e5\u672c\u306e\u7cbe\u795e\u6587\u5316\u3092\u4eca\u306b\u4f1d\u3048\u308b\u552f\u4e00\u7121\u4e8c\u306e\u90fd\u5e02\u3067\u3059\u3002\u8a2a\u308c\u308b\u4eba\u3005\u306b\u3001\u5358\u306a\u308b\u65c5\u884c\u3067\u306f\u306a\u304f\u3001\u6642\u3092\u8d85\u3048\u305f\u6587\u5316\u4f53\u9a13\u3092\u7d04\u675f\u3057\u3066\u304f\u308c\u307e\u3059\u3002 <\/p><\/div><\/div>\t\t\t\t\t\t\t\t<\/div>\n\t\t\t\t<\/div>\n\t\t\t\t<\/div>\n\t\t\t\t<\/div>\n\t\t","protected":false},"excerpt":{"rendered":"<p>\u4eac\u90fd\uff1a\u65e5\u672c\u306e\u4f1d\u7d71\u306e\u5fc3\u3068\u7cbe\u795e \u30db\u30fc\u30e0\u30da\u30fc\u30b8 \u4eac\u90fd\uff1a\u65e5\u672c\u306e\u4f1d\u7d71\u306e\u5fc3\u3068\u7cbe\u795e \u5343\u5e74\u4ee5\u4e0a\u306b\u308f\u305f\u308a\u65e5\u672c\u306e\u9996\u90fd\u3067\u3042\u3063\u305f\u4eac\u90fd\u306f\u3001\u65e5\u672c\u306e\u6587\u5316\u3068\u7cbe\u795e\u306e\u4e2d\u5fc3\u5730\u3068\u3057\u3066\u77e5\u3089\u308c\u3066\u3044\u307e\u3059\u3002\u8fd1\u4ee3\u7684\u306a\u65e5\u672c\u306e\u90fd\u5e02\u3068\u306f\u7570\u306a\u308a\u3001\u4eac\u90fd\u306f\u7b2c\u4e8c\u6b21\u4e16\u754c\u5927\u6226\u306e\u88ab\u5bb3\u3092\u6bd4\u8f03 [&hellip;]<\/p>\n","protected":false},"author":1,"featured_media":0,"parent":0,"menu_order":0,"comment_status":"closed","ping_status":"closed","template":"","meta":{"footnotes":""},"class_list":["post-6601","page","type-page","status-publish","hentry"],"_links":{"self":[{"href":"https:\/\/www.edusama.com\/ja\/wp-json\/wp\/v2\/pages\/6601","targetHints":{"allow":["GET"]}}],"collection":[{"href":"https:\/\/www.edusama.com\/ja\/wp-json\/wp\/v2\/pages"}],"about":[{"href":"https:\/\/www.edusama.com\/ja\/wp-json\/wp\/v2\/types\/page"}],"author":[{"embeddable":true,"href":"https:\/\/www.edusama.com\/ja\/wp-json\/wp\/v2\/users\/1"}],"replies":[{"embeddable":true,"href":"https:\/\/www.edusama.com\/ja\/wp-json\/wp\/v2\/comments?post=6601"}],"version-history":[{"count":4,"href":"https:\/\/www.edusama.com\/ja\/wp-json\/wp\/v2\/pages\/6601\/revisions"}],"predecessor-version":[{"id":7228,"href":"https:\/\/www.edusama.com\/ja\/wp-json\/wp\/v2\/pages\/6601\/revisions\/7228"}],"wp:attachment":[{"href":"https:\/\/www.edusama.com\/ja\/wp-json\/wp\/v2\/media?parent=6601"}],"curies":[{"name":"wp","href":"https:\/\/api.w.org\/{rel}","templated":true}]}}