{"id":6597,"date":"2025-11-19T17:41:33","date_gmt":"2025-11-19T17:41:33","guid":{"rendered":"https:\/\/www.edusama.com\/tokyo\/"},"modified":"2026-03-24T14:34:52","modified_gmt":"2026-03-24T14:34:52","slug":"tokyo","status":"publish","type":"page","link":"https:\/\/www.edusama.com\/ja\/tokyo\/","title":{"rendered":"Tokyo"},"content":{"rendered":"\t\t<div data-elementor-type=\"wp-page\" data-elementor-id=\"6597\" class=\"elementor elementor-6597 elementor-5804\" data-elementor-post-type=\"page\">\n\t\t\t\t<div class=\"elementor-element elementor-element-9fa4aee e-con-full e-flex e-con e-parent\" data-id=\"9fa4aee\" data-element_type=\"container\" data-settings=\"{&quot;background_background&quot;:&quot;classic&quot;}\">\n\t\t<div class=\"elementor-element elementor-element-ef76a81 e-con-full e-flex e-con e-child\" data-id=\"ef76a81\" data-element_type=\"container\">\n\t\t\t\t<div class=\"elementor-element elementor-element-5f11005 elementor-widget elementor-widget-heading\" data-id=\"5f11005\" data-element_type=\"widget\" data-widget_type=\"heading.default\">\n\t\t\t\t\t<h2 class=\"elementor-heading-title elementor-size-default\">\u6771\u4eac\uff1a\u4f1d\u7d71\u3068\u672a\u6765\u304c\u4ea4\u5dee\u3059\u308b\u5927\u90fd\u5e02<\/h2>\t\t\t\t<\/div>\n\t\t\t\t<div class=\"elementor-element elementor-element-dbe604d elementor-icon-list--layout-inline elementor-align-center elementor-list-item-link-full_width elementor-widget elementor-widget-icon-list\" data-id=\"dbe604d\" data-element_type=\"widget\" data-widget_type=\"icon-list.default\">\n\t\t\t\t\t\t\t<ul class=\"elementor-icon-list-items elementor-inline-items\">\n\t\t\t\t\t\t\t<li class=\"elementor-icon-list-item elementor-inline-item\">\n\t\t\t\t\t\t\t\t\t\t\t<a href=\"https:\/\/www.edusama.com\/ja\/\">\n\n\t\t\t\t\t\t\t\t\t\t\t<span class=\"elementor-icon-list-text\">\u30db\u30fc\u30e0\u30da\u30fc\u30b8<\/span>\n\t\t\t\t\t\t\t\t\t\t\t<\/a>\n\t\t\t\t\t\t\t\t\t<\/li>\n\t\t\t\t\t\t\t\t<li class=\"elementor-icon-list-item elementor-inline-item\">\n\t\t\t\t\t\t\t\t\t\t\t<span class=\"elementor-icon-list-icon\">\n\t\t\t\t\t\t\t<svg aria-hidden=\"true\" class=\"e-font-icon-svg e-fas-chevron-right\" viewBox=\"0 0 320 512\" xmlns=\"http:\/\/www.w3.org\/2000\/svg\"><path d=\"M285.476 272.971L91.132 467.314c-9.373 9.373-24.569 9.373-33.941 0l-22.667-22.667c-9.357-9.357-9.375-24.522-.04-33.901L188.505 256 34.484 101.255c-9.335-9.379-9.317-24.544.04-33.901l22.667-22.667c9.373-9.373 24.569-9.373 33.941 0L285.475 239.03c9.373 9.372 9.373 24.568.001 33.941z\"><\/path><\/svg>\t\t\t\t\t\t<\/span>\n\t\t\t\t\t\t\t\t\t\t<span class=\"elementor-icon-list-text\">\u6771\u4eac\uff1a\u4f1d\u7d71\u3068\u672a\u6765\u304c\u4ea4\u5dee\u3059\u308b\u5927\u90fd\u5e02<\/span>\n\t\t\t\t\t\t\t\t\t<\/li>\n\t\t\t\t\t\t<\/ul>\n\t\t\t\t\t\t<\/div>\n\t\t\t\t<\/div>\n\t\t\t\t<\/div>\n\t\t<div class=\"elementor-element elementor-element-04e600e e-con-full e-flex e-con e-parent\" data-id=\"04e600e\" data-element_type=\"container\">\n\t\t<div class=\"elementor-element elementor-element-7986b73 e-con-full e-flex e-con e-child\" data-id=\"7986b73\" data-element_type=\"container\">\n\t\t\t\t<div class=\"elementor-element elementor-element-af64585 elementor-arrows-position-inside elementor-pagination-position-outside elementor-widget elementor-widget-image-carousel\" data-id=\"af64585\" data-element_type=\"widget\" data-settings=\"{&quot;slides_to_show&quot;:&quot;1&quot;,&quot;navigation&quot;:&quot;both&quot;,&quot;autoplay&quot;:&quot;yes&quot;,&quot;pause_on_hover&quot;:&quot;yes&quot;,&quot;pause_on_interaction&quot;:&quot;yes&quot;,&quot;autoplay_speed&quot;:5000,&quot;infinite&quot;:&quot;yes&quot;,&quot;effect&quot;:&quot;slide&quot;,&quot;speed&quot;:500}\" data-widget_type=\"image-carousel.default\">\n\t\t\t\t\t\t\t<div class=\"elementor-image-carousel-wrapper swiper\" role=\"region\" aria-roledescription=\"carousel\" aria-label=\"Resim D\u00f6ng\u00fcs\u00fc\" dir=\"ltr\">\n\t\t\t<div class=\"elementor-image-carousel swiper-wrapper\" aria-live=\"off\">\n\t\t\t\t\t\t\t\t<div class=\"swiper-slide\" role=\"group\" aria-roledescription=\"slide\" aria-label=\"1 \/ 6\"><figure class=\"swiper-slide-inner\"><img decoding=\"async\" class=\"swiper-slide-image\" src=\"https:\/\/www.edusama.com\/wp-content\/uploads\/elementor\/thumbs\/Tokyo-6-scaled-rey32d9ow1tyxh2cf2vsq6y99zmaolxmjr7tpphcns.jpg\" alt=\"Tokyo, Japan cityscape and tower at dusk from the Ebisu district.\" \/><\/figure><\/div><div class=\"swiper-slide\" role=\"group\" aria-roledescription=\"slide\" aria-label=\"2 \/ 6\"><figure class=\"swiper-slide-inner\"><img decoding=\"async\" class=\"swiper-slide-image\" src=\"https:\/\/www.edusama.com\/wp-content\/uploads\/elementor\/thumbs\/Tokyo-4-scaled-rey31clzhifscojld51ciy7a3ymzcew3eprvzwzpeg.jpg\" alt=\"Tokyo - 4\" \/><\/figure><\/div><div class=\"swiper-slide\" role=\"group\" aria-roledescription=\"slide\" aria-label=\"3 \/ 6\"><figure class=\"swiper-slide-inner\"><img decoding=\"async\" class=\"swiper-slide-image\" src=\"https:\/\/www.edusama.com\/wp-content\/uploads\/elementor\/thumbs\/Tokyo-5-scaled-rey30rxjb5nh99dmpw3k03f51hgwn2lzzvf7ftud7c.jpg\" alt=\"Panorama of tokyo cityscape and rainbow bridge at night.\" \/><\/figure><\/div><div class=\"swiper-slide\" role=\"group\" aria-roledescription=\"slide\" aria-label=\"4 \/ 6\"><figure class=\"swiper-slide-inner\"><img decoding=\"async\" class=\"swiper-slide-image\" src=\"https:\/\/www.edusama.com\/wp-content\/uploads\/elementor\/thumbs\/Tokyo-2-scaled-rey30ersnh5gqpwquqes16qoq39rnb5ra2aepydvmg.jpg\" alt=\"Aerial view of Tokyo cityscape with Fuji mountain in Japan.\" \/><\/figure><\/div><div class=\"swiper-slide\" role=\"group\" aria-roledescription=\"slide\" aria-label=\"5 \/ 6\"><figure class=\"swiper-slide-inner\"><img decoding=\"async\" class=\"swiper-slide-image\" src=\"https:\/\/www.edusama.com\/wp-content\/uploads\/elementor\/thumbs\/Tokyo-1-scaled-rey2zv16nyefywpf1zvm2tq08zz25nze7cl7n57594.jpg\" alt=\"Tokyo - 1\" \/><\/figure><\/div><div class=\"swiper-slide\" role=\"group\" aria-roledescription=\"slide\" aria-label=\"6 \/ 6\"><figure class=\"swiper-slide-inner\"><img decoding=\"async\" class=\"swiper-slide-image\" src=\"https:\/\/www.edusama.com\/wp-content\/uploads\/elementor\/thumbs\/Tokyo-3-scaled-rey2zfzrmltut5b9htdkyximqu16qibota5fyptg0o.jpg\" alt=\"Tokyo skyline with Tokyo tower and rainbow bridge. Tokyo, Japan.\" \/><\/figure><\/div>\t\t\t<\/div>\n\t\t\t\t\t\t\t\t\t\t\t\t<div class=\"elementor-swiper-button elementor-swiper-button-prev\" role=\"button\" tabindex=\"0\">\n\t\t\t\t\t\t<svg aria-hidden=\"true\" class=\"e-font-icon-svg e-eicon-chevron-left\" viewBox=\"0 0 1000 1000\" xmlns=\"http:\/\/www.w3.org\/2000\/svg\"><path d=\"M646 125C629 125 613 133 604 142L308 442C296 454 292 471 292 487 292 504 296 521 308 533L604 854C617 867 629 875 646 875 663 875 679 871 692 858 704 846 713 829 713 812 713 796 708 779 692 767L438 487 692 225C700 217 708 204 708 187 708 171 704 154 692 142 675 129 663 125 646 125Z\"><\/path><\/svg>\t\t\t\t\t<\/div>\n\t\t\t\t\t<div class=\"elementor-swiper-button elementor-swiper-button-next\" role=\"button\" tabindex=\"0\">\n\t\t\t\t\t\t<svg aria-hidden=\"true\" class=\"e-font-icon-svg e-eicon-chevron-right\" viewBox=\"0 0 1000 1000\" xmlns=\"http:\/\/www.w3.org\/2000\/svg\"><path d=\"M696 533C708 521 713 504 713 487 713 471 708 454 696 446L400 146C388 133 375 125 354 125 338 125 325 129 313 142 300 154 292 171 292 187 292 204 296 221 308 233L563 492 304 771C292 783 288 800 288 817 288 833 296 850 308 863 321 871 338 875 354 875 371 875 388 867 400 854L696 533Z\"><\/path><\/svg>\t\t\t\t\t<\/div>\n\t\t\t\t\n\t\t\t\t\t\t\t\t\t<div class=\"swiper-pagination\"><\/div>\n\t\t\t\t\t\t\t\t\t<\/div>\n\t\t\t\t\t\t<\/div>\n\t\t\t\t<div class=\"elementor-element elementor-element-c1fb000 elementor-widget elementor-widget-text-editor\" data-id=\"c1fb000\" data-element_type=\"widget\" data-widget_type=\"text-editor.default\">\n\t\t\t\t\t\t\t\t\t<div class=\"wpb_text_column wpb_content_element\"><div class=\"wpb_wrapper\"><p>\u65e5\u672c\u306e\u9996\u90fd\u30fb\u6771\u4eac\u306f\u3001\u4eba\u53e31,400\u4e07\u4eba\u3092\u8d85\u3048\uff08\u9996\u90fd\u570f\u3067\u306f3,700\u4e07\u4eba\u4ee5\u4e0a\uff09\u3001\u4e16\u754c\u3067\u3082\u6700\u3082\u6d3b\u6c17\u306b\u6e80\u3061\u305f\u3001\u4eba\u53e3\u5bc6\u5ea6\u306e\u9ad8\u3044\u90fd\u5e02\u306e\u4e00\u3064\u3067\u3059\u3002\u5358\u306a\u308b\u4e00\u90fd\u5e02\u306b\u3068\u3069\u307e\u3089\u305a\u3001\u6771\u4eac\u306f\u3001\u305d\u308c\u305e\u308c\u304c\u72ec\u81ea\u306e\u500b\u6027\u3092\u6301\u3064\u5730\u57df\u304c\u96c6\u307e\u3063\u3066\u5f62\u6210\u3055\u308c\u305f\u3001\u5de8\u5927\u306a\u751f\u6d3b\u7a7a\u9593\u3067\u3082\u3042\u308a\u307e\u3059\u3002\u73fe\u4ee3\u6027\u306e\u9650\u754c\u306b\u6311\u307f\u306a\u304c\u3089\u3082\u3001\u4f55\u4e16\u7d00\u306b\u3082\u308f\u305f\u308b\u4f1d\u7d71\u3092\u4e01\u5be7\u306b\u5b88\u308a\u7d9a\u3051\u3066\u304d\u305f\u3001\u307e\u3055\u306b\u552f\u4e00\u7121\u4e8c\u306e\u5b58\u5728\u3067\u3059\u3002 <\/p><p>\u3053\u306e\u8857\u306f\u3001\u8fd1\u4ee3\u5b9a\u4f4d\u306a\u9ad8\u5c64\u30d3\u30eb\u3084\u30cd\u30aa\u30f3\u306b\u5f69\u3089\u308c\u305f\u901a\u308a\u3001\u6700\u5148\u7aef\u306e\u30c6\u30af\u30ce\u30ed\u30b8\u30fc\u3068\u3001\u6728\u9020\u306e\u5bfa\u9662\u3001\u9759\u5bc2\u306b\u5305\u307e\u308c\u305f\u7985\u5ead\u5712\u3001\u305d\u3057\u3066\u53e4\u6765\u306e\u5100\u5f0f\u3068\u304c\u5171\u5b58\u3059\u308b\u3001\u9b45\u529b\u7684\u306a\u8abf\u548c\u3092\u751f\u307f\u51fa\u3057\u3066\u3044\u307e\u3059\u3002<\/p><p><strong>\u90fd\u5e02\u306e\u30ea\u30ba\u30e0\uff1a\u79e9\u5e8f\u30fb\u30b9\u30d4\u30fc\u30c9\u30fb\u52b9\u7387\u6027<\/strong><\/p><p>\u6771\u4eac\u306e\u65e5\u5e38\u751f\u6d3b\u306f\u3001\u300c\u79e9\u5e8f\u3042\u308b\u6df7\u6c8c\u300d\u3068\u8868\u73fe\u3067\u304d\u308b\u30ea\u30ba\u30e0\u3067\u6d41\u308c\u3066\u3044\u307e\u3059\u3002<\/p><ul><li><strong>\u6642\u9593\u53b3\u5b88\u3068\u4ea4\u901a:<\/strong> \u6771\u4eac\u306f\u3001\u4e16\u754c\u3067\u3082\u6700\u5148\u7aef\u304b\u3064\u52b9\u7387\u7684\u3067\u3001\u975e\u5e38\u306b\u6b63\u78ba\u306a\u516c\u5171\u4ea4\u901a\u7db2\u3092\u6709\u3057\u3066\u3044\u307e\u3059\u3002\u9244\u9053\u3084\u5730\u4e0b\u9244\u306f\u3001\u6bce\u65e5\u4f55\u767e\u4e07\u4eba\u3082\u306e\u4eba\u3005\u3092\u79d2\u5358\u4f4d\u306e\u6b63\u78ba\u3055\u3067\u904b\u3093\u3067\u3044\u307e\u3059\u3002\u3053\u306e\u6642\u9593\u53b3\u5b88\u306e\u6587\u5316\u306f\u3001\u516c\u5171\u4ea4\u901a\u306b\u3068\u3069\u307e\u3089\u305a\u3001\u4ed5\u4e8b\u3092\u542b\u3080\u793e\u4f1a\u751f\u6d3b\u306e\u3042\u3089\u3086\u308b\u5834\u9762\u306b\u53cd\u6620\u3055\u308c\u3066\u3044\u307e\u3059\u3002  <\/li><li><strong>\u793e\u4f1a\u751f\u6d3b\u3068\u4ed5\u4e8b\u6587\u5316:<\/strong> \u5fd9\u3057\u3044\u4ed5\u4e8b\u306e\u30ea\u30ba\u30e0\u306f\u3001\u90fd\u5e02\u306e DNA \u306e\u4e00\u90e8\u3068\u3082\u8a00\u3048\u307e\u3059\u3002\u4ed5\u4e8b\u7d42\u308f\u308a\u306e\u6642\u9593\u5e2f\u306b\u306f\u3001\u5c45\u9152\u5c4b\u3084\u30ec\u30b9\u30c8\u30e9\u30f3\u306b\u3001\u65e5\u4e2d\u306e\u30b9\u30c8\u30ec\u30b9\u3092\u89e3\u6d88\u3057\u3001\u4ea4\u6d41\u3092\u6df1\u3081\u3088\u3046\u3068\u96c6\u307e\u308b\u52b4\u50cd\u8005\u3067\u8cd1\u308f\u3044\u307e\u3059\u3002 <\/li><li><strong>\u516c\u5171\u7a7a\u9593\u3068\u914d\u616e:<\/strong> \u6771\u4eac\u306e\u6700\u3082\u5370\u8c61\u7684\u306a\u7279\u5fb4\u306e\u4e00\u3064\u306f\u3001\u3053\u308c\u307b\u3069\u306e\u4eba\u6df7\u307f\u306b\u3082\u304b\u304b\u308f\u3089\u305a\u4fdd\u305f\u308c\u3066\u3044\u308b\u516c\u5171\u306e\u79e9\u5e8f\u3068\u9759\u3051\u3055\u3067\u3059\u3002\u4eba\u3005\u306f\u3001\u4ed6\u4eba\u306b\u300c\u8ff7\u60d1\u3092\u304b\u3051\u306a\u3044\u300d\u3068\u3044\u3046\u8003\u3048\u65b9\u3092\u975e\u5e38\u306b\u5927\u5207\u306b\u3057\u3066\u3044\u307e\u3059\u3002 <\/li><\/ul><p><br><strong> \u305d\u308c\u305e\u308c\u304c\u5225\u4e16\u754c\uff1a\u6771\u4eac\u306e\u8c61\u5fb4\u7684\u306a\u30a8\u30ea\u30a2<\/strong><\/p><p>\u6771\u4eac\u3092\u7406\u89e3\u3059\u308b\u305f\u3081\u306b\u306f\u3001\u3072\u3068\u3064\u306e\u90fd\u5e02\u3068\u3057\u3066\u3067\u306f\u306a\u304f\u3001\u305d\u308c\u305e\u308c\u7570\u306a\u308b\u500b\u6027\u3092\u6301\u3064\u8857\u533a\u306e\u96c6\u5408\u4f53\u3068\u3057\u3066\u6349\u3048\u308b\u5fc5\u8981\u304c\u3042\u308a\u307e\u3059\u3002<\/p><p><strong>\u65b0\u5bbf<\/strong><\/p><p>\u65b0\u5bbf\u306f\u3001\u6771\u4eac\u3092\u4ee3\u8868\u3059\u308b\u884c\u653f\u304a\u3088\u3073\u5546\u696d\u306e\u4e2d\u5fc3\u5730\u306e\u4e00\u3064\u3067\u3059\u3002\u897f\u5074\u306b\u306f\u6771\u4eac\u90fd\u5e81\u820e\u3092\u306f\u3058\u3081\u3068\u3059\u308b\u5de8\u5927\u306a\u9ad8\u5c64\u30d3\u30eb\u7fa4\u304c\u7acb\u3061\u4e26\u3073\u3001\u6771\u5074\u306b\u306f\u30cd\u30aa\u30f3\u306b\u5f69\u3089\u308c\u305f\u6b4c\u821e\u4f0e\u753a\u306e\u6b53\u697d\u8857\u3084\u3001\u72ed\u3044\u8def\u5730\u306b\u30ce\u30b9\u30bf\u30eb\u30b8\u30c3\u30af\u306a\u30d0\u30fc\u304c\u96c6\u307e\u308b\u30b4\u30fc\u30eb\u30c7\u30f3\u8857\u304c\u3042\u308a\u3001\u6d3b\u6c17\u3042\u3075\u308c\u308b\u591c\u306e\u8868\u60c5\u3092\u898b\u305b\u307e\u3059\u3002\u307e\u305f\u3001\u4e16\u754c\u3067\u6700\u3082\u5229\u7528\u8005\u6570\u306e\u591a\u3044\u9244\u9053\u99c5\u3082\u3053\u306e\u30a8\u30ea\u30a2\u306b\u3042\u308a\u307e\u3059\u3002  <\/p><p><strong>\u6e0b\u8c37<\/strong><\/p><p>\u82e5\u8005\u6587\u5316\u3068\u30d5\u30a1\u30c3\u30b7\u30e7\u30f3\u306e\u4e2d\u5fc3\u5730\u3067\u3059\u3002\u4e16\u754c\u7684\u306b\u6709\u540d\u306a\u300c\u6e0b\u8c37\u30b9\u30af\u30e9\u30f3\u30d6\u30eb\u4ea4\u5dee\u70b9\u300d\u306f\u3001\u4f55\u767e\u4eba\u3082\u306e\u4eba\u3005\u304c\u79e9\u5e8f\u3092\u4fdd\u3061\u306a\u304c\u3089\u540c\u6642\u306b\u884c\u304d\u4ea4\u3046\u3001\u90fd\u5e02\u306e\u30a8\u30cd\u30eb\u30ae\u30fc\u3092\u8c61\u5fb4\u3059\u308b\u5834\u6240\u3067\u3059\u3002 <\/p><p><strong>\u6d45\u8349<\/strong><\/p><p>\u6d45\u8349\u306f\u3001\u6771\u4eac\u306e\u6b74\u53f2\u3042\u308b\u300c\u6c5f\u6238\u300d\u6642\u4ee3\u306e\u96f0\u56f2\u6c17\u3092\u6700\u3082\u8272\u6fc3\u304f\u6b8b\u3059\u30a8\u30ea\u30a2\u306e\u4e00\u3064\u3067\u3059\u3002\u6771\u4eac\u6700\u53e4\u306e\u5bfa\u9662\u3067\u3042\u308b\u58ee\u9e97\u306a\u6d45\u8349\u5bfa\u3092\u306f\u3058\u3081\u3001\u5de8\u5927\u306a\u8d64\u3044\u63d0\u706f\u3067\u77e5\u3089\u308c\u308b\u96f7\u9580\u3001\u305d\u3057\u3066\u5bfa\u9662\u3078\u3068\u7d9a\u304f\u4f1d\u7d71\u7684\u306a\u5546\u5e97\u8857\u30fb\u4ef2\u898b\u4e16\u901a\u308a\u304c\u3001\u8a2a\u308c\u308b\u4eba\u3005\u3092\u6642\u4ee3\u3092\u8d85\u3048\u305f\u65c5\u3078\u3068\u8a98\u3044\u307e\u3059\u3002 <\/p><p><strong>\u79cb\u8449\u539f<\/strong><\/p><p>\u300c\u96fb\u6c17\u8857\u300d\u3068\u3057\u3066\u77e5\u3089\u308c\u308b\u79cb\u8449\u539f\u306f\u3001\u30a2\u30cb\u30e1\u3001\u30de\u30f3\u30ac\u3001\u30b2\u30fc\u30e0\u3068\u3044\u3063\u305f\u73fe\u4ee3\u65e5\u672c\u306e\u30dd\u30c3\u30d7\u30ab\u30eb\u30c1\u30e3\u30fc\u306e\u4e16\u754c\u7684\u306a\u4e2d\u5fc3\u5730\u3067\u3059\u3002\u591a\u5c64\u968e\u306e\u96fb\u6c17\u5e97\u3084\u30b3\u30f3\u30bb\u30d7\u30c8\u30ab\u30d5\u30a7\u3001\u30b2\u30fc\u30e0\u30bb\u30f3\u30bf\u30fc\u304c\u7acb\u3061\u4e26\u3073\u3001\u4ed6\u306b\u306f\u306a\u3044\u72ec\u7279\u306e\u96f0\u56f2\u6c17\u3092\u6301\u3064\u30a8\u30ea\u30a2\u3067\u3059\u3002 <\/p><p><strong>\u9280\u5ea7<\/strong><\/p><p>\u9280\u5ea7\u306f\u3001\u9ad8\u7d1a\u30b7\u30e7\u30c3\u30d4\u30f3\u30b0\u3001\u6d17\u7df4\u3055\u308c\u305f\u30ec\u30b9\u30c8\u30e9\u30f3\u3001\u305d\u3057\u3066\u30a2\u30fc\u30c8\u30ae\u30e3\u30e9\u30ea\u30fc\u306e\u4e2d\u5fc3\u5730\u3067\u3059\u3002\u4e16\u754c\u7684\u30d6\u30e9\u30f3\u30c9\u306e\u65d7\u8266\u5e97\u304c\u96c6\u307e\u308b\u3053\u306e\u30a8\u30ea\u30a2\u306f\u3001\u6771\u4eac\u306e\u73fe\u4ee3\u7684\u306a\u512a\u96c5\u3055\u3068\u7d4c\u6e08\u7684\u306a\u529b\u3092\u8c61\u5fb4\u3057\u3066\u3044\u307e\u3059\u3002 <\/p><p>\ud83c\udf63 \u7f8e\u98df\u306e\u4e2d\u5fc3\u30fb\u6771\u4eac<\/p><p>\u6771\u4eac\u306f\u3001\u4e16\u754c\u3067\u6700\u3082\u591a\u304f\u306e\u30df\u30b7\u30e5\u30e9\u30f3\u661f\u4ed8\u304d\u30ec\u30b9\u30c8\u30e9\u30f3\u3092\u64c1\u3059\u308b\u90fd\u5e02\u3068\u3057\u3066\u3001\u7f8e\u98df\u306e\u90fd\u3068\u79f0\u3055\u308c\u3066\u3044\u307e\u3059\u3002<\/p><ul><li>\u9ad8\u7d1a\u6599\u7406: \u8c4a\u6d32\u5e02\u5834\u304b\u3089\u4ed5\u5165\u308c\u305f\u65b0\u9bae\u306a\u98df\u6750\u3092\u4f7f\u3063\u305f\u5bff\u53f8\u3084\u523a\u8eab\u306f\u3001\u300c\u304a\u307e\u304b\u305b\uff08\u30b7\u30a7\u30d5\u306e\u304a\u3059\u3059\u3081\uff09\u300d\u3092\u63d0\u4f9b\u3059\u308b\u7279\u5225\u306a\u5e97\u306f\u82b8\u8853\u306e\u57df\u306b\u9054\u3057\u3066\u3044\u307e\u3059\u3002<\/li><li>\u65e5\u5e38\u306e\u5473: \u7f8e\u98df\u306f\u9ad8\u7d1a\u30ec\u30b9\u30c8\u30e9\u30f3\u3060\u3051\u306b\u9650\u3089\u308c\u307e\u305b\u3093\u3002\u99c5\u69cb\u5185\u3084\u8def\u5730\u88cf\u306b\u3042\u308b\u5c0f\u3055\u306a\u30e9\u30fc\u30e1\u30f3\u5e97\u306f\u3001\u8857\u3067\u6700\u3082\u89aa\u3057\u307e\u308c\u3066\u3044\u308b\u98df\u306e\u540d\u6240\u306e\u4e00\u3064\u3067\u3059\u3002 <\/li><li><strong>\u30b3\u30f3\u30d3\u30cb\uff08\u30b3\u30f3\u30d3\u30cb\u30a8\u30f3\u30b9\u30b9\u30c8\u30a2\uff09:<\/strong> \u30bb\u30d6\u30f3\u30a4\u30ec\u30d6\u30f3\u3084\u30d5\u30a1\u30df\u30ea\u30fc\u30de\u30fc\u30c8\u306a\u3069\u306e24\u6642\u9593\u55b6\u696d\u306e\u30b3\u30f3\u30d3\u30cb\u306f\u3001\u304a\u306b\u304e\u308a\u3084\u5f01\u5f53\u3068\u3044\u3063\u305f\u65b0\u9bae\u3067\u8cea\u306e\u9ad8\u3044\u8efd\u98df\u3092\u63d0\u4f9b\u3057\u3001\u65e5\u5e38\u751f\u6d3b\u306b\u6b20\u304b\u305b\u306a\u3044\u5b58\u5728\u3068\u306a\u3063\u3066\u3044\u307e\u3059\u3002<\/li><\/ul><p><strong> \u6df7\u6c8c\u306e\u4e2d\u306b\u3042\u308b\u7652\u3084\u3057\u306e\u30b9\u30dd\u30c3\u30c8<\/strong><\/p><p>\u3053\u306e\u6d3b\u6c17\u3042\u3075\u308c\u308b\u5927\u90fd\u5e02\u306b\u306f\u3001\u5fc3\u3092\u843d\u3061\u7740\u304b\u305b\u3001\u81ea\u7136\u3068\u89e6\u308c\u5408\u3044\u305f\u3044\u4eba\u3005\u306e\u305f\u3081\u306b\u3001\u9a5a\u304f\u307b\u3069\u8c4a\u304b\u306a\u7652\u3084\u3057\u306e\u7a7a\u9593\u3082\u5b58\u5728\u3057\u3066\u3044\u307e\u3059\u3002<\/p><ul><li>\u660e\u6cbb\u795e\u5bae\uff1a \u660e\u6cbb\u5929\u7687\u3092\u7940\u308b\u3053\u306e\u795e\u793e\u306f\u3001\u6570\u4e07\u672c\u306e\u6728\u3005\u306b\u56f2\u307e\u308c\u305f\u6df1\u3044\u68ee\u306e\u4e2d\u306b\u3042\u308a\u3001\u90fd\u5e02\u306e\u55a7\u9a12\u3092\u5b8c\u5168\u306b\u5fd8\u308c\u3055\u305b\u3066\u304f\u308c\u308b\u9759\u304b\u306a\u7a7a\u9593\u3067\u3059\u3002<\/li><li>\u65b0\u5bbf\u5fa1\u82d1\uff1a \u4f1d\u7d71\u7684\u306a\u65e5\u672c\u5ead\u5712\u3001\u30d5\u30e9\u30f3\u30b9\u5f0f\u5ead\u5712\u3001\u305d\u3057\u3066\u30a4\u30ae\u30ea\u30b9\u98a8\u306e\u829d\u751f\u304c\u878d\u5408\u3057\u305f\u3053\u306e\u5e83\u5927\u306a\u56fd\u7acb\u516c\u5712\u306f\u3001\u9ad8\u5c64\u30d3\u30eb\u306e\u3059\u3050\u305d\u3070\u306b\u4f4d\u7f6e\u3059\u308b\u30aa\u30a2\u30b7\u30b9\u306e\u3088\u3046\u306a\u5b58\u5728\u3067\u3059\u3002<\/li><\/ul><p>\u6771\u4eac\u306f\u3001\u7d76\u3048\u9593\u306a\u3044\u5909\u5316\u3068\u767a\u898b\u306e\u4f53\u9a13\u3092\u63d0\u4f9b\u3057\u3001\u30c6\u30af\u30ce\u30ed\u30b8\u30fc\u306e\u9650\u754c\u3092\u62bc\u3057\u5e83\u3052\u308b\u672a\u6765\u306e\u30d3\u30b8\u30e7\u30f3\u3068\u4f55\u5343\u5e74\u306b\u3082\u53ca\u3076\u4f1d\u7d71\u3078\u306e\u6df1\u3044\u656c\u610f\u304c\u878d\u5408\u3057\u305f\u3001\u4e16\u754c\u3067\u6700\u3082\u9b45\u529b\u7684\u306a\u89b3\u5149\u5730\u306e\u3072\u3068\u3064\u3067\u3059\u3002<\/p><\/div><\/div>\t\t\t\t\t\t\t\t<\/div>\n\t\t\t\t<\/div>\n\t\t\t\t<\/div>\n\t\t\t\t<\/div>\n\t\t","protected":false},"excerpt":{"rendered":"<p>\u6771\u4eac\uff1a\u4f1d\u7d71\u3068\u672a\u6765\u304c\u4ea4\u5dee\u3059\u308b\u5927\u90fd\u5e02 \u30db\u30fc\u30e0\u30da\u30fc\u30b8 \u6771\u4eac\uff1a\u4f1d\u7d71\u3068\u672a\u6765\u304c\u4ea4\u5dee\u3059\u308b\u5927\u90fd\u5e02 \u65e5\u672c\u306e\u9996\u90fd\u30fb\u6771\u4eac\u306f\u3001\u4eba\u53e31,400\u4e07\u4eba\u3092\u8d85\u3048\uff08\u9996\u90fd\u570f\u3067\u306f3,700\u4e07\u4eba\u4ee5\u4e0a\uff09\u3001\u4e16\u754c\u3067\u3082\u6700\u3082\u6d3b\u6c17\u306b\u6e80\u3061\u305f\u3001\u4eba\u53e3\u5bc6\u5ea6\u306e\u9ad8\u3044\u90fd\u5e02\u306e\u4e00\u3064\u3067\u3059\u3002\u5358\u306a [&hellip;]<\/p>\n","protected":false},"author":1,"featured_media":0,"parent":0,"menu_order":0,"comment_status":"closed","ping_status":"closed","template":"","meta":{"footnotes":""},"class_list":["post-6597","page","type-page","status-publish","hentry"],"_links":{"self":[{"href":"https:\/\/www.edusama.com\/ja\/wp-json\/wp\/v2\/pages\/6597","targetHints":{"allow":["GET"]}}],"collection":[{"href":"https:\/\/www.edusama.com\/ja\/wp-json\/wp\/v2\/pages"}],"about":[{"href":"https:\/\/www.edusama.com\/ja\/wp-json\/wp\/v2\/types\/page"}],"author":[{"embeddable":true,"href":"https:\/\/www.edusama.com\/ja\/wp-json\/wp\/v2\/users\/1"}],"replies":[{"embeddable":true,"href":"https:\/\/www.edusama.com\/ja\/wp-json\/wp\/v2\/comments?post=6597"}],"version-history":[{"count":4,"href":"https:\/\/www.edusama.com\/ja\/wp-json\/wp\/v2\/pages\/6597\/revisions"}],"predecessor-version":[{"id":7154,"href":"https:\/\/www.edusama.com\/ja\/wp-json\/wp\/v2\/pages\/6597\/revisions\/7154"}],"wp:attachment":[{"href":"https:\/\/www.edusama.com\/ja\/wp-json\/wp\/v2\/media?parent=6597"}],"curies":[{"name":"wp","href":"https:\/\/api.w.org\/{rel}","templated":true}]}}