{"id":6663,"date":"2025-11-19T17:57:30","date_gmt":"2025-11-19T17:57:30","guid":{"rendered":"https:\/\/www.edusama.com\/nagoya\/"},"modified":"2026-03-25T07:30:17","modified_gmt":"2026-03-25T07:30:17","slug":"nagoya","status":"publish","type":"page","link":"https:\/\/www.edusama.com\/en\/nagoya\/","title":{"rendered":"Nagoya"},"content":{"rendered":"\t\t<div data-elementor-type=\"wp-page\" data-elementor-id=\"6663\" class=\"elementor elementor-6663 elementor-5879\" data-elementor-post-type=\"page\">\n\t\t\t\t<div class=\"elementor-element elementor-element-247544a8 e-con-full e-flex e-con e-parent\" data-id=\"247544a8\" data-element_type=\"container\" data-settings=\"{&quot;background_background&quot;:&quot;classic&quot;}\">\n\t\t<div class=\"elementor-element elementor-element-5b391e08 e-con-full e-flex e-con e-child\" data-id=\"5b391e08\" data-element_type=\"container\">\n\t\t\t\t<div class=\"elementor-element elementor-element-7a14bcfb elementor-widget elementor-widget-heading\" data-id=\"7a14bcfb\" data-element_type=\"widget\" data-widget_type=\"heading.default\">\n\t\t\t\t\t<h2 class=\"elementor-heading-title elementor-size-default\">Nagoya: Japan\u2019s Industrial Powerhouse and Samurai Heritage<\/h2>\t\t\t\t<\/div>\n\t\t\t\t<div class=\"elementor-element elementor-element-75e90e70 elementor-icon-list--layout-inline elementor-align-center elementor-list-item-link-full_width elementor-widget elementor-widget-icon-list\" data-id=\"75e90e70\" data-element_type=\"widget\" data-widget_type=\"icon-list.default\">\n\t\t\t\t\t\t\t<ul class=\"elementor-icon-list-items elementor-inline-items\">\n\t\t\t\t\t\t\t<li class=\"elementor-icon-list-item elementor-inline-item\">\n\t\t\t\t\t\t\t\t\t\t\t<a href=\"https:\/\/www.edusama.com\/en\/\">\n\n\t\t\t\t\t\t\t\t\t\t\t<span class=\"elementor-icon-list-text\">Homepage<\/span>\n\t\t\t\t\t\t\t\t\t\t\t<\/a>\n\t\t\t\t\t\t\t\t\t<\/li>\n\t\t\t\t\t\t\t\t<li class=\"elementor-icon-list-item elementor-inline-item\">\n\t\t\t\t\t\t\t\t\t\t\t<span class=\"elementor-icon-list-icon\">\n\t\t\t\t\t\t\t<svg aria-hidden=\"true\" class=\"e-font-icon-svg e-fas-chevron-right\" viewBox=\"0 0 320 512\" xmlns=\"http:\/\/www.w3.org\/2000\/svg\"><path d=\"M285.476 272.971L91.132 467.314c-9.373 9.373-24.569 9.373-33.941 0l-22.667-22.667c-9.357-9.357-9.375-24.522-.04-33.901L188.505 256 34.484 101.255c-9.335-9.379-9.317-24.544.04-33.901l22.667-22.667c9.373-9.373 24.569-9.373 33.941 0L285.475 239.03c9.373 9.372 9.373 24.568.001 33.941z\"><\/path><\/svg>\t\t\t\t\t\t<\/span>\n\t\t\t\t\t\t\t\t\t\t<span class=\"elementor-icon-list-text\">Nagoya: Japan\u2019s Industrial Powerhouse and Samurai Heritage<\/span>\n\t\t\t\t\t\t\t\t\t<\/li>\n\t\t\t\t\t\t<\/ul>\n\t\t\t\t\t\t<\/div>\n\t\t\t\t<\/div>\n\t\t\t\t<\/div>\n\t\t<div class=\"elementor-element elementor-element-2d43c462 e-con-full e-flex e-con e-parent\" data-id=\"2d43c462\" data-element_type=\"container\">\n\t\t<div class=\"elementor-element elementor-element-7e4aa8c4 e-con-full e-flex e-con e-child\" data-id=\"7e4aa8c4\" data-element_type=\"container\">\n\t\t\t\t<div class=\"elementor-element elementor-element-33ca62b3 elementor-arrows-position-inside elementor-pagination-position-outside elementor-widget elementor-widget-image-carousel\" data-id=\"33ca62b3\" data-element_type=\"widget\" data-settings=\"{&quot;slides_to_show&quot;:&quot;1&quot;,&quot;navigation&quot;:&quot;both&quot;,&quot;autoplay&quot;:&quot;yes&quot;,&quot;pause_on_hover&quot;:&quot;yes&quot;,&quot;pause_on_interaction&quot;:&quot;yes&quot;,&quot;autoplay_speed&quot;:5000,&quot;infinite&quot;:&quot;yes&quot;,&quot;effect&quot;:&quot;slide&quot;,&quot;speed&quot;:500}\" data-widget_type=\"image-carousel.default\">\n\t\t\t\t\t\t\t<div class=\"elementor-image-carousel-wrapper swiper\" role=\"region\" aria-roledescription=\"carousel\" aria-label=\"Resim D\u00f6ng\u00fcs\u00fc\" dir=\"ltr\">\n\t\t\t<div class=\"elementor-image-carousel swiper-wrapper\" aria-live=\"off\">\n\t\t\t\t\t\t\t\t<div class=\"swiper-slide\" role=\"group\" aria-roledescription=\"slide\" aria-label=\"1 of 2\"><figure class=\"swiper-slide-inner\"><img decoding=\"async\" class=\"swiper-slide-image\" src=\"https:\/\/www.edusama.com\/wp-content\/uploads\/elementor\/thumbs\/Nagoya-2-scaled-rey3nhp4h0qxu0ds2pkz9d25upi8nqsh4azmyk5uu0.jpg\" alt=\"Nagoya, Japan city skyline at dusk.\" \/><\/figure><\/div><div class=\"swiper-slide\" role=\"group\" aria-roledescription=\"slide\" aria-label=\"2 of 2\"><figure class=\"swiper-slide-inner\"><img decoding=\"async\" class=\"swiper-slide-image\" src=\"https:\/\/www.edusama.com\/wp-content\/uploads\/elementor\/thumbs\/nagoya-rey3nq5o6j2iqi1hpb8mdsxb76cjl0q25gv0a1tba0.jpg\" alt=\"nagoya\" \/><\/figure><\/div>\t\t\t<\/div>\n\t\t\t\t\t\t\t\t\t\t\t\t<div class=\"elementor-swiper-button elementor-swiper-button-prev\" role=\"button\" tabindex=\"0\">\n\t\t\t\t\t\t<svg aria-hidden=\"true\" class=\"e-font-icon-svg e-eicon-chevron-left\" viewBox=\"0 0 1000 1000\" xmlns=\"http:\/\/www.w3.org\/2000\/svg\"><path d=\"M646 125C629 125 613 133 604 142L308 442C296 454 292 471 292 487 292 504 296 521 308 533L604 854C617 867 629 875 646 875 663 875 679 871 692 858 704 846 713 829 713 812 713 796 708 779 692 767L438 487 692 225C700 217 708 204 708 187 708 171 704 154 692 142 675 129 663 125 646 125Z\"><\/path><\/svg>\t\t\t\t\t<\/div>\n\t\t\t\t\t<div class=\"elementor-swiper-button elementor-swiper-button-next\" role=\"button\" tabindex=\"0\">\n\t\t\t\t\t\t<svg aria-hidden=\"true\" class=\"e-font-icon-svg e-eicon-chevron-right\" viewBox=\"0 0 1000 1000\" xmlns=\"http:\/\/www.w3.org\/2000\/svg\"><path d=\"M696 533C708 521 713 504 713 487 713 471 708 454 696 446L400 146C388 133 375 125 354 125 338 125 325 129 313 142 300 154 292 171 292 187 292 204 296 221 308 233L563 492 304 771C292 783 288 800 288 817 288 833 296 850 308 863 321 871 338 875 354 875 371 875 388 867 400 854L696 533Z\"><\/path><\/svg>\t\t\t\t\t<\/div>\n\t\t\t\t\n\t\t\t\t\t\t\t\t\t<div class=\"swiper-pagination\"><\/div>\n\t\t\t\t\t\t\t\t\t<\/div>\n\t\t\t\t\t\t<\/div>\n\t\t\t\t<div class=\"elementor-element elementor-element-c5ea86f elementor-widget elementor-widget-text-editor\" data-id=\"c5ea86f\" data-element_type=\"widget\" data-widget_type=\"text-editor.default\">\n\t\t\t\t\t\t\t\t\t<p>Nagoya, Japan\u2019s fourth-largest city and the capital of Aichi Prefecture, is located at the very heart of the country, strategically positioned between Tokyo and Osaka. In addition to being one of Japan\u2019s strongest industrial engines, it is also the hometown of three great feudal lords who unified the nation (Oda Nobunaga, Toyotomi Hideyoshi, and Tokugawa Ieyasu), giving the city a deep-rooted samurai heritage.<br \/>Nagoya is a pragmatic and powerful metropolis that brings together futuristic industrial facilities, magnificently reconstructed castles, and a distinctive, rich culinary culture.<\/p><p><strong>The Rhythm of the City: Pragmatism, Production, and Local Pride<br \/><\/strong>The rhythm of daily life in Nagoya is built around \u201cproduction\u201d and \u201cefficiency.\u201d<strong><br \/>\u2022 Industrial Heart: <\/strong>Home to the headquarters of the globally renowned Toyota Motor Corporation as well as numerous automotive and aerospace (Mitsubishi) companies, Nagoya is Japan\u2019s manufacturing and engineering hub. This has shaped the city\u2019s lifestyle with a hardworking and pragmatic character.<strong><br \/>\u2022 Central Transportation Hub: <\/strong>Its central location within Japan makes the city a vital logistics and transportation center, including the Shinkansen high-speed rail line.<strong><br \/>\u2022 Strong Local Identity: <\/strong>The people of Nagoya take pride in their unique culture, dialect, and especially their cuisine, which is distinctly different from that of Tokyo or Osaka. It is a place with an original identity that refuses to live in the shadow of other major cities.<\/p><p><strong>Where History and Technology Meet<br \/><\/strong>Nagoya presents its industrial legacy and feudal past side by side.<\/p><p><strong>Nagoya Castle (Nagoya-j\u014d)<br \/><\/strong>Built by Tokugawa Ieyasu, this castle is the city\u2019s most important symbol. Although it was destroyed during World War II, it has been faithfully reconstructed. The legendary golden shachihoko (tiger-headed carp) figures adorning the roof symbolize the city\u2019s wealth and power.<\/p><p><strong>Atsuta Jingu (Atsuta Shrine)<br \/><\/strong>One of Japan\u2019s most sacred Shinto shrines, it is believed to house the legendary Kusanagi-no-Tsurugi (Grass-Cutting Sword), one of the three Imperial Regalia of Japan. The shrine\u2019s vast, forested grounds form a peaceful oasis in the middle of the city.<\/p><p><strong>Osu Kannon and Shopping District<br \/><\/strong>Developed around Osu Kannon Temple, this area resembles a blend of Tokyo\u2019s Akihabara and Asakusa. Alongside traditional temples, its covered shotengai (shopping arcades) are a hub for pop culture, electronics, second-hand clothing, and street food.<\/p><p><strong>Sakae District<br \/><\/strong>This is Nagoya\u2019s modern shopping and entertainment center. It features contemporary architectural landmarks such as Oasis 21, a futuristic glass-roofed terminal and park floating above water, and the Nagoya TV Tower.<\/p><p><strong>Cuisine: The Unique and Rich \u201cNagoya Meshi\u201d<br \/><\/strong>Perhaps Nagoya\u2019s most distinctive feature is its unique and flavorful cuisine known as Nagoya Meshi. This cuisine often relies on bold flavors such as hatcho miso, a dark and richly fermented soybean paste.<strong><br \/>\u2022 Miso Katsu: <\/strong>Traditional tonkatsu (breaded pork cutlet) served with a sweet and rich red miso sauce poured on top.<strong><br \/>\u2022 Hitsumabushi: <\/strong>A grilled eel (unagi) dish served over rice, famous for being eaten in three stages: first plain, then with condiments such as green onions and wasabi, and finally with dashi broth or tea poured over it.<strong><br \/>\u2022 Tebasaki: <\/strong>Crispy, spicy, and flavorful fried chicken wings.<strong><br \/>\u2022 Kishimen: <\/strong>A type of noodle flatter and wider than traditional udon, with a distinctive texture.<\/p><p>Nagoya may not be as flashy as Tokyo or as historically elegant as Kyoto, but it is an authentic and significant city that forms the backbone of Japan\u2019s economic power, with a rich history and one of the country\u2019s most distinctive culinary cultures.<\/p>\t\t\t\t\t\t\t\t<\/div>\n\t\t\t\t<\/div>\n\t\t\t\t<\/div>\n\t\t\t\t<\/div>\n\t\t","protected":false},"excerpt":{"rendered":"<p>Nagoya: Japan\u2019s Industrial Powerhouse and Samurai Heritage Homepage Nagoya: Japan\u2019s Industrial Powerhouse and Samurai Heritage Nagoya, Japan\u2019s fourth-largest city and the capital of Aichi Prefecture, is located at the very heart of the country, strategically positioned between Tokyo and Osaka. In addition to being one of Japan\u2019s strongest industrial engines, it is also the hometown [&hellip;]<\/p>\n","protected":false},"author":1,"featured_media":0,"parent":0,"menu_order":0,"comment_status":"closed","ping_status":"closed","template":"","meta":{"footnotes":""},"class_list":["post-6663","page","type-page","status-publish","hentry"],"_links":{"self":[{"href":"https:\/\/www.edusama.com\/en\/wp-json\/wp\/v2\/pages\/6663","targetHints":{"allow":["GET"]}}],"collection":[{"href":"https:\/\/www.edusama.com\/en\/wp-json\/wp\/v2\/pages"}],"about":[{"href":"https:\/\/www.edusama.com\/en\/wp-json\/wp\/v2\/types\/page"}],"author":[{"embeddable":true,"href":"https:\/\/www.edusama.com\/en\/wp-json\/wp\/v2\/users\/1"}],"replies":[{"embeddable":true,"href":"https:\/\/www.edusama.com\/en\/wp-json\/wp\/v2\/comments?post=6663"}],"version-history":[{"count":16,"href":"https:\/\/www.edusama.com\/en\/wp-json\/wp\/v2\/pages\/6663\/revisions"}],"predecessor-version":[{"id":7234,"href":"https:\/\/www.edusama.com\/en\/wp-json\/wp\/v2\/pages\/6663\/revisions\/7234"}],"wp:attachment":[{"href":"https:\/\/www.edusama.com\/en\/wp-json\/wp\/v2\/media?parent=6663"}],"curies":[{"name":"wp","href":"https:\/\/api.w.org\/{rel}","templated":true}]}}