{"id":6595,"date":"2025-11-19T17:41:33","date_gmt":"2025-11-19T17:41:33","guid":{"rendered":"https:\/\/www.edusama.com\/tokyo\/"},"modified":"2026-03-25T07:09:03","modified_gmt":"2026-03-25T07:09:03","slug":"tokyo","status":"publish","type":"page","link":"https:\/\/www.edusama.com\/en\/tokyo\/","title":{"rendered":"Tokyo"},"content":{"rendered":"\t\t<div data-elementor-type=\"wp-page\" data-elementor-id=\"6595\" class=\"elementor elementor-6595 elementor-5804\" data-elementor-post-type=\"page\">\n\t\t\t\t<div class=\"elementor-element elementor-element-9fa4aee e-con-full e-flex e-con e-parent\" data-id=\"9fa4aee\" data-element_type=\"container\" data-settings=\"{&quot;background_background&quot;:&quot;classic&quot;}\">\n\t\t<div class=\"elementor-element elementor-element-ef76a81 e-con-full e-flex e-con e-child\" data-id=\"ef76a81\" data-element_type=\"container\">\n\t\t\t\t<div class=\"elementor-element elementor-element-5f11005 elementor-widget elementor-widget-heading\" data-id=\"5f11005\" data-element_type=\"widget\" data-widget_type=\"heading.default\">\n\t\t\t\t\t<h2 class=\"elementor-heading-title elementor-size-default\">Tokyo: Where Tradition and the Future Intersect<\/h2>\t\t\t\t<\/div>\n\t\t\t\t<div class=\"elementor-element elementor-element-dbe604d elementor-icon-list--layout-inline elementor-align-center elementor-list-item-link-full_width elementor-widget elementor-widget-icon-list\" data-id=\"dbe604d\" data-element_type=\"widget\" data-widget_type=\"icon-list.default\">\n\t\t\t\t\t\t\t<ul class=\"elementor-icon-list-items elementor-inline-items\">\n\t\t\t\t\t\t\t<li class=\"elementor-icon-list-item elementor-inline-item\">\n\t\t\t\t\t\t\t\t\t\t\t<a href=\"https:\/\/www.edusama.com\/en\/\">\n\n\t\t\t\t\t\t\t\t\t\t\t<span class=\"elementor-icon-list-text\">Homepage<\/span>\n\t\t\t\t\t\t\t\t\t\t\t<\/a>\n\t\t\t\t\t\t\t\t\t<\/li>\n\t\t\t\t\t\t\t\t<li class=\"elementor-icon-list-item elementor-inline-item\">\n\t\t\t\t\t\t\t\t\t\t\t<span class=\"elementor-icon-list-icon\">\n\t\t\t\t\t\t\t<svg aria-hidden=\"true\" class=\"e-font-icon-svg e-fas-chevron-right\" viewBox=\"0 0 320 512\" xmlns=\"http:\/\/www.w3.org\/2000\/svg\"><path d=\"M285.476 272.971L91.132 467.314c-9.373 9.373-24.569 9.373-33.941 0l-22.667-22.667c-9.357-9.357-9.375-24.522-.04-33.901L188.505 256 34.484 101.255c-9.335-9.379-9.317-24.544.04-33.901l22.667-22.667c9.373-9.373 24.569-9.373 33.941 0L285.475 239.03c9.373 9.372 9.373 24.568.001 33.941z\"><\/path><\/svg>\t\t\t\t\t\t<\/span>\n\t\t\t\t\t\t\t\t\t\t<span class=\"elementor-icon-list-text\">Tokyo: Where Tradition and the Future Intersect<\/span>\n\t\t\t\t\t\t\t\t\t<\/li>\n\t\t\t\t\t\t<\/ul>\n\t\t\t\t\t\t<\/div>\n\t\t\t\t<\/div>\n\t\t\t\t<\/div>\n\t\t<div class=\"elementor-element elementor-element-04e600e e-con-full e-flex e-con e-parent\" data-id=\"04e600e\" data-element_type=\"container\">\n\t\t<div class=\"elementor-element elementor-element-7986b73 e-con-full e-flex e-con e-child\" data-id=\"7986b73\" data-element_type=\"container\">\n\t\t\t\t<div class=\"elementor-element elementor-element-af64585 elementor-arrows-position-inside elementor-pagination-position-outside elementor-widget elementor-widget-image-carousel\" data-id=\"af64585\" data-element_type=\"widget\" data-settings=\"{&quot;slides_to_show&quot;:&quot;1&quot;,&quot;navigation&quot;:&quot;both&quot;,&quot;autoplay&quot;:&quot;yes&quot;,&quot;pause_on_hover&quot;:&quot;yes&quot;,&quot;pause_on_interaction&quot;:&quot;yes&quot;,&quot;autoplay_speed&quot;:5000,&quot;infinite&quot;:&quot;yes&quot;,&quot;effect&quot;:&quot;slide&quot;,&quot;speed&quot;:500}\" data-widget_type=\"image-carousel.default\">\n\t\t\t\t\t\t\t<div class=\"elementor-image-carousel-wrapper swiper\" role=\"region\" aria-roledescription=\"carousel\" aria-label=\"Resim D\u00f6ng\u00fcs\u00fc\" dir=\"ltr\">\n\t\t\t<div class=\"elementor-image-carousel swiper-wrapper\" aria-live=\"off\">\n\t\t\t\t\t\t\t\t<div class=\"swiper-slide\" role=\"group\" aria-roledescription=\"slide\" aria-label=\"1 of 6\"><figure class=\"swiper-slide-inner\"><img decoding=\"async\" class=\"swiper-slide-image\" src=\"https:\/\/www.edusama.com\/wp-content\/uploads\/elementor\/thumbs\/Tokyo-6-scaled-rey32d9ow1tyxh2cf2vsq6y99zmaolxmjr7tpphcns.jpg\" alt=\"Tokyo, Japan cityscape and tower at dusk from the Ebisu district.\" \/><\/figure><\/div><div class=\"swiper-slide\" role=\"group\" aria-roledescription=\"slide\" aria-label=\"2 of 6\"><figure class=\"swiper-slide-inner\"><img decoding=\"async\" class=\"swiper-slide-image\" src=\"https:\/\/www.edusama.com\/wp-content\/uploads\/elementor\/thumbs\/Tokyo-4-scaled-rey31clzhifscojld51ciy7a3ymzcew3eprvzwzpeg.jpg\" alt=\"Tokyo - 4\" \/><\/figure><\/div><div class=\"swiper-slide\" role=\"group\" aria-roledescription=\"slide\" aria-label=\"3 of 6\"><figure class=\"swiper-slide-inner\"><img decoding=\"async\" class=\"swiper-slide-image\" src=\"https:\/\/www.edusama.com\/wp-content\/uploads\/elementor\/thumbs\/Tokyo-5-scaled-rey30rxjb5nh99dmpw3k03f51hgwn2lzzvf7ftud7c.jpg\" alt=\"Panorama of tokyo cityscape and rainbow bridge at night.\" \/><\/figure><\/div><div class=\"swiper-slide\" role=\"group\" aria-roledescription=\"slide\" aria-label=\"4 of 6\"><figure class=\"swiper-slide-inner\"><img decoding=\"async\" class=\"swiper-slide-image\" src=\"https:\/\/www.edusama.com\/wp-content\/uploads\/elementor\/thumbs\/Tokyo-2-scaled-rey30ersnh5gqpwquqes16qoq39rnb5ra2aepydvmg.jpg\" alt=\"Aerial view of Tokyo cityscape with Fuji mountain in Japan.\" \/><\/figure><\/div><div class=\"swiper-slide\" role=\"group\" aria-roledescription=\"slide\" aria-label=\"5 of 6\"><figure class=\"swiper-slide-inner\"><img decoding=\"async\" class=\"swiper-slide-image\" src=\"https:\/\/www.edusama.com\/wp-content\/uploads\/elementor\/thumbs\/Tokyo-1-scaled-rey2zv16nyefywpf1zvm2tq08zz25nze7cl7n57594.jpg\" alt=\"Tokyo - 1\" \/><\/figure><\/div><div class=\"swiper-slide\" role=\"group\" aria-roledescription=\"slide\" aria-label=\"6 of 6\"><figure class=\"swiper-slide-inner\"><img decoding=\"async\" class=\"swiper-slide-image\" src=\"https:\/\/www.edusama.com\/wp-content\/uploads\/elementor\/thumbs\/Tokyo-3-scaled-rey2zfzrmltut5b9htdkyximqu16qibota5fyptg0o.jpg\" alt=\"Tokyo skyline with Tokyo tower and rainbow bridge. Tokyo, Japan.\" \/><\/figure><\/div>\t\t\t<\/div>\n\t\t\t\t\t\t\t\t\t\t\t\t<div class=\"elementor-swiper-button elementor-swiper-button-prev\" role=\"button\" tabindex=\"0\">\n\t\t\t\t\t\t<svg aria-hidden=\"true\" class=\"e-font-icon-svg e-eicon-chevron-left\" viewBox=\"0 0 1000 1000\" xmlns=\"http:\/\/www.w3.org\/2000\/svg\"><path d=\"M646 125C629 125 613 133 604 142L308 442C296 454 292 471 292 487 292 504 296 521 308 533L604 854C617 867 629 875 646 875 663 875 679 871 692 858 704 846 713 829 713 812 713 796 708 779 692 767L438 487 692 225C700 217 708 204 708 187 708 171 704 154 692 142 675 129 663 125 646 125Z\"><\/path><\/svg>\t\t\t\t\t<\/div>\n\t\t\t\t\t<div class=\"elementor-swiper-button elementor-swiper-button-next\" role=\"button\" tabindex=\"0\">\n\t\t\t\t\t\t<svg aria-hidden=\"true\" class=\"e-font-icon-svg e-eicon-chevron-right\" viewBox=\"0 0 1000 1000\" xmlns=\"http:\/\/www.w3.org\/2000\/svg\"><path d=\"M696 533C708 521 713 504 713 487 713 471 708 454 696 446L400 146C388 133 375 125 354 125 338 125 325 129 313 142 300 154 292 171 292 187 292 204 296 221 308 233L563 492 304 771C292 783 288 800 288 817 288 833 296 850 308 863 321 871 338 875 354 875 371 875 388 867 400 854L696 533Z\"><\/path><\/svg>\t\t\t\t\t<\/div>\n\t\t\t\t\n\t\t\t\t\t\t\t\t\t<div class=\"swiper-pagination\"><\/div>\n\t\t\t\t\t\t\t\t\t<\/div>\n\t\t\t\t\t\t<\/div>\n\t\t\t\t<div class=\"elementor-element elementor-element-c1fb000 elementor-widget elementor-widget-text-editor\" data-id=\"c1fb000\" data-element_type=\"widget\" data-widget_type=\"text-editor.default\">\n\t\t\t\t\t\t\t\t\t<div class=\"wpb_text_column wpb_content_element\"><div class=\"wpb_wrapper\"><p>Tokyo, the capital of Japan, is one of the world\u2019s most dynamic and densely populated urban centers, with a population exceeding 14 million (over 37 million in the metropolitan area). More than just a city, Tokyo is a vast living space where districts with distinct and unique identities come together. While pushing the boundaries of modernity, it remains a truly exceptional destination that has succeeded in carefully preserving its centuries-old traditions. <\/p><p>The city creates a captivating balance between futuristic skyscrapers, neon-lit streets, and advanced technology on one side, and wooden temples, serene Zen gardens, and age-old rituals on the other.<\/p><p><strong>The Rhythm of the City: Order, Speed, and Efficiency\u015eehrin Ritmi: D\u00fczen, H\u0131z ve Verimlilik<\/strong><\/p><p>Daily life in Tokyo flows with a rhythm that can be described as \u201corganized chaos.\u201d<\/p><ul><li><strong>Punctuality and Transportation:<\/strong> The city has one of the world\u2019s most advanced, efficient, and punctual public transportation networks. Train and subway systems carry millions of people every day with precision measured in seconds. This punctuality extends beyond public transport and is reflected in all areas of social life, from commuting to business culture.  <\/li><li><strong><em>Social Life and Work Culture<\/em>:<\/strong> An intense work pace is an integral part of the city\u2019s DNA. After work hours, izakayas (traditional Japanese pubs) and restaurants fill with employees who gather to socialize and unwind after a long day. <\/li><li><strong><em>Public Space and Respect: <\/em><\/strong>One of Tokyo\u2019s most striking features is the sense of public order and quiet maintained despite massive crowds. People place great importance on the principle of not causing inconvenience to others (meiwaku). <\/li><\/ul><p><br><strong> Each a World of Its Own: Tokyo\u2019s Iconic Districts<\/strong><\/p><p>To truly understand Tokyo, it must be seen not as a single city, but as a collection of neighborhoods, each with its own distinct character.<\/p><p><strong>Shinjuku<\/strong><\/p><p>It is one of Tokyo\u2019s administrative and commercial centers. While the western side is home to massive skyscrapers such as the Tokyo Metropolitan Government Building, the eastern side offers a vibrant nightlife with the neon-lit Kabukicho entertainment district and the narrow, nostalgic bars of Golden Gai. The world\u2019s busiest train station is also located here.  <\/p><p><strong>Shibuya<\/strong><\/p><p>It is the heart of youth culture and fashion. The world-famous \u201cShibuya Scramble Crossing\u201d is a symbolic landmark that captures the city\u2019s energy, where hundreds of people cross simultaneously in an organized flow. <\/p><p><strong>Asakusa<\/strong><\/p><p>Asakusa is one of the districts that best reflects the spirit of Tokyo\u2019s historical Edo period. Home to the city\u2019s oldest temple, the magnificent Senso-ji, with its giant red lantern at Kaminarimon and the traditional market street leading to the temple, Nakamise-dori, offers visitors a journey back in time. <\/p><p><strong>Akihabara<\/strong><\/p><p>Known as \u201cElectric Town,\u201d Akihabara is the global center of modern Japanese pop culture, including anime, manga, and video games. With its multi-story electronics stores, themed caf\u00e9s, and game arcades, the district has a truly distinctive atmosphere. <\/p><p><strong>Ginza<\/strong><\/p><p>Ginza is the center of luxury shopping, sophisticated dining, and art galleries. Home to flagship stores of world-renowned brands, the district represents Tokyo\u2019s modern elegance and economic strength. <\/p><p>\ud83c\udf63 Tokyo: A Global Gastronomy Hub<\/p><p>Tokyo is a gastronomic capital, recognized as the city with the highest number of Michelin-starred restaurants in the world.<\/p><ul><li><strong>Fine Dining: <\/strong>Sushi and sashimi prepared with fresh ingredients sourced from Toyosu Fish Market are elevated into an art form at exclusive restaurants offering omakase (chef\u2019s choice) experiences.<\/li><li><strong>Everyday Flavors:<\/strong> Gastronomy is not limited to high-end restaurants. Small ramen (noodle soup) shops found in train stations or side streets are among the city\u2019s most beloved food spots. <\/li><li><strong>Konbini (Convenience Stores):<\/strong> Open 24 hours a day, convenience stores such as 7-Eleven and FamilyMart have become an essential part of daily life, offering fresh, high-quality quick meals like onigiri (rice balls) and bento (boxed meals).<\/li><\/ul><p><strong> Peaceful Spots Within the Chaos<\/strong><\/p><p>This vibrant metropolis offers a surprisingly rich variety of sanctuaries for those seeking calm and a connection with nature.<\/p><ul><li>\u00b7<strong>Meiji Jingu:<\/strong> Dedicated to Emperor Meiji, this shrine is located within a dense forest of tens of thousands of trees, offering a peaceful atmosphere that completely shuts out the city\u2019s noise.<\/li><li><strong>Shinjuku Gyoen:<\/strong> This vast national park brings together a traditional Japanese garden, French-style landscaping, and English-style lawns, functioning as a true oasis right next to the skyscrapers.<\/li><\/ul><p>Tokyo offers a constant experience of change and discovery; it is one of the world\u2019s most captivating destinations, blending a future vision that pushes the boundaries of technology with a deep respect for traditions spanning thousands of years.<\/p><\/div><\/div>\t\t\t\t\t\t\t\t<\/div>\n\t\t\t\t<\/div>\n\t\t\t\t<\/div>\n\t\t\t\t<\/div>\n\t\t","protected":false},"excerpt":{"rendered":"<p>Tokyo: Where Tradition and the Future Intersect Homepage Tokyo: Where Tradition and the Future Intersect Tokyo, the capital of Japan, is one of the world\u2019s most dynamic and densely populated urban centers, with a population exceeding 14 million (over 37 million in the metropolitan area). More than just a city, Tokyo is a vast living [&hellip;]<\/p>\n","protected":false},"author":1,"featured_media":0,"parent":0,"menu_order":0,"comment_status":"closed","ping_status":"closed","template":"","meta":{"footnotes":""},"class_list":["post-6595","page","type-page","status-publish","hentry"],"_links":{"self":[{"href":"https:\/\/www.edusama.com\/en\/wp-json\/wp\/v2\/pages\/6595","targetHints":{"allow":["GET"]}}],"collection":[{"href":"https:\/\/www.edusama.com\/en\/wp-json\/wp\/v2\/pages"}],"about":[{"href":"https:\/\/www.edusama.com\/en\/wp-json\/wp\/v2\/types\/page"}],"author":[{"embeddable":true,"href":"https:\/\/www.edusama.com\/en\/wp-json\/wp\/v2\/users\/1"}],"replies":[{"embeddable":true,"href":"https:\/\/www.edusama.com\/en\/wp-json\/wp\/v2\/comments?post=6595"}],"version-history":[{"count":4,"href":"https:\/\/www.edusama.com\/en\/wp-json\/wp\/v2\/pages\/6595\/revisions"}],"predecessor-version":[{"id":7221,"href":"https:\/\/www.edusama.com\/en\/wp-json\/wp\/v2\/pages\/6595\/revisions\/7221"}],"wp:attachment":[{"href":"https:\/\/www.edusama.com\/en\/wp-json\/wp\/v2\/media?parent=6595"}],"curies":[{"name":"wp","href":"https:\/\/api.w.org\/{rel}","templated":true}]}}